{"id":1218,"date":"2021-01-18T12:24:20","date_gmt":"2021-01-18T11:24:20","guid":{"rendered":"https:\/\/mpk.kielce.pl\/mpk\/?page_id=1218"},"modified":"2021-08-25T13:45:40","modified_gmt":"2021-08-25T11:45:40","slug":"rozwijanie-umiejetnosci-zawodowych-uczniow-klas-patronackich-mpk-kielce-w-technikum-w-powiatowym-zespole-szkol-w-chmielniku","status":"publish","type":"page","link":"https:\/\/mpk.kielce.pl\/mpk\/rozwijanie-umiejetnosci-zawodowych-uczniow-klas-patronackich-mpk-kielce-w-technikum-w-powiatowym-zespole-szkol-w-chmielniku\/","title":{"rendered":"Rozwijanie umiej\u0119tno\u015bci zawodowych uczni\u00f3w klas patronackich MPK Kielce w Technikum w Powiatowym Zespole Szk\u00f3\u0142 w Chmielniku"},"content":{"rendered":"\n<p>Projekt \u201eRozwijanie umiej\u0119tno\u015bci zawodowych uczni\u00f3w klas patronackich MPK Kielce w Technikum w Powiatowym Zespole Szk\u00f3\u0142 w Chmielniku\u201d realizowany jest w ramach Regionalnego Programu Operacyjnego Wojew\u00f3dztwa \u015awi\u0119tokrzyskiego na lata 2014-2020, O\u015b priorytetowa: RPSW.08.00.00 Rozw\u00f3j edukacji i aktywne spo\u0142ecze\u0144stwo, Dzia\u0142anie: PSW.08.05.00 Rozw\u00f3j i wysoka jako\u015b\u0107 szkolnictwa zawodowego i kszta\u0142cenia, ustawicznego, Poddzia\u0142anie: RPSW.08.05.03 RPSW.08.05.01 Podniesienie jako\u015bci kszta\u0142cenia zawodowego oraz wsparcie na rzecz tworzenia i rozwoju CKZiU<\/p>\n\n\n\n<p>W ramach projektu przewiduje si\u0119:<\/p>\n\n\n\n<p>\u2013&nbsp;dualne kszta\u0142cenie (teoria + praktyka) 60 uczni\u00f3w klas patronackich MPK kszta\u0142c\u0105cych si\u0119 w zawodzie technik pojazd\u00f3w samochodowych w Technikum w Powiatowym Zespole Szk\u00f3\u0142 w Chmielniku,<\/p>\n\n\n\n<p>\u2013&nbsp;specjalistyczne szkolenia wyjazdowe dla uczni\u00f3w klas patronackich MPK Kielce w Technikum w Powiatowym Zespole Szk\u00f3\u0142 w Chmielniku (60 m\u0119\u017cczyzn) i ich nauczycieli (3 m\u0119\u017cczyzn i 1 kobieta),<\/p>\n\n\n\n<p>\u2013&nbsp;sta\u017ce dla uczni\u00f3w klas patronackich MPK Kielce w Technikum w Powiatowym Zespole Szk\u00f3\u0142 w Chmielniku (60 m\u0119\u017cczyzn),<\/p>\n\n\n\n<p>&#8211; sta\u017ce dla nauczycieli klas patronackich MPK Kielce w Technikum w Powiatowym Zespole Szk\u00f3\u0142 w Chmielniku (3 m\u0119\u017cczyzn i 1 kobieta)<\/p>\n\n\n\n<p>&#8211; studia podyplomowe dla nauczycieli klas patronackich MPK Kielce w Technikum w Powiatowym Zespole Szk\u00f3\u0142 w Chmielniku (1 m\u0119\u017cczyzna i 1 kobieta).<\/p>\n\n\n\n<p>Celem g\u0142\u00f3wnym projektu jest lepsze dopasowywanie system\u00f3w kszta\u0142cenia i szkolenia do potrzeb rynku pracy, u\u0142atwianie przechodzenia z etapu kszta\u0142cenia do etapu zatrudnienia oraz wzmacnianie system\u00f3w kszta\u0142cenia i szkolenia zawodowego i ich jako\u015bci 3 klas patronackich 60 uczni\u00f3w Technikum w Powiatowym Zespole Szk\u00f3\u0142 w Chmielniku &#8211; 60 m\u0119\u017cczyzn w tym w roku szkolnym 2020\/2021:<\/p>\n\n\n\n<p>16 uczni\u00f3w klasy 2 Technikum po Gimnazjum,<\/p>\n\n\n\n<p>24 uczni\u00f3w klasy 2 Technikum po Szkole Podstawowej,<\/p>\n\n\n\n<p>20 uczni\u00f3w klasy 1 po Szkole Podstawowej,<\/p>\n\n\n\n<p>kszta\u0142c\u0105cych si\u0119 w zawodzie technik pojazd\u00f3w samochodowych, zamieszka\u0142ych lub kszta\u0142c\u0105cych si\u0119 na terenie wojew\u00f3dztwa \u015bwi\u0119tokrzyskiego kszta\u0142c\u0105cych si\u0119 w klasach patronackich MPK Kielce. Cel zostanie osi\u0105gni\u0119ty w okresie realizacji projektu.<\/p>\n\n\n\n<p>Projekt zak\u0142ada osi\u0105gni\u0119cie nast\u0119puj\u0105cych wska\u017anik\u00f3w produktu:<\/p>\n\n\n\n<p>Liczba uczni\u00f3w obj\u0119tych wsparciem w zakresie rozwijania kompetencji kluczowych lub umiej\u0119tno\u015bci uniwersalnych w programie &#8211; 60 m\u0119\u017cczyzn<\/p>\n\n\n\n<p>Liczba nauczycieli kszta\u0142cenia zawodowego oraz instruktor\u00f3w praktycznej nauki zawodu obj\u0119tych wsparciem w programie [osoby] &#8211; 4 osoby (1 kobieta i 3 m\u0119\u017cczyzn)<\/p>\n\n\n\n<p>Liczba szk\u00f3\u0142 i plac\u00f3wek kszta\u0142cenia zawodowego doposa\u017conych w programie w sprz\u0119t i materia\u0142y dydaktyczne niezb\u0119dne do realizacji kszta\u0142cenia zawodowego [szt.] \u2013 1<\/p>\n\n\n\n<p>Liczba uczni\u00f3w szk\u00f3\u0142 i plac\u00f3wek kszta\u0142cenia zawodowego uczestnicz\u0105cych w sta\u017cach i praktykach u pracodawcy [osoby] &#8211; 60 m\u0119\u017cczyzn<\/p>\n\n\n\n<p>Projekt zak\u0142ada osi\u0105gni\u0119cie nast\u0119puj\u0105cych wska\u017anik\u00f3w rezultatu:<\/p>\n\n\n\n<p>Liczba uczni\u00f3w, kt\u00f3rzy nabyli kompetencje kluczowe lub umiej\u0119tno\u015bci uniwersalne po opuszczeniu programu \u2013 60 m\u0119\u017cczyzn<\/p>\n\n\n\n<p>Liczba szk\u00f3\u0142 i plac\u00f3wek kszta\u0142cenia zawodowego wykorzystuj\u0105cych doposa\u017cenie zakupione dzi\u0119ki EFS [szt.] \u2013 1<\/p>\n\n\n\n<p>Liczba nauczycieli kszta\u0142cenia zawodowego oraz instruktor\u00f3w praktycznej nauki zawodu, kt\u00f3rzy uzyskali kwalifikacje lub nabyli kompetencje po opuszczeniu programu [osoby] \u2013 4 osoby (1 kobieta i 3 m\u0119\u017cczyzn)<\/p>\n\n\n\n<p>Koszty ca\u0142kowite projektu to: 1 251 982,90 z\u0142.<br>Udzia\u0142 dofinansowania: 1 129 822,90 z\u0142.<br>Projekt realizowany od 17.01.2021 do 31.08.2022.<\/p>\n\n\n\n<p><\/p>\n\n\n\n<p class=\"has-vivid-cyan-blue-color has-text-color\"><a href=\"https:\/\/mpk.kielce.pl\/mpk\/wp-content\/uploads\/2020\/03\/zapytanie1.pdf\">ZAPYTANIE OFERTOWE NR 1\/MPK\/RUZUKPMPKKWTWPZSWCH\/2021<\/a><br><a href=\"https:\/\/mpk.kielce.pl\/mpk\/wp-content\/uploads\/2020\/03\/zapytanie2.pdf\">ZAPYTANIE OFERTOWE NR 2 MPK\/RUZUKPMPKKWTWPZSWCH\/2021<\/a><br><a href=\"https:\/\/mpk.kielce.pl\/mpk\/wp-content\/uploads\/2020\/03\/zapytanie3.pdf\">ZAPYTANIE OFERTOWE NR 3\/MPK\/RUZUKPMPKKWTWPZSWCH\/2021<\/a><br><a href=\"https:\/\/mpk.kielce.pl\/mpk\/wp-content\/uploads\/2020\/03\/zapytanie4.pdf\">ZAPYTANIE OFERTOWE NR 4\/MPK\/RUZUKPMPKKWTWPZSWCH\/2021<\/a><br><a href=\"https:\/\/mpk.kielce.pl\/mpk\/wp-content\/uploads\/2020\/03\/zapytanie5.pdf\">ZAPYTANIE OFERTOWE NR 5\/MPK\/RUZUKPMPKKWTWPZSWCH\/2021<\/a><br><a href=\"https:\/\/mpk.kielce.pl\/mpk\/wp-content\/uploads\/2020\/03\/zapytanie6.pdf\">ZAPYTANIE OFERTOWE NR 6\/MPK\/RUZUKPMPKKWTWPZSWCH\/2021<\/a><\/p>\n\n\n\n<p class=\"has-vivid-cyan-blue-color has-text-color\"><a href=\"https:\/\/mpk.kielce.pl\/mpk\/wp-content\/uploads\/2020\/03\/zapytanie7.pdf\">ZAPYTANIE OFERTOWE NR 7 MPK\/RUZUKPMPKKWTWPZSWCH\/2021 NA ZAKUP SPECJALISTYCZNYCH OLEI<\/a><br><a href=\"https:\/\/mpk.kielce.pl\/mpk\/wp-content\/uploads\/2020\/03\/zapytanie8.pdf\">ZAPYTANIE OFERTOWE NR 8\/MPK\/RUZUKPMPKKWTWPZSWCH\/2021 NA ZAKUP SPECJALISTYCZNYCH SMAR\u00d3W<\/a><br><a href=\"https:\/\/mpk.kielce.pl\/mpk\/wp-content\/uploads\/2020\/03\/zapytanie9.pdf\">ZAPYTANIE OFERTOWE NR 9\/MPK\/RUZUKPMPKKWTWPZSWCH\/2021 NA ZAKUP NARZ\u0118DZI<\/a><br><a href=\"https:\/\/mpk.kielce.pl\/mpk\/wp-content\/uploads\/2020\/03\/zapytanie10.pdf\">ZAPYTANIE OFERTOWE NR 10MPK\/RUZUKPMPKKWTWPZSWCH\/2021 NA ZAKUP MATERIA\u0141\u00d3W CZYSZCZ\u0104CYCH<\/a><\/p>\n\n\n\n<p class=\"has-vivid-cyan-blue-color has-text-color\"><a href=\"https:\/\/mpk.kielce.pl\/mpk\/wp-content\/uploads\/2021\/08\/zapytanie_11.pdf\">ZAPYTANIE OFERTOWE NR 11 MPK\/RUZUKPMPKKWTWPZSWCH\/2021&nbsp; NA PRZEW\u00d3Z DZIECI<\/a><\/p>\n\n\n\n<p class=\"has-vivid-cyan-blue-color has-text-color\"><a href=\"https:\/\/mpk.kielce.pl\/mpk\/wp-content\/uploads\/2020\/03\/uniewaznienie1.pdf\">UNIEWA\u017bNIENIE ZAPYTANIA OFERTOWEGO NR 1\/MPK\/RUZUKPMPKKWTWPZSWCH<\/a><\/p>\n\n\n\n<p class=\"has-vivid-cyan-blue-color has-text-color\"><a href=\"https:\/\/mpk.kielce.pl\/mpk\/wp-content\/uploads\/2020\/03\/SKM_C250i210129113600.pdf\">ZAWIADOMIENIE O WYBORZE OFERENTA DO ZAPYTANIA OFERTOWEGO NR 2 MPK\/RUZUKPMPKKWTWPZSWCH\/2021 NA PRZEPROWADZENIE BADA\u0143 LEKARSKICH<\/a><\/p>\n\n\n\n<p class=\"has-vivid-cyan-blue-color has-text-color\"><a href=\"https:\/\/mpk.kielce.pl\/mpk\/wp-content\/uploads\/2020\/03\/zawiadomienie_3.pdf\">ZAWIADOMIENIE O WYBORZE OFERENTA DO ZAPYTANIA OFERTOWEGO NR 3 MPK\/RUZUKPMPKKWTWPZSWCH\/2021<\/a><br><a href=\"https:\/\/mpk.kielce.pl\/mpk\/wp-content\/uploads\/2020\/03\/zawiadomienie_4.pdf\">ZAWIADOMIENIE O WYBORZE OFERENTA DO ZAPYTANIA OFERTOWEGO NR 4 MPK\/RUZUKPMPKKWTWPZSWCH\/2021<\/a><\/p>\n\n\n\n<p class=\"has-vivid-cyan-blue-color has-text-color\"><a href=\"https:\/\/mpk.kielce.pl\/mpk\/wp-content\/uploads\/2020\/03\/zawiadomienie_5.pdf\">ZAWIADOMIENIE O WYBORZE OFERENTA DO ZAPYTANIA OFERTOWEGO NR 5 MPK\/RUZUKPMPKKWTWPZSWCH\/2021<\/a><br><a href=\"https:\/\/mpk.kielce.pl\/mpk\/wp-content\/uploads\/2020\/03\/zawiadomienie_6.pdf\">ZAWIADOMIENIE O WYBORZE OFERENTA DO ZAPYTANIA OFERTOWEGO NR 6 MPK\/RUZUKPMPKKWTWPZSWCH\/2021<\/a><\/p>\n\n\n\n<p class=\"has-vivid-cyan-blue-color has-text-color\"><a href=\"https:\/\/mpk.kielce.pl\/mpk\/wp-content\/uploads\/2020\/03\/zawiadomienie7.pdf\">ZAWIADOMIENIE O WYBORZE OFERENTA&nbsp; DO&nbsp; ZAPYTANIA OFERTOWEGO NR 7 MPK\/RUZUKPMPKKWTWPZSWCH\/2021<\/a><\/p>\n\n\n\n<p class=\"has-vivid-cyan-blue-color has-text-color\"><a href=\"https:\/\/mpk.kielce.pl\/mpk\/wp-content\/uploads\/2020\/03\/zawiadomienie8.pdf\">ZAWIADOMIENIE O WYBORZE OFERENTA&nbsp; DO&nbsp; ZAPYTANIA OFERTOWEGO NR 8 MPK\/RUZUKPMPKKWTWPZSWCH\/2021<\/a><\/p>\n\n\n\n<p class=\"has-vivid-cyan-blue-color has-text-color\"><a href=\"https:\/\/mpk.kielce.pl\/mpk\/wp-content\/uploads\/2020\/03\/zawiadomienie9.pdf\">ZAWIADOMIENIE O WYBORZE OFERENTA&nbsp; DO&nbsp; ZAPYTANIA OFERTOWEGO NR 9 MPK\/RUZUKPMPKKWTWPZSWCH\/2021<\/a><\/p>\n\n\n\n<p class=\"has-vivid-cyan-blue-color has-text-color\"><a href=\"https:\/\/mpk.kielce.pl\/mpk\/wp-content\/uploads\/2020\/03\/zawiadomienie10.pdf\">ZAWIADOMIENIE O WYBORZE OFERENTA\u00a0 DO\u00a0 ZAPYTANIA OFERTOWEGO NR 10 MPK\/RUZUKPMPKKWTWPZSWCH\/2021<\/a><\/p>\n\n\n\n<p class=\"has-vivid-cyan-blue-color has-text-color\"><a href=\"https:\/\/mpk.kielce.pl\/mpk\/wp-content\/uploads\/2021\/08\/zawiadomienie_11_2021.pdf\">ROZSTRZYGNI\u0118CIE ZAPYTANIA OFERTOWEGO NR 11 MPK\/RUZUKPMPKKWTWPZSWCH\/2021\u00a0 NA PRZEW\u00d3Z DZIECI<\/a><\/p>\n\n\n\n<p><\/p>\n","protected":false},"excerpt":{"rendered":"<p>Projekt \u201eRozwijanie umiej\u0119tno\u015bci zawodowych uczni\u00f3w klas patronackich MPK Kielce w Technikum w Powiatowym Zespole Szk\u00f3\u0142 w Chmielniku\u201d realizowany jest w [&hellip;]<\/p>\n","protected":false},"author":1,"featured_media":0,"parent":0,"menu_order":0,"comment_status":"closed","ping_status":"closed","template":"","meta":[],"folder":[],"aioseo_notices":[],"_links":{"self":[{"href":"https:\/\/mpk.kielce.pl\/mpk\/wp-json\/wp\/v2\/pages\/1218"}],"collection":[{"href":"https:\/\/mpk.kielce.pl\/mpk\/wp-json\/wp\/v2\/pages"}],"about":[{"href":"https:\/\/mpk.kielce.pl\/mpk\/wp-json\/wp\/v2\/types\/page"}],"author":[{"embeddable":true,"href":"https:\/\/mpk.kielce.pl\/mpk\/wp-json\/wp\/v2\/users\/1"}],"replies":[{"embeddable":true,"href":"https:\/\/mpk.kielce.pl\/mpk\/wp-json\/wp\/v2\/comments?post=1218"}],"version-history":[{"count":11,"href":"https:\/\/mpk.kielce.pl\/mpk\/wp-json\/wp\/v2\/pages\/1218\/revisions"}],"predecessor-version":[{"id":1444,"href":"https:\/\/mpk.kielce.pl\/mpk\/wp-json\/wp\/v2\/pages\/1218\/revisions\/1444"}],"wp:attachment":[{"href":"https:\/\/mpk.kielce.pl\/mpk\/wp-json\/wp\/v2\/media?parent=1218"}],"wp:term":[{"taxonomy":"folder","embeddable":true,"href":"https:\/\/mpk.kielce.pl\/mpk\/wp-json\/wp\/v2\/folder?post=1218"}],"curies":[{"name":"wp","href":"https:\/\/api.w.org\/{rel}","templated":true}]}}