{"id":1249,"date":"2021-02-11T06:58:19","date_gmt":"2021-02-11T05:58:19","guid":{"rendered":"https:\/\/mpk.kielce.pl\/mpk\/?page_id=1249"},"modified":"2022-04-15T09:28:41","modified_gmt":"2022-04-15T07:28:41","slug":"biuletyn2021","status":"publish","type":"page","link":"https:\/\/mpk.kielce.pl\/mpk\/biuletyn2021\/","title":{"rendered":"2021"},"content":{"rendered":"\n<figure class=\"wp-block-table aligncenter is-style-regular\"><table class=\"has-background\" style=\"background-color:#f3f4f5\"><tbody><tr><td class=\"has-text-align-center\" data-align=\"center\"><a href=\"https:\/\/mpk.kielce.pl\/mpk\/wp-content\/uploads\/2021\/02\/luty2021.pdf\"><img loading=\"lazy\" width=\"837\" height=\"1144\" class=\"wp-image-1238\" style=\"width: 150px;\" src=\"https:\/\/mpk.kielce.pl\/mpk\/wp-content\/uploads\/2021\/02\/okladka02_2021.jpg\" alt=\"\" srcset=\"https:\/\/mpk.kielce.pl\/mpk\/wp-content\/uploads\/2021\/02\/okladka02_2021.jpg 837w, https:\/\/mpk.kielce.pl\/mpk\/wp-content\/uploads\/2021\/02\/okladka02_2021-219x300.jpg 219w, https:\/\/mpk.kielce.pl\/mpk\/wp-content\/uploads\/2021\/02\/okladka02_2021-749x1024.jpg 749w, https:\/\/mpk.kielce.pl\/mpk\/wp-content\/uploads\/2021\/02\/okladka02_2021-768x1050.jpg 768w\" sizes=\"(max-width: 837px) 100vw, 837px\" \/><\/a><br>Luty 2021<\/td><td class=\"has-text-align-center\" data-align=\"center\"><a href=\"https:\/\/mpk.kielce.pl\/mpk\/wp-content\/uploads\/2021\/03\/MPK_biuletyn_kwiecien_94_druk.pdf\"><img loading=\"lazy\" width=\"837\" height=\"1144\" class=\"wp-image-1301\" style=\"width: 150px;\" src=\"https:\/\/mpk.kielce.pl\/mpk\/wp-content\/uploads\/2021\/03\/2021_03.jpg\" alt=\"\" srcset=\"https:\/\/mpk.kielce.pl\/mpk\/wp-content\/uploads\/2021\/03\/2021_03.jpg 837w, https:\/\/mpk.kielce.pl\/mpk\/wp-content\/uploads\/2021\/03\/2021_03-219x300.jpg 219w, https:\/\/mpk.kielce.pl\/mpk\/wp-content\/uploads\/2021\/03\/2021_03-749x1024.jpg 749w, https:\/\/mpk.kielce.pl\/mpk\/wp-content\/uploads\/2021\/03\/2021_03-768x1050.jpg 768w\" sizes=\"(max-width: 837px) 100vw, 837px\" \/><\/a><br>Kwiecie\u0144 2021<\/td><td class=\"has-text-align-center\" data-align=\"center\"><a href=\"https:\/\/mpk.kielce.pl\/mpk\/wp-content\/uploads\/2021\/06\/czerwiec2021.pdf\"><img loading=\"lazy\" width=\"712\" height=\"972\" class=\"wp-image-1367\" style=\"width: 150px;\" src=\"https:\/\/mpk.kielce.pl\/mpk\/wp-content\/uploads\/2021\/06\/pasazer062021.jpg\" alt=\"\" srcset=\"https:\/\/mpk.kielce.pl\/mpk\/wp-content\/uploads\/2021\/06\/pasazer062021.jpg 712w, https:\/\/mpk.kielce.pl\/mpk\/wp-content\/uploads\/2021\/06\/pasazer062021-220x300.jpg 220w\" sizes=\"(max-width: 712px) 100vw, 712px\" \/><br>Czerwiec 2021<\/a><\/td><td class=\"has-text-align-center\" data-align=\"center\"><a href=\"https:\/\/mpk.kielce.pl\/mpk\/wp-content\/uploads\/2021\/08\/sierpien2021.pdf\"><img loading=\"lazy\" width=\"1874\" height=\"2560\" class=\"wp-image-1407\" style=\"width: 150px;\" src=\"https:\/\/mpk.kielce.pl\/mpk\/wp-content\/uploads\/2021\/08\/okladkasierpien2021-scaled.jpg\" alt=\"\" srcset=\"https:\/\/mpk.kielce.pl\/mpk\/wp-content\/uploads\/2021\/08\/okladkasierpien2021-scaled.jpg 1874w, https:\/\/mpk.kielce.pl\/mpk\/wp-content\/uploads\/2021\/08\/okladkasierpien2021-220x300.jpg 220w, https:\/\/mpk.kielce.pl\/mpk\/wp-content\/uploads\/2021\/08\/okladkasierpien2021-750x1024.jpg 750w, https:\/\/mpk.kielce.pl\/mpk\/wp-content\/uploads\/2021\/08\/okladkasierpien2021-768x1049.jpg 768w, https:\/\/mpk.kielce.pl\/mpk\/wp-content\/uploads\/2021\/08\/okladkasierpien2021-1125x1536.jpg 1125w, https:\/\/mpk.kielce.pl\/mpk\/wp-content\/uploads\/2021\/08\/okladkasierpien2021-1499x2048.jpg 1499w\" sizes=\"(max-width: 1874px) 100vw, 1874px\" \/><\/a><br>Sierpie\u0144 2021<\/td><\/tr><tr><td class=\"has-text-align-center\" data-align=\"center\"><a href=\"https:\/\/mpk.kielce.pl\/mpk\/wp-content\/uploads\/2021\/09\/wrzesien2021.pdf\"><img loading=\"lazy\" width=\"1874\" height=\"2560\" class=\"wp-image-1471\" style=\"width: 150px;\" src=\"https:\/\/mpk.kielce.pl\/mpk\/wp-content\/uploads\/2021\/09\/Okladka092021-scaled.jpg\" alt=\"\" srcset=\"https:\/\/mpk.kielce.pl\/mpk\/wp-content\/uploads\/2021\/09\/Okladka092021-scaled.jpg 1874w, https:\/\/mpk.kielce.pl\/mpk\/wp-content\/uploads\/2021\/09\/Okladka092021-220x300.jpg 220w, https:\/\/mpk.kielce.pl\/mpk\/wp-content\/uploads\/2021\/09\/Okladka092021-750x1024.jpg 750w, https:\/\/mpk.kielce.pl\/mpk\/wp-content\/uploads\/2021\/09\/Okladka092021-768x1049.jpg 768w, https:\/\/mpk.kielce.pl\/mpk\/wp-content\/uploads\/2021\/09\/Okladka092021-1125x1536.jpg 1125w, https:\/\/mpk.kielce.pl\/mpk\/wp-content\/uploads\/2021\/09\/Okladka092021-1499x2048.jpg 1499w\" sizes=\"(max-width: 1874px) 100vw, 1874px\" \/><\/a><br>Wrzesie\u0144 2021<\/td><td class=\"has-text-align-center\" data-align=\"center\"><a href=\"https:\/\/mpk.kielce.pl\/mpk\/wp-content\/uploads\/2021\/12\/Listopad2021.pdf\"><img loading=\"lazy\" width=\"1874\" height=\"2560\" class=\"wp-image-1700\" style=\"width: 150px;\" src=\"https:\/\/mpk.kielce.pl\/mpk\/wp-content\/uploads\/2021\/12\/okladka112021-scaled.jpg\" alt=\"\" srcset=\"https:\/\/mpk.kielce.pl\/mpk\/wp-content\/uploads\/2021\/12\/okladka112021-scaled.jpg 1874w, https:\/\/mpk.kielce.pl\/mpk\/wp-content\/uploads\/2021\/12\/okladka112021-220x300.jpg 220w, https:\/\/mpk.kielce.pl\/mpk\/wp-content\/uploads\/2021\/12\/okladka112021-750x1024.jpg 750w, https:\/\/mpk.kielce.pl\/mpk\/wp-content\/uploads\/2021\/12\/okladka112021-768x1049.jpg 768w, https:\/\/mpk.kielce.pl\/mpk\/wp-content\/uploads\/2021\/12\/okladka112021-1125x1536.jpg 1125w, https:\/\/mpk.kielce.pl\/mpk\/wp-content\/uploads\/2021\/12\/okladka112021-1499x2048.jpg 1499w\" sizes=\"(max-width: 1874px) 100vw, 1874px\" \/><\/a><br>Listopad 2021<\/td><td class=\"has-text-align-center\" data-align=\"center\"><a href=\"https:\/\/mpk.kielce.pl\/mpk\/wp-content\/uploads\/2021\/12\/grudzien2021.pdf\"><img loading=\"lazy\" width=\"1874\" height=\"2560\" class=\"wp-image-1715\" style=\"width: 150px;\" src=\"https:\/\/mpk.kielce.pl\/mpk\/wp-content\/uploads\/2021\/12\/okladka122021-scaled.jpg\" alt=\"\" srcset=\"https:\/\/mpk.kielce.pl\/mpk\/wp-content\/uploads\/2021\/12\/okladka122021-scaled.jpg 1874w, https:\/\/mpk.kielce.pl\/mpk\/wp-content\/uploads\/2021\/12\/okladka122021-220x300.jpg 220w, https:\/\/mpk.kielce.pl\/mpk\/wp-content\/uploads\/2021\/12\/okladka122021-750x1024.jpg 750w, https:\/\/mpk.kielce.pl\/mpk\/wp-content\/uploads\/2021\/12\/okladka122021-768x1049.jpg 768w, https:\/\/mpk.kielce.pl\/mpk\/wp-content\/uploads\/2021\/12\/okladka122021-1125x1536.jpg 1125w, https:\/\/mpk.kielce.pl\/mpk\/wp-content\/uploads\/2021\/12\/okladka122021-1499x2048.jpg 1499w\" sizes=\"(max-width: 1874px) 100vw, 1874px\" \/><\/a><br>Grudzie\u0144 2021<\/td><td class=\"has-text-align-center\" data-align=\"center\"><a href=\"https:\/\/mpk.kielce.pl\/mpk\/wp-content\/uploads\/2022\/03\/listopad.pdf\" title=\"\ufffc\nLuty 2022\"><br><\/a><\/td><\/tr><\/tbody><\/table><\/figure>\n\n\n\n<p class=\"has-medium-font-size\"><strong><a href=\"https:\/\/mpk.kielce.pl\/mpk\/archiwum\/\">Archiwum<\/a><\/strong><\/p>\n","protected":false},"excerpt":{"rendered":"<p>Luty 2021 Kwiecie\u0144 2021 Czerwiec 2021 Sierpie\u0144 2021 Wrzesie\u0144 2021 Listopad 2021 Grudzie\u0144 2021 Archiwum<\/p>\n","protected":false},"author":1,"featured_media":0,"parent":0,"menu_order":0,"comment_status":"closed","ping_status":"closed","template":"","meta":[],"folder":[],"aioseo_notices":[],"_links":{"self":[{"href":"https:\/\/mpk.kielce.pl\/mpk\/wp-json\/wp\/v2\/pages\/1249"}],"collection":[{"href":"https:\/\/mpk.kielce.pl\/mpk\/wp-json\/wp\/v2\/pages"}],"about":[{"href":"https:\/\/mpk.kielce.pl\/mpk\/wp-json\/wp\/v2\/types\/page"}],"author":[{"embeddable":true,"href":"https:\/\/mpk.kielce.pl\/mpk\/wp-json\/wp\/v2\/users\/1"}],"replies":[{"embeddable":true,"href":"https:\/\/mpk.kielce.pl\/mpk\/wp-json\/wp\/v2\/comments?post=1249"}],"version-history":[{"count":23,"href":"https:\/\/mpk.kielce.pl\/mpk\/wp-json\/wp\/v2\/pages\/1249\/revisions"}],"predecessor-version":[{"id":2095,"href":"https:\/\/mpk.kielce.pl\/mpk\/wp-json\/wp\/v2\/pages\/1249\/revisions\/2095"}],"wp:attachment":[{"href":"https:\/\/mpk.kielce.pl\/mpk\/wp-json\/wp\/v2\/media?parent=1249"}],"wp:term":[{"taxonomy":"folder","embeddable":true,"href":"https:\/\/mpk.kielce.pl\/mpk\/wp-json\/wp\/v2\/folder?post=1249"}],"curies":[{"name":"wp","href":"https:\/\/api.w.org\/{rel}","templated":true}]}}