{"id":1861,"date":"2022-04-15T09:14:42","date_gmt":"2022-04-15T07:14:42","guid":{"rendered":"https:\/\/mpk.kielce.pl\/mpk\/?page_id=1861"},"modified":"2023-02-23T08:14:04","modified_gmt":"2023-02-23T07:14:04","slug":"biuletyn2022","status":"publish","type":"page","link":"https:\/\/mpk.kielce.pl\/mpk\/biuletyn2022\/","title":{"rendered":"2022"},"content":{"rendered":"\r\n<figure class=\"wp-block-table aligncenter is-style-regular\"><\/figure>\r\n\r\n\r\n\r\n<table>\r\n<tbody>\r\n<tr>\r\n<td class=\"has-text-align-center\" style=\"text-align: center;\" data-align=\"center\"><a href=\"https:\/\/mpk.kielce.pl\/mpk\/wp-content\/uploads\/2022\/03\/luty2022.pdf\"><img loading=\"lazy\" class=\"alignnone wp-image-2118 size-full\" src=\"https:\/\/mpk.kielce.pl\/mpk\/wp-content\/uploads\/2022\/08\/luty2022-220x300-1.jpg\" alt=\"\" width=\"200\" height=\"280\" \/><\/a><br \/>Luty 2022<\/td>\r\n<td class=\"has-text-align-center\" style=\"text-align: center;\" data-align=\"center\"><a href=\"https:\/\/mpk.kielce.pl\/mpk\/wp-content\/uploads\/2022\/04\/kwiecien2022.pdf\"><img loading=\"lazy\" class=\"alignnone wp-image-2116 size-full\" src=\"https:\/\/mpk.kielce.pl\/mpk\/wp-content\/uploads\/2022\/08\/kwiecien2022-220x300-1.png\" alt=\"\" width=\"200\" height=\"280\" \/><\/a><br \/>Kwiecie\u0144 2022<\/td>\r\n<td class=\"has-text-align-center\" style=\"text-align: center;\" data-align=\"center\"><a href=\"https:\/\/mpk.kielce.pl\/mpk\/wp-content\/uploads\/2022\/08\/sierpien2022.pdf\"><img loading=\"lazy\" class=\"alignnone wp-image-2117 size-full\" src=\"https:\/\/mpk.kielce.pl\/mpk\/wp-content\/uploads\/2022\/08\/sierpien2022-220x300-1.jpg\" alt=\"\" width=\"200\" height=\"280\" \/><\/a><br \/>Sierpie\u0144 2022<\/td>\r\n<\/tr>\r\n<tr>\r\n<td style=\"text-align: center;\">\r\n<p><a href=\"https:\/\/mpk.kielce.pl\/mpk\/wp-content\/uploads\/2022\/10\/MPK_biuletyn_pazdziernik_2022.pdf\"><img loading=\"lazy\" class=\"alignnone\" src=\"https:\/\/mpk.kielce.pl\/mpk\/wp-content\/uploads\/2022\/10\/11_2022.png\" alt=\"\" width=\"200\" height=\"280\" \/><\/a><\/p>\r\n<p>Pa\u017adziernik 2022<\/p>\r\n<\/td>\r\n<td style=\"text-align: center;\">\r\n<p><a href=\"https:\/\/mpk.kielce.pl\/mpk\/wp-content\/uploads\/2022\/12\/grudzien2022.pdf\"><img loading=\"lazy\" class=\"\" src=\"https:\/\/mpk.kielce.pl\/mpk\/wp-content\/uploads\/2022\/12\/122022.png\" width=\"194\" height=\"320\" \/><\/a><\/p>\r\n<p><a href=\"https:\/\/mpk.kielce.pl\/mpk\/wp-content\/uploads\/2022\/12\/grudzien2022.pdf\">Grudzie\u0144 2022<\/a><\/p>\r\n<\/td>\r\n<td style=\"text-align: center;\">\u00a0<\/td>\r\n<\/tr>\r\n<\/tbody>\r\n<\/table>\r\n<p><strong><a href=\"https:\/\/mpk.kielce.pl\/mpk\/archiwum\/\">Archiwum<\/a><\/strong><\/p>\r\n","protected":false},"excerpt":{"rendered":"<p>Luty 2022 Kwiecie\u0144 2022 Sierpie\u0144 2022 Pa\u017adziernik 2022 Grudzie\u0144 2022 \u00a0 Archiwum<\/p>\n","protected":false},"author":1,"featured_media":0,"parent":0,"menu_order":0,"comment_status":"closed","ping_status":"closed","template":"","meta":[],"folder":[],"aioseo_notices":[],"_links":{"self":[{"href":"https:\/\/mpk.kielce.pl\/mpk\/wp-json\/wp\/v2\/pages\/1861"}],"collection":[{"href":"https:\/\/mpk.kielce.pl\/mpk\/wp-json\/wp\/v2\/pages"}],"about":[{"href":"https:\/\/mpk.kielce.pl\/mpk\/wp-json\/wp\/v2\/types\/page"}],"author":[{"embeddable":true,"href":"https:\/\/mpk.kielce.pl\/mpk\/wp-json\/wp\/v2\/users\/1"}],"replies":[{"embeddable":true,"href":"https:\/\/mpk.kielce.pl\/mpk\/wp-json\/wp\/v2\/comments?post=1861"}],"version-history":[{"count":28,"href":"https:\/\/mpk.kielce.pl\/mpk\/wp-json\/wp\/v2\/pages\/1861\/revisions"}],"predecessor-version":[{"id":2240,"href":"https:\/\/mpk.kielce.pl\/mpk\/wp-json\/wp\/v2\/pages\/1861\/revisions\/2240"}],"wp:attachment":[{"href":"https:\/\/mpk.kielce.pl\/mpk\/wp-json\/wp\/v2\/media?parent=1861"}],"wp:term":[{"taxonomy":"folder","embeddable":true,"href":"https:\/\/mpk.kielce.pl\/mpk\/wp-json\/wp\/v2\/folder?post=1861"}],"curies":[{"name":"wp","href":"https:\/\/api.w.org\/{rel}","templated":true}]}}