{"id":213,"date":"2019-12-23T09:07:27","date_gmt":"2019-12-23T08:07:27","guid":{"rendered":"https:\/\/mpk.kielce.pl\/mpkck\/?page_id=213"},"modified":"2024-06-25T13:28:24","modified_gmt":"2024-06-25T11:28:24","slug":"kompleksowa-gleboka-modernizacja-energetyczna-budynkow-nalezacych-do-miejskiego-przedsiebiorstwa-komunikacji-sp-z-o-o-w-kielcach","status":"publish","type":"page","link":"https:\/\/mpk.kielce.pl\/mpk\/kompleksowa-gleboka-modernizacja-energetyczna-budynkow-nalezacych-do-miejskiego-przedsiebiorstwa-komunikacji-sp-z-o-o-w-kielcach\/","title":{"rendered":"Kompleksowa g\u0142\u0119boka modernizacja energetyczna budynk\u00f3w nale\u017c\u0105cych do Miejskiego Przedsi\u0119biorstwa Komunikacji Sp. Z o.o. w Kielcach"},"content":{"rendered":"<p><a href=\"https:\/\/mpk.kielce.pl\/mpk\/wp-content\/uploads\/2020\/01\/zawiadomienie.pdf\">zawiadomienie<\/a>Projekt \u201eKompleksowa g\u0142\u0119boka modernizacja energetyczna budynk\u00f3w nale\u017c\u0105cych do Miejskiego Przedsi\u0119biorstwa Komunikacji Sp. Z o.o. w Kielcach\u201d w ramach poddzia\u0142ania 1.2 \u201ePromowanie efektywno\u015bci energetycznej i korzystania z odnawialnych \u017ar\u00f3de\u0142 energii w przedsi\u0119biorstwach\u201d o\u015b priorytetowa I Zmniejszenie emisyjno\u015bci gospodarki Programu Operacyjnego Infrastruktura i \u015arodowisko 2014-2020.<\/p>\n<p>W ramach projektu przewiduje si\u0119 m.in.<br \/>\n&#8211; modernizacj\u0119 budynku administracyjno &#8211; biurowego obejmuj\u0105c\u0105: modernizacj\u0119 instalacji c.o., wymian\u0119 stolarki okiennej i drzwiowej, docieplenie stropodachu, wymian\u0119 bram gara\u017cowych, docieplenie strop\u00f3w, \u015bcian;<br \/>\n&#8211; modernizacj\u0119 budynku myjni i lakierni obejmuj\u0105c\u0105: wymian\u0119 stolarki drzwiowej i okiennej, wymian\u0119 bram gara\u017cowych, docieplenie \u015bcian zewn\u0119trznych, dachu i stropodachu;<br \/>\n&#8211; modernizacj\u0119 budynku nowej hali obejmuj\u0105c\u0105: wymian\u0119 stolarki okiennej (w tym \u015bwietlik\u00f3w dachowych) i drzwiowej, docieplenie \u015bcian zewn\u0119trznych, wymian\u0119 bram gara\u017cowych, wymian\u0119 o\u015bwietlenia wewn\u0119trznego z monta\u017cem nowej instalacji(w tym \u015bwietlik\u00f3w dachowych);<br \/>\n&#8211; modernizacj\u0119 budynku diagnostyki obejmuj\u0105c\u0105: wymian\u0119 stolarki okiennej i drzwiowej, wymian\u0119 bram gara\u017cowych, docieplenie \u015bcian zewn\u0119trznych.<br \/>\nCELEM BEZPO\u015aREDNIM PROJEKTU jest zwi\u0119kszenie efektywno\u015bci energetycznej oraz zmniejszenie emisji dwutlenku w\u0119gla w Miejskim Przedsi\u0119biorstwie Komunikacji Sp. z o. o. w Kielcach.<br \/>\nEFEKTEM projektu na poziomie REZULTAT\u00d3W b\u0119dzie:<br \/>\n&#8211; roczny spadek emisji gaz\u00f3w cieplarnianych (CI34) tony r\u00f3wnowa\u017cnika CO2: 293,38<br \/>\n&#8211; zmniejszenie zu\u017cycia energii ko\u0144cowej w wyniku realizacji projekt\u00f3w GJ\/rok: 3 954,00<br \/>\n&#8211; zmniejszenie zu\u017cycia energii pierwotnej GJ\/rok: 3 498,00<br \/>\n&#8211; oszcz\u0119dno\u015b\u0107 energii elektrycznej MWh\/rok: 30,95<br \/>\n&#8211; oszcz\u0119dno\u015b\u0107 energii cieplnej GJ\/rok: 3953,00.<br \/>\nInwestycja przyczyni si\u0119 do zmniejszenia koszt\u00f3w op\u0142at ponoszonych na energi\u0119 elektryczn\u0105\u00a0\u00a0\u00a0\u00a0 i ciepln\u0105 w budynkach Miejskiego Przedsi\u0119biorstwa Komunikacji Sp\u00f3\u0142ka z ograniczon\u0105 odpowiedzialno\u015bci\u0105 w Kielcach<br \/>\nEFEKTEM projektu na poziomie PRODUKTU b\u0119dzie:<br \/>\n&#8211; zwi\u0119kszenie liczby zmodernizowanych energetycznie budynk\u00f3w u\u017cyteczno\u015bci publicznej o 4 szt.;<br \/>\n&#8211; powierzchnia u\u017cytkowa w budynkach poddanym termomodernizacji 7837,13 m2.<\/p>\n<p>Koszty ca\u0142kowite projektu to 2 938 085,44 z\u0142.<br \/>\nUdzia\u0142 dofinansowania POIi\u015a 1 779 466,75 z\u0142.<br \/>\nZako\u0144czenie realizacji projektu przewiduje si\u0119 na 31 grudnia 2019 r.<\/p>\n<p>Wszelkie nieprawid\u0142owo\u015bci mo\u017cna zg\u0142asza\u0107 za po\u015brednictwem<br \/>\nadresu e-mail: <a href=\"mailto:naduzycia.POIS@mfipr.gov.pl\">naduzycia.POIS@mfipr.gov.pl<\/a> lub <a href=\"https:\/\/www.pois.gov.pl\/nieprawidlowosci\">specjalnego formularza<\/a> <a href=\"http:\/\/www.pois.gov.pl\/nieprawidlowosci\">http:\/\/www.pois.gov.pl\/nieprawidlowosci<\/a>.<\/p>\n<p><a href=\"https:\/\/mpk.kielce.pl\/mpk\/wp-content\/uploads\/2020\/01\/zawiadomienie.pdf\"><b><span class=\"colour\"><span class=\"font\"><span class=\"size\">ZAWIADOMIENIE O WYBORZE OFERTY DO ZAPYTANIA OFERTOWEGO NR 5\/POI\u015a<\/span><\/span><\/span><\/b><\/a><b> <\/b><\/p>\n<p><span style=\"color: #0000ff;\"><a style=\"color: #0000ff;\" href=\"https:\/\/mpk.kielce.pl\/mpk\/images\/MPK\/zapytanie1NCBR.pdf\">Informacja do Zapytania ofertowego z dnia 5 pa\u017cdziernika 2018 z dnia 8 pa\u017adziernika 2018 r.<br \/>\nw zwiazku z niemo\u017cno\u015bcia zamieszczenia zapytanie ofertowego w serwisie baza<br \/>\nkonkurencyjno\u015bci w dniu 5 pa\u017adziernika 2018 Wnioskodawca liczy bieg wa\u017cno\u015bci niniejszego<br \/>\nzapytania ofertowego od dnia 8 pa\u017adziernika 2018 i wyd\u0142u\u017ca termin sk\u0142adania ofert do dnia 9<br \/>\nlistopada 2018<\/a><\/span><\/p>\n<p><span style=\"color: #0000ff;\"><a style=\"color: #0000ff;\" href=\"https:\/\/mpk.kielce.pl\/mpk\/images\/ZapytanieNCBR2.pdf\"><strong>Zapytanie ofertowe NR2\/MPK\/NCBR\/2018<\/strong><\/a><\/span><\/p>\n<p><span style=\"color: #0000ff;\"><a style=\"color: #0000ff;\" href=\"https:\/\/mpk.kielce.pl\/mpk\/images\/zawiadomieniewyborzeNBR2_2018.pdf\"><strong>Zawiadomienie o wyborze wykonawcy w ramach zapytania ofertowego<br \/>\n2\/MPK\/NCBR\/2018 z dnia 18 pa\u017adziernika 2018<\/strong><\/a><\/span><\/p>\n<p><span style=\"color: #0000ff;\"><a style=\"color: #0000ff;\" href=\"https:\/\/mpk.kielce.pl\/mpk\/images\/zawiadomieniezap1.pdf\"><strong>Zawiadomienie o wyborze wykonawcy w ramach zapytania ofertowego 1\/MPK\/NCBR\/2018 z dnia 5 pa\u017adziernika 2018<\/strong><\/a><\/span><\/p>\n<p><span style=\"color: #0000ff;\"><a style=\"color: #0000ff;\" href=\"https:\/\/mpk.kielce.pl\/mpk\/images\/MPK\/odpowiedzi.pdf\"><strong>Odpowied\u017a na pytania oferenta do Zapytania ofertowego NR 2\/MPK\/NCBR\/2018 z dnia 5 pa\u017adziernika 2018 z dnia 26 pa\u017adziernika 2018 r.<\/strong><\/a><\/span><\/p>\n<p><span style=\"color: #0000ff;\"><strong><a style=\"color: #0000ff;\" href=\"https:\/\/mpk.kielce.pl\/mpk\/images\/odpowiedzinapytcz2.pdf\">\u00a0<\/a><a style=\"color: #0000ff;\" href=\"https:\/\/mpk.kielce.pl\/mpk\/images\/odpowiedzinapytcz2.pdf\">Odpowied\u017a na pytania oferenta do Zapytania ofertowego NR 2\/MPK\/NCBR\/2018 z dnia 5 pa\u017adziernika 2018 z dnia 26 pa\u017adziernika 2018 r. cz 2<\/a><\/strong><\/span><\/p>\n<p><span style=\"color: #0000ff;\"><a style=\"color: #0000ff;\" href=\"https:\/\/mpk.kielce.pl\/mpk\/images\/zapytanie1NCBR.pdf\"><strong>Zapytanie ofertowe NR1\/MPK\/NCBR\/2018<\/strong><\/a><\/span><\/p>\n<p><a href=\"https:\/\/mpk.kielce.pl\/mpk\/images\/Odpowiedz1.pdf\"><strong><span style=\"color: #0000ff;\">Odpowied\u017a na pytanie oferenta do Zapytania ofertowego NR 1\/MPK\/NCBR\/2018 z dnia 5 pa\u017adziernika 2018 z dnia 26 pa\u017adziernika 2018 r.<\/span><\/strong><\/a><\/p>\n<hr \/>\n<p><strong>Archiwalne<\/strong><\/p>\n<hr \/>\n<p><span style=\"color: #0000ff;\"><a style=\"color: #0000ff;\" href=\"https:\/\/mpk.kielce.pl\/mpk\/images\/wezwanie_do_uzupe\u0142nienia_brakow1.pdf\">Wezwanie do uzupe\u0142nienia brak\u00f3w formalnych do zapytania nr 1<\/a><\/span><\/p>\n<hr \/>\n<p><span style=\"color: #0000ff;\"><a style=\"color: #0000ff;\" href=\"https:\/\/mpk.kielce.pl\/mpk\/images\/uniewaznieniezapyt3.pdf\">Uniewa\u017cnienie zapytania NR 3 na sprawozdanie nadzoru inwestorskiego<\/a><\/span><br \/>\n<span style=\"color: #0000ff;\"><a style=\"color: #0000ff;\" href=\"https:\/\/mpk.kielce.pl\/mpk\/images\/ponownezapytania3.pdf\">Ponowne zapytanie NR 3\/POI\u015a z dnia 07.05.2018 na sprawowanie nadzoru inwestorskiego\u00a0<\/a><\/span><\/p>\n<hr \/>\n<p><span style=\"color: #0000ff;\"><a style=\"color: #0000ff;\" href=\"https:\/\/mpk.kielce.pl\/mpk\/images\/zapytanieOfertowe1.pdf\">ZAPYTANIE OFERTOWE NR 1\/POI\u015a Z DNIA 30 MARCA 2018 r. NA ROBOTY BUDOWLANE<\/a><\/span><br \/>\n<span style=\"color: #0000ff;\"><a style=\"color: #0000ff;\" href=\"https:\/\/mpk.kielce.pl\/mpk\/images\/MPK\/zbiorcze_zestawienie_kosztow.pdf\">KOSZTORYS DO WYPE\u0141NIENIA PRZEZ WYKONAWC\u0118<\/a><\/span><br \/>\n<span style=\"color: #0000ff;\"><a style=\"color: #0000ff;\" href=\"https:\/\/mpk.kielce.pl\/mpk\/images\/zapytanieOfertowe1.pdf\">Informacja do zapytania nr 1<\/a><\/span><br \/>\n<a href=\"https:\/\/mpk.kielce.pl\/mpk\/images\/MPK\/Odpowiedzinapytania.pdf\" target=\"_self\" rel=\"noopener noreferrer\"><strong><span style=\"color: #0000ff;\">Odpowiedzi na pytania potencjalnych oferent\u00f3w<\/span><\/strong><\/a><\/p>\n<p>Projekty wykonawcze:<\/p>\n<p><span style=\"color: #0000ff;\"><a style=\"color: #0000ff;\" href=\"https:\/\/mpk.kielce.pl\/mpk\/images\/MPK\/1_rozwiniecie_projektu_administracyjno_biurowy.pdf\">ADMINISTRACJA OBIEKT 1<\/a><\/span><br \/>\n<span style=\"color: #0000ff;\"><a style=\"color: #0000ff;\" href=\"https:\/\/mpk.kielce.pl\/mpk\/images\/MPK\/3_rozwniecie-projektu-nowa-hala.pdf\">NOWA HALA OBIEKT 3<\/a><\/span><br \/>\n<span style=\"color: #0000ff;\"><a style=\"color: #0000ff;\" href=\"https:\/\/mpk.kielce.pl\/mpk\/images\/MPK\/4_rozwiniecie_projektu_diagnostyka.pdf\">DIAGNOSTYKA OBIEKT 4<\/a><\/span><br \/>\n<span style=\"color: #0000ff;\"><a style=\"color: #0000ff;\" href=\"https:\/\/mpk.kielce.pl\/mpk\/images\/MPK\/5_rozwiniecie_projektu_myjnia_lakiernia.pdf\">MYJNIA OBIEKT 5<\/a><\/span><br \/>\n<span style=\"color: #0000ff;\"><a style=\"color: #0000ff;\" href=\"https:\/\/mpk.kielce.pl\/mpk\/images\/MPK\/specyfikacje_techniczne.pdf\">Specyfikacje techniczne wykonania i odbioru rob\u00f3t ST-00 do ST-05<\/a><\/span><br \/>\n<span style=\"color: #0000ff;\"><a style=\"color: #0000ff;\" href=\"https:\/\/mpk.kielce.pl\/mpk\/projekty\/Projekt_budowlany.pdf\">Projekt budowlany<br \/>\n<\/a><\/span><a href=\"https:\/\/mpk.kielce.pl\/mpk\/images\/zawiadomienie_o_wyborze1.pdf\"><span style=\"color: #0000ff;\">Zawiadomienie o wyborze oferty 1<\/span><\/a><\/p>\n","protected":false},"excerpt":{"rendered":"<p>zawiadomienieProjekt \u201eKompleksowa g\u0142\u0119boka modernizacja energetyczna budynk\u00f3w nale\u017c\u0105cych do Miejskiego Przedsi\u0119biorstwa Komunikacji Sp. Z o.o. w Kielcach\u201d w ramach poddzia\u0142ania 1.2 [&hellip;]<\/p>\n","protected":false},"author":1,"featured_media":0,"parent":0,"menu_order":0,"comment_status":"closed","ping_status":"closed","template":"","meta":[],"folder":[],"aioseo_notices":[],"_links":{"self":[{"href":"https:\/\/mpk.kielce.pl\/mpk\/wp-json\/wp\/v2\/pages\/213"}],"collection":[{"href":"https:\/\/mpk.kielce.pl\/mpk\/wp-json\/wp\/v2\/pages"}],"about":[{"href":"https:\/\/mpk.kielce.pl\/mpk\/wp-json\/wp\/v2\/types\/page"}],"author":[{"embeddable":true,"href":"https:\/\/mpk.kielce.pl\/mpk\/wp-json\/wp\/v2\/users\/1"}],"replies":[{"embeddable":true,"href":"https:\/\/mpk.kielce.pl\/mpk\/wp-json\/wp\/v2\/comments?post=213"}],"version-history":[{"count":8,"href":"https:\/\/mpk.kielce.pl\/mpk\/wp-json\/wp\/v2\/pages\/213\/revisions"}],"predecessor-version":[{"id":2616,"href":"https:\/\/mpk.kielce.pl\/mpk\/wp-json\/wp\/v2\/pages\/213\/revisions\/2616"}],"wp:attachment":[{"href":"https:\/\/mpk.kielce.pl\/mpk\/wp-json\/wp\/v2\/media?parent=213"}],"wp:term":[{"taxonomy":"folder","embeddable":true,"href":"https:\/\/mpk.kielce.pl\/mpk\/wp-json\/wp\/v2\/folder?post=213"}],"curies":[{"name":"wp","href":"https:\/\/api.w.org\/{rel}","templated":true}]}}