{"id":2145,"date":"2022-09-09T14:23:57","date_gmt":"2022-09-09T12:23:57","guid":{"rendered":"https:\/\/mpk.kielce.pl\/mpk\/?page_id=2145"},"modified":"2024-07-30T10:11:31","modified_gmt":"2024-07-30T08:11:31","slug":"reklama","status":"publish","type":"page","link":"https:\/\/mpk.kielce.pl\/mpk\/reklama\/","title":{"rendered":"Reklama"},"content":{"rendered":"<p style=\"text-align: center;\"><strong>ZAMIE\u015a\u0106 SWOJ\u0104 REKLAM\u0118 W MPK<br \/>\n<a href=\"https:\/\/mpk.kielce.pl\/mpk\/wp-content\/uploads\/2024\/07\/1-scaled.jpg\"><img loading=\"lazy\" class=\"alignnone  wp-image-2621\" src=\"https:\/\/mpk.kielce.pl\/mpk\/wp-content\/uploads\/2024\/07\/1-scaled.jpg\" alt=\"\" width=\"710\" height=\"547\" \/><\/a><br \/>\n<\/strong>Oferujemy szeroki zakres us\u0142ug reklamowych dla firm. W atrakcyjnych cenach, o najwi\u0119kszym zasi\u0119gu terytorialnym. Posiadamy bardzo rozbudowany tabor autobusowy, z\u0142o\u017cony z autobus\u00f3w standardowych\u00a0 oraz przegubowych.<\/p>\n<p><a href=\"https:\/\/mpk.kielce.pl\/mpk\/wp-content\/uploads\/2024\/07\/Film-z-Instrukcja-obslugi-Wsparcie-Enova.url_.jpg\"><img loading=\"lazy\" class=\"size-full wp-image-2622 aligncenter\" src=\"https:\/\/mpk.kielce.pl\/mpk\/wp-content\/uploads\/2024\/07\/Film-z-Instrukcja-obslugi-Wsparcie-Enova.url_.jpg\" alt=\"\" width=\"640\" height=\"480\" srcset=\"https:\/\/mpk.kielce.pl\/mpk\/wp-content\/uploads\/2024\/07\/Film-z-Instrukcja-obslugi-Wsparcie-Enova.url_.jpg 640w, https:\/\/mpk.kielce.pl\/mpk\/wp-content\/uploads\/2024\/07\/Film-z-Instrukcja-obslugi-Wsparcie-Enova.url_-300x225.jpg 300w\" sizes=\"(max-width: 640px) 100vw, 640px\" \/><\/a><\/p>\n<p style=\"text-align: center;\">Naszym zasi\u0119giem obejmujemy miasto Kielce oraz gminy o\u015bcienne. Dzi\u0119ki temu reklama dociera do ogromnej liczby odbiorc\u00f3w. Opr\u00f3cz tego oferujemy r\u00f3wnie\u017c reklam\u0119 na innych no\u015bnikach m.in. : banery reklamowe na tablicach oraz ogrodzeniach, spoty reklamowe na ekranach LCD w autobusach oraz w biuletynie ,,Pasa\u017cer\u2019\u2019. Zapraszamy do wsp\u00f3\u0142pracy. Szczeg\u00f3\u0142owe informacje uzyskaj\u0105 Pa\u0144stwo pod nr telefonu <strong>510- 127-908<\/strong>, wszelkie zapytania prosimy kierowa\u0107\u00a0 pod adres mailowy <strong>: <a href=\"mailto:reklama@mpk.kielce.pl\">reklama@mpk.kielce.pl<\/a><\/strong><\/p>\n<p>&nbsp;<\/p>\n<p><a href=\"https:\/\/mpk.kielce.pl\/mpk\/wp-content\/uploads\/2024\/07\/Film-z-Instrukcja-obslugi-Wsparcie-Enova.url_-1.jpg\"><img loading=\"lazy\" class=\"size-full wp-image-2623 aligncenter\" src=\"https:\/\/mpk.kielce.pl\/mpk\/wp-content\/uploads\/2024\/07\/Film-z-Instrukcja-obslugi-Wsparcie-Enova.url_-1.jpg\" alt=\"\" width=\"640\" height=\"480\" srcset=\"https:\/\/mpk.kielce.pl\/mpk\/wp-content\/uploads\/2024\/07\/Film-z-Instrukcja-obslugi-Wsparcie-Enova.url_-1.jpg 640w, https:\/\/mpk.kielce.pl\/mpk\/wp-content\/uploads\/2024\/07\/Film-z-Instrukcja-obslugi-Wsparcie-Enova.url_-1-300x225.jpg 300w\" sizes=\"(max-width: 640px) 100vw, 640px\" \/><\/a><\/p>\n","protected":false},"excerpt":{"rendered":"<p>ZAMIE\u015a\u0106 SWOJ\u0104 REKLAM\u0118 W MPK Oferujemy szeroki zakres us\u0142ug reklamowych dla firm. W atrakcyjnych cenach, o najwi\u0119kszym zasi\u0119gu terytorialnym. Posiadamy [&hellip;]<\/p>\n","protected":false},"author":1,"featured_media":0,"parent":0,"menu_order":0,"comment_status":"closed","ping_status":"closed","template":"","meta":[],"folder":[],"aioseo_notices":[],"_links":{"self":[{"href":"https:\/\/mpk.kielce.pl\/mpk\/wp-json\/wp\/v2\/pages\/2145"}],"collection":[{"href":"https:\/\/mpk.kielce.pl\/mpk\/wp-json\/wp\/v2\/pages"}],"about":[{"href":"https:\/\/mpk.kielce.pl\/mpk\/wp-json\/wp\/v2\/types\/page"}],"author":[{"embeddable":true,"href":"https:\/\/mpk.kielce.pl\/mpk\/wp-json\/wp\/v2\/users\/1"}],"replies":[{"embeddable":true,"href":"https:\/\/mpk.kielce.pl\/mpk\/wp-json\/wp\/v2\/comments?post=2145"}],"version-history":[{"count":3,"href":"https:\/\/mpk.kielce.pl\/mpk\/wp-json\/wp\/v2\/pages\/2145\/revisions"}],"predecessor-version":[{"id":2624,"href":"https:\/\/mpk.kielce.pl\/mpk\/wp-json\/wp\/v2\/pages\/2145\/revisions\/2624"}],"wp:attachment":[{"href":"https:\/\/mpk.kielce.pl\/mpk\/wp-json\/wp\/v2\/media?parent=2145"}],"wp:term":[{"taxonomy":"folder","embeddable":true,"href":"https:\/\/mpk.kielce.pl\/mpk\/wp-json\/wp\/v2\/folder?post=2145"}],"curies":[{"name":"wp","href":"https:\/\/api.w.org\/{rel}","templated":true}]}}