{"id":217,"date":"2019-12-23T09:09:39","date_gmt":"2019-12-23T08:09:39","guid":{"rendered":"https:\/\/mpk.kielce.pl\/mpkck\/?page_id=217"},"modified":"2019-12-30T08:26:42","modified_gmt":"2019-12-30T07:26:42","slug":"kierowca-kategorii-d-zawod-pilnie-poszukiwany","status":"publish","type":"page","link":"https:\/\/mpk.kielce.pl\/mpk\/kierowca-kategorii-d-zawod-pilnie-poszukiwany\/","title":{"rendered":"Kierowca kategorii D zaw\u00f3d pilnie poszukiwany"},"content":{"rendered":"<p>Projekt \u201eKierowca kategorii D zaw\u00f3d pilnie poszukiwany\u201d realizowany jest w ramach<br \/>Regionalnego Programu Operacyjnego Wojew\u00f3dztwa \u015awi\u0119tokrzyskiego na lata 2014-2020,<\/p>\n<p>O\u015b priorytetowa: RPSW.08.00.00 Rozw\u00f3j edukacji i aktywne spo\u0142ecze\u0144stwo,<\/p>\n<p>Dzia\u0142anie: PSW.08.05.00 Rozw\u00f3j i wysoka jako\u015b\u0107 szkolnictwa zawodowego i kszta\u0142cenia, ustawicznego,<\/p>\n<p>Poddzia\u0142anie: RPSW.08.05.03 Edukacja formalna i pozaformalna os\u00f3b doros\u0142ych.<\/p>\n<p>W ramach projektu przewiduje si\u0119:<\/p>\n<p>&#8211; organizacj\u0119 kursu prawo jazdy kategorii D po B wraz z kwalifikacj\u0105 wst\u0119pn\u0105 lub kwalifikacj\u0105 przyspieszon\u0105<br \/>dla 36 os\u00f3b powy\u017cej 21 roku \u017cycia zamieszka\u0142ych zgodnie z Kodeksem Cywilnym na terenie wojew\u00f3dztwa \u015bwi\u0119tokrzyskiego,<\/p>\n<p>&#8211; diagnoz\u0119 predyspozycji zawodowych dla uczestnik\u00f3w projektu,<\/p>\n<p>&#8211; badania lekarskie i psychologiczne dopuszczaj\u0105ce do uczestnictwa w kursie prawa jazdy kategorii D po B.<\/p>\n<p>Celem projektu jest: lepsze dopasowanie systemu kszta\u0142cenia i szkolenia do potrzeb rynku pracy, u\u0142atwienie przechodzenia z etapu kszta\u0142cenia do etapu zatrudnienia oraz wzmacnianie systemu kszta\u0142cenia zawodowego i jego jako\u015bci poprzez organizacj\u0119 praktycznej nauki zawodu kierowca kategorii D zawodu poszukiwanego w sektorze zielonej gospodarki. Cel ten wpisuje si\u0119 w realizacj\u0119 celu priorytetu inwestycyjnego 10iv RPO W\u015a na lata 2014-2020 i zostanie on osi\u0105gni\u0119ty poprzez organizacj\u0119 kursu prawa jazdy kategorii D po minimum B dla 36 os. powy\u017cej 21 roku \u017cycia (z czego 21% ucz. 8 os. b\u0119dzie posiada\u0107 orzeczony stopie\u0144 niepe\u0142nosprawno\u015bci) zarejestrowanych w Miejskim Urz\u0119dzie Pracy w Kielcach, jako bezrobotne (18 os. zrekrutowane przez Miejski Urz\u0105d Pracy w Kielcach) i inne os\u00f3b zainteresowanych z w\u0142asnej inicjatywy zdobyciem, uzupe\u0142nieniem lub podnoszeniem kompetencji lub kwalifikacji zawodowych zamieszka\u0142ych zgodnie z KC w woj. \u015bwi\u0119tokrzyskim (18 os. zrekrutowanych przez MPK Kielce), kt\u00f3re po zidentyfikowanej diagnozie rzeczywistych predyspozycji chc\u0105 podj\u0105\u0107 szkolenie prawo jazdy kategorii D..<\/p>\n<p>Projekt zak\u0142ada osi\u0105gni\u0119cie nast\u0119puj\u0105cych wska\u017anik\u00f3w rezultatu:<br \/>&#8211; Liczba os\u00f3b, kt\u00f3re uzyska\u0142y kwalifikacje w ramach pozaszkolnych form kszta\u0142cenia [osoby] &#8211; 18<br \/>&#8211; Liczba os\u00f3b, kt\u00f3re b\u0119d\u0105 uczestniczy\u0107 w badaniach lekarskich i psychologicznych &#8211; 42<br \/>&#8211; Liczba os\u00f3b uczestnicz\u0105cych w pozaszkolnych formach kszta\u0142cenia (bez udzia\u0142u pracodawc\u00f3w) w programie \u2013 36<\/p>\n<p>Projekt zak\u0142ada osi\u0105gni\u0119cie nast\u0119puj\u0105cych wska\u017anik\u00f3w produktu:<br \/>&#8211; Liczba os\u00f3b uczestnicz\u0105cych w pozaszkolnych formach kszta\u0142cenia w programie [osoby] &#8211; 36<br \/>&#8211; Liczba podmiot\u00f3w wykorzystuj\u0105cych technologie informacyjno-komunikacyjne [szt.] &#8211; 1<\/p>\n<p>Koszty ca\u0142kowite projektu to 503 115,00 z\u0142.<\/p>\n<p><span style=\"color: #0000ff;\"><a style=\"color: #0000ff;\" href=\"https:\/\/mpk.kielce.pl\/mpk\/images\/oswiadczenie_pobieraj\u0105cego_stypendium.pdf\">O\u015bwiadczenie pobieraj\u0105cego stypendium <\/a><\/span><\/p>\n<p><span style=\"color: #0000ff;\"><a style=\"color: #0000ff;\" href=\"https:\/\/mpk.kielce.pl\/mpk\/images\/regulaminoswiadczenie.pdf\">Dokumenty rekrutacyjne &#8211; FORMULARZ ZG\u0141OSZENIOWY DO PROJEKTU \u201eKierowca kategorii D zaw\u00f3d pilnie poszukiwany\u201d<\/a><\/span><\/p>\n<p><span style=\"color: #0000ff;\"><a style=\"color: #0000ff;\" href=\"https:\/\/mpk.kielce.pl\/mpk\/images\/zapytanie_nr_badanoia.pdf\">Zapytanie ofertowe nr 1\/MPK\/KKDZPP\/2019<\/a><\/span><\/p>\n<p><span style=\"color: #0000ff;\"><a style=\"color: #0000ff;\" href=\"https:\/\/mpk.kielce.pl\/mpk\/images\/zawiadomienie_o_wyborzey_zap1.pdf\">Zawiadomienie o wyborze wykonawcy do zapytania nr 1\/MPK\/KKDZPP\/2019<\/a><\/span><\/p>\n<p><span style=\"color: #0000ff;\"><a style=\"color: #0000ff;\" href=\"https:\/\/mpk.kielce.pl\/mpk\/images\/2MPKKKDZPP%202019.pdf\">Zapytanie ofertowe nr 2\/MPK\/KKDZPP\/2019<br \/><\/a><a style=\"color: #0000ff;\" href=\"https:\/\/mpk.kielce.pl\/mpk\/images\/2MPKKKDZPP%202019.pdf\"><br \/><\/a><a style=\"color: #0000ff;\" href=\"https:\/\/mpk.kielce.pl\/mpk\/images\/zawiadomieniedozap2.pdf\"> Zawiadomienie o wyborze oferty do Zapytania ofertowego nr 2\/MPK\/KKDZPP\/2019<\/a><\/span><\/p>\n<p><span style=\"color: #0000ff;\"><a style=\"color: #0000ff;\" href=\"https:\/\/mpk.kielce.pl\/mpk\/images\/zapytanie_nr_3.pdf\">Zapytanie ofertowe nr 3\/MPK\/KKDZPP\/2019<\/a><\/span><\/p>\n<p><span style=\"color: #0000ff;\"><a style=\"color: #0000ff;\" href=\"https:\/\/mpk.kielce.pl\/mpk\/images\/zawiadomieniewyborzenr3.pdf\">Zawiadomienie o wyborze wykonawcy do zapytania nr 3\/MPK\/KKDZPP\/2019<\/a><\/span><\/p>\n<p><span style=\"color: #0000ff;\"><a style=\"color: #0000ff;\" href=\"https:\/\/mpk.kielce.pl\/mpk\/images\/zawiadomieniewyborzenr3.pdf\"><br \/><\/a><a style=\"color: #0000ff;\" href=\"https:\/\/mpk.kielce.pl\/mpk\/images\/MPK\/zapytanienr4.pdf\">Zapytanie ofertowe nr 4\/MPK\/KKDZPP\/2019<\/a><\/span><\/p>\n<p><span style=\"color: #0000ff;\"><a style=\"color: #0000ff;\" href=\"https:\/\/mpk.kielce.pl\/mpk\/images\/uniewazZap4.pdf\">UNIEWA\u017bNIENIE ZAPYTANIA NR 4<\/a><\/span><\/p>\n<p><span style=\"color: #0000ff;\"><a style=\"color: #0000ff;\" href=\"https:\/\/mpk.kielce.pl\/mpk\/images\/ponowne%20zapytanie%20nr%204%20kkd.pdf\">PONOWNE ZAPYTANIE OFERTOWE NR 4\/MPK\/KKDZPP\/2019<\/a><\/span><\/p>\n<p><span style=\"color: #0000ff;\"><a style=\"color: #0000ff;\" href=\"https:\/\/mpk.kielce.pl\/mpk\/images\/zawiadomienie_o_wyborze_oferty_ponowne_zapytanie_4.pdf\">Zawiadomienie o wyborze oferty do ponownego zapytania ofertowego nr 4\/MPK\/KKDZPP\/2019<\/a><\/span><\/p>\n<p><span style=\"color: #0000ff;\"><a style=\"color: #0000ff;\" href=\"https:\/\/mpk.kielce.pl\/mpk\/images\/zapytanie%20ofertowe%20nr%205%20ok.pdf\"> Zapytanie ofertowe nr 5\/MPK\/KKDZPP\/2019<\/a><\/span><\/p>\n<p><span style=\"color: #0000ff;\"><a style=\"color: #0000ff;\" href=\"https:\/\/mpk.kielce.pl\/mpk\/images\/uniewa\u017cnienie_zapytania_ofertowego_nr_5.pdf\">Uniewa\u017cnienie zapytania ofertowego nr 5\/MPK\/KKDZPP\/2019<\/a><\/span><\/p>\n<p><span style=\"color: #0000ff;\"><a style=\"color: #0000ff;\" href=\"https:\/\/mpk.kielce.pl\/mpk\/images\/ponowne%20zapytanie%20ofertowe%20nr%205MPK.pdf\">Ponowne zapytanie ofertowe nr\u00a05\/MPK\/KKDZPP\/2019<\/a><\/span><\/p>\n<p><a href=\"https:\/\/mpk.kielce.pl\/mpk\/images\/zawiadomienienr5.pdf\"><span style=\"color: #0000ff;\">Zawiadomienie o wyborze oferty do zapytania 5\/MPK\/KKDZPP\/2019<\/span><\/a><\/p>\n<p>\u00a0<\/p>\n\n\n<div class=\"wp-block-columns\">\n<div class=\"wp-block-column\">\n<figure class=\"wp-block-image size-large\"><img src=\"https:\/\/mpk.kielce.pl\/mpk\/wp-content\/uploads\/2019\/12\/logo-1024x419.jpg\" alt=\"\" class=\"wp-image-221\"\/><\/figure>\n<\/div>\n\n\n\n<div class=\"wp-block-column\">\n<p> Projekt realizowany na podstawie umowy z Urz\u0119dem Marsza\u0142kowskim Wojew\u00f3dztwa \u015awi\u0119tokrzyskiego,<br>pe\u0142ni\u0105cym rol\u0119 Instytucji Zarz\u0105dzaj\u0105cej w ramach<br>Regionalnego Programu Operacyjnego Wojew\u00f3dztwa \u015awi\u0119tokrzyskiego na lata 2014 \u2013 2020 <\/p>\n<\/div>\n\n\n\n<div class=\"wp-block-column\">\n<figure class=\"wp-block-image size-large\"><img loading=\"lazy\" width=\"178\" height=\"86\" src=\"https:\/\/mpk.kielce.pl\/mpk\/wp-content\/uploads\/2019\/12\/logoMUP.png\" alt=\"\" class=\"wp-image-222\"\/><\/figure>\n<\/div>\n<\/div>\n","protected":false},"excerpt":{"rendered":"<p>Projekt \u201eKierowca kategorii D zaw\u00f3d pilnie poszukiwany\u201d realizowany jest w ramachRegionalnego Programu Operacyjnego Wojew\u00f3dztwa \u015awi\u0119tokrzyskiego na lata 2014-2020, O\u015b priorytetowa: [&hellip;]<\/p>\n","protected":false},"author":1,"featured_media":0,"parent":0,"menu_order":0,"comment_status":"closed","ping_status":"closed","template":"","meta":[],"folder":[],"aioseo_notices":[],"_links":{"self":[{"href":"https:\/\/mpk.kielce.pl\/mpk\/wp-json\/wp\/v2\/pages\/217"}],"collection":[{"href":"https:\/\/mpk.kielce.pl\/mpk\/wp-json\/wp\/v2\/pages"}],"about":[{"href":"https:\/\/mpk.kielce.pl\/mpk\/wp-json\/wp\/v2\/types\/page"}],"author":[{"embeddable":true,"href":"https:\/\/mpk.kielce.pl\/mpk\/wp-json\/wp\/v2\/users\/1"}],"replies":[{"embeddable":true,"href":"https:\/\/mpk.kielce.pl\/mpk\/wp-json\/wp\/v2\/comments?post=217"}],"version-history":[{"count":4,"href":"https:\/\/mpk.kielce.pl\/mpk\/wp-json\/wp\/v2\/pages\/217\/revisions"}],"predecessor-version":[{"id":264,"href":"https:\/\/mpk.kielce.pl\/mpk\/wp-json\/wp\/v2\/pages\/217\/revisions\/264"}],"wp:attachment":[{"href":"https:\/\/mpk.kielce.pl\/mpk\/wp-json\/wp\/v2\/media?parent=217"}],"wp:term":[{"taxonomy":"folder","embeddable":true,"href":"https:\/\/mpk.kielce.pl\/mpk\/wp-json\/wp\/v2\/folder?post=217"}],"curies":[{"name":"wp","href":"https:\/\/api.w.org\/{rel}","templated":true}]}}