{"id":2174,"date":"2022-11-18T08:08:41","date_gmt":"2022-11-18T07:08:41","guid":{"rendered":"https:\/\/mpk.kielce.pl\/mpk\/?page_id=2174"},"modified":"2023-10-30T10:01:53","modified_gmt":"2023-10-30T09:01:53","slug":"stacja-kontroli-pojazdow","status":"publish","type":"page","link":"https:\/\/mpk.kielce.pl\/mpk\/stacja-kontroli-pojazdow\/","title":{"rendered":"Stacja kontroli pojazd\u00f3w"},"content":{"rendered":"<figure><strong>OKR\u0118GOWA STACJA KONTROLI POJAZD\u00d3W<\/strong><br \/>\nTEL. <a href=\"tel:413457625\" data-wahfont=\"14\">41 345 76 25<\/a>, <a href=\"tel:413452421\" data-wahfont=\"14\">41 345 24 21<\/a> wew. 241<\/figure>\n<figure class=\"wp-block-image size-large\"><a href=\"https:\/\/mpk.kielce.pl\/mpk\/wp-content\/uploads\/2023\/10\/MPK-19.10.2023-STACJA-KONTROLI-POJAZDEW-500x2334cm.png\"><img loading=\"lazy\" class=\"alignnone size-full wp-image-2447\" src=\"https:\/\/mpk.kielce.pl\/mpk\/wp-content\/uploads\/2023\/10\/MPK-19.10.2023-STACJA-KONTROLI-POJAZDEW-500x2334cm.png\" alt=\"\" width=\"780\" height=\"375\" srcset=\"https:\/\/mpk.kielce.pl\/mpk\/wp-content\/uploads\/2023\/10\/MPK-19.10.2023-STACJA-KONTROLI-POJAZDEW-500x2334cm.png 780w, https:\/\/mpk.kielce.pl\/mpk\/wp-content\/uploads\/2023\/10\/MPK-19.10.2023-STACJA-KONTROLI-POJAZDEW-500x2334cm-300x144.png 300w, https:\/\/mpk.kielce.pl\/mpk\/wp-content\/uploads\/2023\/10\/MPK-19.10.2023-STACJA-KONTROLI-POJAZDEW-500x2334cm-768x369.png 768w\" sizes=\"(max-width: 780px) 100vw, 780px\" \/><\/a><\/figure>\n","protected":false},"excerpt":{"rendered":"<p>OKR\u0118GOWA STACJA KONTROLI POJAZD\u00d3W TEL. 41 345 76 25, 41 345 24 21 wew. 241<\/p>\n","protected":false},"author":1,"featured_media":0,"parent":0,"menu_order":0,"comment_status":"closed","ping_status":"closed","template":"","meta":[],"folder":[],"aioseo_notices":[],"_links":{"self":[{"href":"https:\/\/mpk.kielce.pl\/mpk\/wp-json\/wp\/v2\/pages\/2174"}],"collection":[{"href":"https:\/\/mpk.kielce.pl\/mpk\/wp-json\/wp\/v2\/pages"}],"about":[{"href":"https:\/\/mpk.kielce.pl\/mpk\/wp-json\/wp\/v2\/types\/page"}],"author":[{"embeddable":true,"href":"https:\/\/mpk.kielce.pl\/mpk\/wp-json\/wp\/v2\/users\/1"}],"replies":[{"embeddable":true,"href":"https:\/\/mpk.kielce.pl\/mpk\/wp-json\/wp\/v2\/comments?post=2174"}],"version-history":[{"count":2,"href":"https:\/\/mpk.kielce.pl\/mpk\/wp-json\/wp\/v2\/pages\/2174\/revisions"}],"predecessor-version":[{"id":2448,"href":"https:\/\/mpk.kielce.pl\/mpk\/wp-json\/wp\/v2\/pages\/2174\/revisions\/2448"}],"wp:attachment":[{"href":"https:\/\/mpk.kielce.pl\/mpk\/wp-json\/wp\/v2\/media?parent=2174"}],"wp:term":[{"taxonomy":"folder","embeddable":true,"href":"https:\/\/mpk.kielce.pl\/mpk\/wp-json\/wp\/v2\/folder?post=2174"}],"curies":[{"name":"wp","href":"https:\/\/api.w.org\/{rel}","templated":true}]}}