{"id":2177,"date":"2022-11-18T08:11:08","date_gmt":"2022-11-18T07:11:08","guid":{"rendered":"https:\/\/mpk.kielce.pl\/mpk\/?page_id=2177"},"modified":"2025-12-10T12:25:44","modified_gmt":"2025-12-10T11:25:44","slug":"serwis-ogumienia","status":"publish","type":"page","link":"https:\/\/mpk.kielce.pl\/mpk\/serwis-ogumienia\/","title":{"rendered":"Serwis ogumienia"},"content":{"rendered":"<figure>\n<p style=\"text-align: left;\" data-wahfont=\"14\"><strong><a href=\"https:\/\/mpk.kielce.pl\/mpk\/wp-content\/uploads\/2023\/10\/MPK-19.10.2023-SERWIS-OGUMIENIA-518x252cm.png\"><img loading=\"lazy\" class=\"alignnone size-full wp-image-2444\" src=\"https:\/\/mpk.kielce.pl\/mpk\/wp-content\/uploads\/2023\/10\/MPK-19.10.2023-SERWIS-OGUMIENIA-518x252cm.png\" alt=\"\" width=\"875\" height=\"436\" srcset=\"https:\/\/mpk.kielce.pl\/mpk\/wp-content\/uploads\/2023\/10\/MPK-19.10.2023-SERWIS-OGUMIENIA-518x252cm.png 875w, https:\/\/mpk.kielce.pl\/mpk\/wp-content\/uploads\/2023\/10\/MPK-19.10.2023-SERWIS-OGUMIENIA-518x252cm-300x149.png 300w, https:\/\/mpk.kielce.pl\/mpk\/wp-content\/uploads\/2023\/10\/MPK-19.10.2023-SERWIS-OGUMIENIA-518x252cm-768x383.png 768w, https:\/\/mpk.kielce.pl\/mpk\/wp-content\/uploads\/2023\/10\/MPK-19.10.2023-SERWIS-OGUMIENIA-518x252cm-800x400.png 800w\" sizes=\"(max-width: 875px) 100vw, 875px\" \/><\/a><br \/>\nWARSZTAT SERWISU OGUMIENIA<\/strong><\/p>\n<p style=\"text-align: left;\" data-wahfont=\"14\">OD PONIEDZIA\u0141KU DO PI\u0104TKU<\/p>\n<p>W GODZINACH OD <strong>8:00<\/strong> DO <strong>16:00<\/strong><\/p>\n<p style=\"text-align: left;\" data-wahfont=\"14\">SOBOTY OD <strong>8:00<\/strong> DO <strong>15:00<\/strong><\/p>\n<p data-wahfont=\"14\"><strong>UWAGA!<\/strong> W &#8222;SEZONIE&#8221; (MI\u0118DZY INNYMI W OKRESIE JESIENNO-ZIMOWYM) W DNI POWSZEDNIE SERWIS OTWARTY JEST D\u0141U\u017bEJ &#8211; OD GODZINY <strong>08:00<\/strong> DO<strong> 18:00<\/strong>.\u00a0 W SOBOTY GODZINY OTWARCIA POZOSTAJ\u0104 BEZ ZMIAN.<\/p>\n<p>Oferujemy:<\/p>\n<ul>\n<li data-wahfont=\"14\">sprzeda\u017c i wymiana opon<\/li>\n<li data-wahfont=\"14\">prostowanie felg i wywa\u017canie k\u00f3\u0142<\/li>\n<li data-wahfont=\"14\">pompowanie k\u00f3\u0142 azotem<\/li>\n<li data-wahfont=\"14\">piaskowanie felg<\/li>\n<\/ul>\n<\/figure>\n<figure>\n<p style=\"text-align: left;\" data-wahfont=\"14\">W CELU WYMIANY OPON NALE\u017bY WCZE\u015aNIEJ ZAREZERWOWA\u0106 TERMIN<\/p>\n<p style=\"text-align: left;\" data-wahfont=\"14\">tel. <a href=\"tel:41 201 41 75\">41 201 41 75<\/a><\/p>\n<p data-wahfont=\"14\">tel. <a href=\"tel:41 201 41 75\">41 345 24 21 wew. 325<\/a><\/p>\n<p data-wahfont=\"14\">\n<\/figure>\n<figure class=\"wp-block-image size-large is-resized\"><\/figure>\n","protected":false},"excerpt":{"rendered":"<p>WARSZTAT SERWISU OGUMIENIA OD PONIEDZIA\u0141KU DO PI\u0104TKU W GODZINACH OD 8:00 DO 16:00 SOBOTY OD 8:00 DO 15:00 UWAGA! W [&hellip;]<\/p>\n","protected":false},"author":1,"featured_media":0,"parent":0,"menu_order":0,"comment_status":"closed","ping_status":"closed","template":"","meta":[],"folder":[],"aioseo_notices":[],"_links":{"self":[{"href":"https:\/\/mpk.kielce.pl\/mpk\/wp-json\/wp\/v2\/pages\/2177"}],"collection":[{"href":"https:\/\/mpk.kielce.pl\/mpk\/wp-json\/wp\/v2\/pages"}],"about":[{"href":"https:\/\/mpk.kielce.pl\/mpk\/wp-json\/wp\/v2\/types\/page"}],"author":[{"embeddable":true,"href":"https:\/\/mpk.kielce.pl\/mpk\/wp-json\/wp\/v2\/users\/1"}],"replies":[{"embeddable":true,"href":"https:\/\/mpk.kielce.pl\/mpk\/wp-json\/wp\/v2\/comments?post=2177"}],"version-history":[{"count":21,"href":"https:\/\/mpk.kielce.pl\/mpk\/wp-json\/wp\/v2\/pages\/2177\/revisions"}],"predecessor-version":[{"id":2961,"href":"https:\/\/mpk.kielce.pl\/mpk\/wp-json\/wp\/v2\/pages\/2177\/revisions\/2961"}],"wp:attachment":[{"href":"https:\/\/mpk.kielce.pl\/mpk\/wp-json\/wp\/v2\/media?parent=2177"}],"wp:term":[{"taxonomy":"folder","embeddable":true,"href":"https:\/\/mpk.kielce.pl\/mpk\/wp-json\/wp\/v2\/folder?post=2177"}],"curies":[{"name":"wp","href":"https:\/\/api.w.org\/{rel}","templated":true}]}}