{"id":2179,"date":"2022-11-18T08:14:10","date_gmt":"2022-11-18T07:14:10","guid":{"rendered":"https:\/\/mpk.kielce.pl\/mpk\/?page_id=2179"},"modified":"2022-11-18T08:14:10","modified_gmt":"2022-11-18T07:14:10","slug":"wynajem-autobusow-i-autokarow","status":"publish","type":"page","link":"https:\/\/mpk.kielce.pl\/mpk\/wynajem-autobusow-i-autokarow\/","title":{"rendered":"WYNAJEM AUTOBUS\u00d3W I AUTOKAR\u00d3W"},"content":{"rendered":"<figure><strong>WYNAJEM AUTOBUS\u00d3W I AUTOKAR\u00d3W -TRANSPORT KRAJOWY I ZAGRANICZNY<\/strong><br \/>\nTEL. 41 201 41 10 wew. 435<\/figure>\n<figure class=\"wp-block-image size-large is-resized\"><img loading=\"lazy\" class=\"wp-image-1580\" src=\"https:\/\/mpk.kielce.pl\/mpk\/wp-content\/uploads\/2021\/11\/253783397_4479187895507286_3672985625185473564_n-1024x1024.jpg\" sizes=\"(max-width: 632px) 100vw, 632px\" srcset=\"https:\/\/mpk.kielce.pl\/mpk\/wp-content\/uploads\/2021\/11\/253783397_4479187895507286_3672985625185473564_n-1024x1024.jpg 1024w, https:\/\/mpk.kielce.pl\/mpk\/wp-content\/uploads\/2021\/11\/253783397_4479187895507286_3672985625185473564_n-300x300.jpg 300w, https:\/\/mpk.kielce.pl\/mpk\/wp-content\/uploads\/2021\/11\/253783397_4479187895507286_3672985625185473564_n-150x150.jpg 150w, https:\/\/mpk.kielce.pl\/mpk\/wp-content\/uploads\/2021\/11\/253783397_4479187895507286_3672985625185473564_n-768x768.jpg 768w, https:\/\/mpk.kielce.pl\/mpk\/wp-content\/uploads\/2021\/11\/253783397_4479187895507286_3672985625185473564_n.jpg 1200w\" alt=\"\" width=\"632\" height=\"632\" \/><\/figure>\n","protected":false},"excerpt":{"rendered":"<p>WYNAJEM AUTOBUS\u00d3W I AUTOKAR\u00d3W -TRANSPORT KRAJOWY I ZAGRANICZNY TEL. 41 201 41 10 wew. 435<\/p>\n","protected":false},"author":1,"featured_media":0,"parent":0,"menu_order":0,"comment_status":"closed","ping_status":"closed","template":"","meta":[],"folder":[],"aioseo_notices":[],"_links":{"self":[{"href":"https:\/\/mpk.kielce.pl\/mpk\/wp-json\/wp\/v2\/pages\/2179"}],"collection":[{"href":"https:\/\/mpk.kielce.pl\/mpk\/wp-json\/wp\/v2\/pages"}],"about":[{"href":"https:\/\/mpk.kielce.pl\/mpk\/wp-json\/wp\/v2\/types\/page"}],"author":[{"embeddable":true,"href":"https:\/\/mpk.kielce.pl\/mpk\/wp-json\/wp\/v2\/users\/1"}],"replies":[{"embeddable":true,"href":"https:\/\/mpk.kielce.pl\/mpk\/wp-json\/wp\/v2\/comments?post=2179"}],"version-history":[{"count":1,"href":"https:\/\/mpk.kielce.pl\/mpk\/wp-json\/wp\/v2\/pages\/2179\/revisions"}],"predecessor-version":[{"id":2180,"href":"https:\/\/mpk.kielce.pl\/mpk\/wp-json\/wp\/v2\/pages\/2179\/revisions\/2180"}],"wp:attachment":[{"href":"https:\/\/mpk.kielce.pl\/mpk\/wp-json\/wp\/v2\/media?parent=2179"}],"wp:term":[{"taxonomy":"folder","embeddable":true,"href":"https:\/\/mpk.kielce.pl\/mpk\/wp-json\/wp\/v2\/folder?post=2179"}],"curies":[{"name":"wp","href":"https:\/\/api.w.org\/{rel}","templated":true}]}}