{"id":224,"date":"2019-12-23T09:28:52","date_gmt":"2019-12-23T08:28:52","guid":{"rendered":"https:\/\/mpk.kielce.pl\/mpkck\/?page_id=224"},"modified":"2021-12-01T11:32:13","modified_gmt":"2021-12-01T10:32:13","slug":"kierowca-kategorii-d-zawod-pilnie-poszukiwany-etap-ii","status":"publish","type":"page","link":"https:\/\/mpk.kielce.pl\/mpk\/kierowca-kategorii-d-zawod-pilnie-poszukiwany-etap-ii\/","title":{"rendered":"Kierowca kategorii D zaw\u00f3d pilnie poszukiwany \u2013 etap II"},"content":{"rendered":"\n<p><strong> &#8222;Nab\u00f3r do IV grupy szkoleniowej zosta\u0142 zako\u0144czony&#8221; <\/strong><br><br><br><strong>Miejskie Przedsi\u0119biorstwo Komunikacji Sp. z o.o. w Kielcach rozpoczyna  nab\u00f3r do IV grupy szkoleniowej 4 lutego 2020 r. o godz. 8.00 <\/strong><\/p>\n\n\n<p>Projekt \u201eKierowca kategorii D zaw\u00f3d pilnie poszukiwany \u2013 etap II\u201d realizowany jest w ramach Regionalnego Programu Operacyjnego Wojew\u00f3dztwa \u015awi\u0119tokrzyskiego na lata 2014-2020, O\u015b priorytetowa: RPSW.08.00.00 Rozw\u00f3j edukacji i aktywne spo\u0142ecze\u0144stwo, Dzia\u0142anie: PSW.08.05.00 Rozw\u00f3j i wysoka jako\u015b\u0107 szkolnictwa zawodowego i kszta\u0142cenia, ustawicznego, Poddzia\u0142anie: RPSW.08.05.03 Edukacja formalna i pozaformalna os\u00f3b doros\u0142ych.<\/p>\n<p>W ramach projektu przewiduje si\u0119:<\/p>\n<p>\u2013 organizacj\u0119 kursu prawo jazdy kategorii D po B wraz z kwalifikacj\u0105 wst\u0119pn\u0105 lub kwalifikacj\u0105 przyspieszon\u0105 dla 74 os\u00f3b powy\u017cej 21 roku \u017cycia zamieszka\u0142ych zgodnie z Kodeksem Cywilnym na terenie wojew\u00f3dztwa \u015bwi\u0119tokrzyskiego,<\/p>\n<p>\u2013 diagnoz\u0119 predyspozycji zawodowych dla uczestnik\u00f3w projektu,<\/p>\n<p>\u2013 badania lekarskie i psychologiczne dopuszczaj\u0105ce do uczestnictwa w kursie prawa jazdy kategorii D po B.<\/p>\n<p>Celem g\u0142\u00f3wnym projektu jest lepsze dopasowanie systemu kszta\u0142cenia i szkolenia do potrzeb rynku pracy, u\u0142atwienie przechodzenia z etapu kszta\u0142cenia do etapu zatrudnienia oraz wzmacnianie systemu kszta\u0142cenia zawodowego i jego jako\u015bci poprzez organizacj\u0119 praktycznej nauki zawodu kierowca kategorii D. Cel ten wpisuje zostanie osi\u0105gni\u0119ty poprzez organizacj\u0119 kursu prawa jazdy kategorii D po B z kwalifikacj\u0105 wst\u0119pn\u0105 lub kwalifikacj\u0105 wst\u0119pn\u0105 przyspieszon\u0105 dla 74 os. (8Ki66M) powy\u017cej 21 roku \u017cycia z czego:<\/p>\n<p>a) 21% ucz. z orzeczonym stopniem niepe\u0142nosprawno\u015bci 16 os. (16M),<\/p>\n<p>b 51% ucz, w wieku 50+ lub posiadaj\u0105cych niskie kwalifikacje, 38os.( 4Mi34K),<\/p>\n<p>c) 8 os. pomi\u0119dzy (21a24lata) (1Ki7M).<\/p>\n<p>37 os. zarejestrowanych w Miejskim Urz\u0119dzie Pracy w Kielcach, jako bezrobotne (zrekrutowane przez MUP Kielce) i 37 innych os. zainteresowanych z w\u0142asnej inicjatywy zdobyciem, uzupe\u0142nieniem lub podnoszeniem kompetencji lub kwalifikacji zawodowych zamieszka\u0142ych zgodnie z KC w woj. \u015bwi\u0119tokrzyskim (zrekrutowane przez MPK Kielce) kt\u00f3re po zidentyfikowanej diagnozie rzeczywistych predyspozycji chc\u0105 podj\u0105\u0107 szkolenie prawo jazdy kategorii D.<\/p>\n<p>Projekt zak\u0142ada osi\u0105gni\u0119cie nast\u0119puj\u0105cych wska\u017anik\u00f3w rezultatu:<\/p>\n<p>\u2013 Liczba os\u00f3b, kt\u00f3re uzyska\u0142y kwalifikacje w ramach pozaszkolnych form kszta\u0142cenia [osoby] \u2013 60<\/p>\n<p>Projekt zak\u0142ada osi\u0105gni\u0119cie nast\u0119puj\u0105cych wska\u017anik\u00f3w produktu:<\/p>\n<p>\u2013 Liczba os\u00f3b uczestnicz\u0105cych w pozaszkolnych formach kszta\u0142cenia w programie [osoby] \u2013 74<\/p>\n<p>\u2013 Liczba os\u00f3b uczestnicz\u0105cych w pozaszkolnych formach kszta\u0142cenia (bez udzia\u0142u pracodawc\u00f3w) w Programie [liczba os\u00f3b] \u2013 74<\/p>\n<p>\u2013 Liczba podmiot\u00f3w wykorzystuj\u0105cych technologie informacyjno-komunikacyjne [szt.] \u2013 1<\/p>\n<p>\u2013 Liczba os\u00f3b z niepe\u0142nosprawno\u015bciami uczestnicz\u0105cych w projekcie [liczba os\u00f3b] \u2013 16<\/p>\n<p>\u2013 Liczba os\u00f3b uczestnicz\u0105cych w projekcie nale\u017c\u0105cych do co najmniej jednej z poni\u017cszych grup: osoby w wieku 50 lat i wi\u0119cej; osoby z niskimi kwalifikacjami [liczba os\u00f3b] \u2013 38<\/p>\n<p>\u2013 Liczba os\u00f3b, kt\u00f3re b\u0119d\u0105 uczestniczy\u0107 w badaniach lekarskich i psychologicznych [liczba os\u00f3b] \u2013 80<\/p>\n<p>\u2013 Liczba os\u00f3b obj\u0119tych wsparciem w zakresie zwalczania lub przeciwdzia\u0142ania skutkom pandemii COVID- 19 \u2013 74<\/p>\n<p>\u2013 Liczba podmiot\u00f3w obj\u0119tych wsparciem w zakresie zwalczania lub przeciwdzia\u0142ania skutkom pandemii COVID-19 \u2013 2<\/p>\n<p>\u2013 Warto\u015b\u0107 wydatk\u00f3w kwalifikowalnych przeznaczonych na dzia\u0142ania zwi\u0105zane z pandemi\u0105 COVID-19 \u2013 10\u00a0129,84 z\u0142<\/p>\n<p>Koszty ca\u0142kowite projektu to 1 034 837,30 z\u0142.<\/p>\n<p>Udzia\u0142 dofinansowania 898 437,30 z\u0142.<\/p>\n<p>Projekt realizowany do 2019-10-01 do 2021-03-31<\/p>\n<p>\u00a0<\/p>\n<p><span style=\"color: #0000ff;\"><a style=\"color: #0000ff;\" href=\"https:\/\/mpk.kielce.pl\/mpk\/images\/Zapytanie ofertowe nr 6 MPK KKDZPPEII2020 na sprz\u0119t komputerowy.pdf\" data-wplink-url-error=\"true\">Zapytanie ofertowe nr 6 MPK KKDZPPEII2020 na sprz\u0119t komputerowy<\/a><\/span><\/p>\n<p><span style=\"color: #0000ff;\"><a style=\"color: #0000ff;\" href=\"https:\/\/mpk.kielce.pl\/mpk\/images\/Zawiadomienie o wyborze oferty do zapytania nr 4.pdf\" data-wplink-url-error=\"true\">Zawiadomienie o wyborze oferty do zapytania nr 4<\/a><\/span><\/p>\n<p><a href=\"https:\/\/mpk.kielce.pl\/mpk\/images\/Zawiadomienie o wyborze oferty do zapytania nr 5.pdf\" data-wplink-url-error=\"true\"><span style=\"color: #0000ff;\">Zawiadomienie o wyborze oferty do zapytania nr 5<\/span><\/a><\/p>\n<p><span style=\"color: #0000ff;\"><a style=\"color: #0000ff;\" href=\"https:\/\/mpk.kielce.pl\/mpk\/images\/zapytanieofertowenr4MPKKKDZPPII.pdf\">Zapytanie ofertowe nr 4 MPK KKDZPP II<\/a><\/span><\/p>\n<p><span style=\"color: #0000ff;\"><a style=\"color: #0000ff;\" href=\"https:\/\/mpk.kielce.pl\/mpk\/images\/Zapytanieofertowenr5MPKKKDZPPEII.pdf\">Zapytanie ofertowe nr 5 MPK KKDZPPE II<\/a><\/span><\/p>\n<p><span style=\"color: #0000ff;\"><a style=\"color: #0000ff;\" href=\"https:\/\/mpk.kielce.pl\/mpk\/images\/zawiadomienie%20o%20wyborze%20oferty%20do%20zap%201.pdf\">ZAWIADOMIENIE O WYBORZE OFERTY\u00a0 DO ZAPYTANIE NR 1\/\/MPK\/KKDZPPEII\/2019<\/a><\/span><\/p>\n<p><span style=\"color: #0000ff;\"><a style=\"color: #0000ff;\" href=\"https:\/\/mpk.kielce.pl\/mpk\/images\/dokumenty%20rekrutacyjne%20do%20projektu%20(1)%20\u2014%20kopia.pdf\">Dokumenty rekrutacyjne &#8211; FORMULARZ ZG\u0141OSZENIOWY DO PROJEKTU \u201eKierowca kategorii D zaw\u00f3d pilnie poszukiwany\u201d etap II <\/a><\/span><\/p>\n<p><span style=\"color: #0000ff;\"><a style=\"color: #0000ff;\" href=\"https:\/\/mpk.kielce.pl\/mpk\/images\/ponowne%20zapytanie%203.pdf\">PONOWNE ZAPYTANIE OFERTOWE NR 3\/MPK\/KKDZPPEII\/2019 NA US\u0141UGI GASTRONOMICZNE<\/a><\/span><\/p>\n<p><span style=\"color: #0000ff;\"><a style=\"color: #0000ff;\" href=\"https:\/\/mpk.kielce.pl\/mpk\/images\/ponowne%20zapytanie%20ne%202.pdf\">PONOWNE ZAPYTANIE OFERTOWE NR 2\/MPK\/KKDZPPEII\/2019 NA PRZEPROWADZENIE KURS\u00d3W<\/a><\/span><\/p>\n<p><span style=\"color: #0000ff;\"><a style=\"color: #0000ff;\" href=\"https:\/\/mpk.kielce.pl\/mpk\/images\/uniewa\u017cnienie%203.pdf\">UNIEWA\u017bNIENIE ZAPYTANIA OFERTOWEGO NR 3\/MPK\/KKDZPPEII\/2019 NA US\u0141UGI GASTRONOMICZNE<\/a><\/span><\/p>\n<p><span style=\"color: #0000ff;\"><a style=\"color: #0000ff;\" href=\"https:\/\/mpk.kielce.pl\/mpk\/images\/uniewa\u017cnienie%202.pdf\">UNIEWA\u017bNIENIE ZAPYTANIA OFERTOWEGO NR 2\/MPK\/KKDZPPEII\/2019 NA PRZEPROWADZENIE KURS\u00d3W<\/a><\/span><\/p>\n<p><span style=\"color: #0000ff;\"><a style=\"color: #0000ff;\" href=\"https:\/\/mpk.kielce.pl\/mpk\/images\/zapytanieofertowenr1MPKKKDZPPEII2019nabadanialekarskie.pdf\">ZAPYTANIE OFERTOWE NR 1\/MPK\/KKDZPPEII\/2019 NA BADANIA LEKARSKIE<\/a><\/span><\/p>\n<p><span style=\"color: #0000ff;\"><a style=\"color: #0000ff;\" href=\"https:\/\/mpk.kielce.pl\/mpk\/images\/zapytanie_ofertowe_nr2_MPK_KKDZPPEII_2019_na_organizacje_kursow.pdf\">ZAPYTANIE OFERTOWE NR 2\/MPK\/KKDZPPEII\/2019 NA PRZEPROWADZENIE KURS\u00d3W<\/a><\/span><\/p>\n<p><span style=\"color: #0000ff;\"><a style=\"color: #0000ff;\" href=\"https:\/\/mpk.kielce.pl\/mpk\/images\/zapytanie_ofertowe_nr3_na_us\u0142ugi_gastronomiczne%20\u2014%20kopia.pdf\">ZAPYTANIE OFERTOWE NR 3\/MPK\/KKDZPPEII\/2019 NA US\u0141UGI GASTRONOMICZNE<\/a><\/span><\/p>\n<p><span style=\"color: #0000ff;\"><a style=\"color: #0000ff;\" href=\"https:\/\/mpk.kielce.pl\/mpk\/images\/zawiadomienie%20catering.pdf\">ZAWIADOMIENIE O WYBORZE WYKONAWCY W RAMACH ZAPYTANIA OFERTOWEGO NR 3\/MPK\/KKDZPPEII\/2019 NA US\u0141UGI GASTRONOMICZNE<\/a><\/span><\/p>\n<p><span style=\"color: #0000ff;\"><a style=\"color: #0000ff;\" href=\"https:\/\/mpk.kielce.pl\/mpk\/images\/zawiadomie%20kursy.pdf\">ZAWIADOMIENIE O WYBORZE WYKONAWCY W RAMACH ZAPYTANIA OFERTOWEGO 2\/MPK\/KKDZPPEII\/2019 NA PRZEPROWADZENIE KURS\u00d3W<\/a><\/span><\/p>\n<p><a href=\"https:\/\/mpk.kielce.pl\/mpk\/wp-content\/uploads\/2020\/04\/zawiadomienie-do-zapytania-6.pdf\"><span style=\"color: #3366ff;\">Zawiadomienie o wyborze wykonawcy w ramach zapytania ofertowego nr 6\/MPK\/KKDZPPEII\/2020<\/span><\/a><\/p>\n<p><span style=\"color: #0000ff;\"><a style=\"color: #0000ff;\" href=\"https:\/\/mpk.kielce.pl\/mpk\/wp-content\/uploads\/2020\/05\/Zapytanie-7.pdf\">Zapytanie ofertowe nr 7\/MPK\/KKDZPPEII\/2020<\/a><\/span><\/p>\n<p><span style=\"color: #0000ff;\"><a style=\"color: #0000ff;\" href=\"https:\/\/mpk.kielce.pl\/mpk\/wp-content\/uploads\/2020\/05\/zapytanie-8.pdf\">Zapytanie ofertowe nr 8\/MPK\/KKDZPPEII\/2020<\/a><\/span><\/p>\n<p><span style=\"color: #0000ff;\"><a style=\"color: #0000ff;\" href=\"https:\/\/mpk.kielce.pl\/mpk\/wp-content\/uploads\/2020\/05\/zapytanie-9.pdf\">Zapytanie ofertowe nr 9\/MPK\/KKDZPPEII\/2020<\/a><\/span><\/p>\n<p><span style=\"background-color: #ffffff; color: #3366ff;\"><a style=\"background-color: #ffffff; color: #3366ff;\" href=\"https:\/\/mpk.kielce.pl\/mpk\/wp-content\/uploads\/2020\/12\/zapytanie-10.pdf\">Zapytanie ofertowe nr 10\/MPK\/KKDZPPEII\/2020<\/a><\/span><\/p>\n<p><span style=\"color: #3366ff;\"><a style=\"color: #3366ff;\" href=\"https:\/\/mpk.kielce.pl\/mpk\/wp-content\/uploads\/2020\/05\/zawiadomienie-7.pdf\">Zawiadomienie o wyborze oferty do zapytania ofertowego nr 7\/MPK\/KKDZPPEII\/2020<\/a><\/span><\/p>\n<div><span style=\"color: #3366ff;\"><a style=\"color: #3366ff;\" href=\"https:\/\/mpk.kielce.pl\/mpk\/wp-content\/uploads\/2020\/05\/zawiadomienie-8.pdf\">Zawiadomienie o wyborze oferty do zapytania ofertowego nr 8\/MPK\/KKDZPPEII\/2020<\/a><\/span><\/div>\n<div>\u00a0<\/div>\n<div><span style=\"color: #3366ff;\"><a style=\"color: #3366ff;\" href=\"https:\/\/mpk.kielce.pl\/mpk\/wp-content\/uploads\/2020\/06\/zawiadomienie-9.pdf\">Zawiadomienie o wyborze oferty do zapytania ofertowego nr 9\/MPK\/KKDZPPEII\/2020<\/a><\/span><\/div>\n<div>\u00a0<\/div>\n<div><span style=\"color: #3366ff;\"><a style=\"color: #3366ff;\" href=\"https:\/\/mpk.kielce.pl\/mpk\/wp-content\/uploads\/2020\/12\/SKM_C250i201231100800.pdf\">ZAWIADOMIENIE O WYBORZE OFERTY DO ZAPYTANIA OFERTOWEGO NR 10\/MPK\/KKDZPPEII\/2020<\/a><\/span><\/div>\n<div>\u00a0<\/div>\n\n\n<p class=\"has-vivid-cyan-blue-color has-text-color\"><a href=\"https:\/\/mpk.kielce.pl\/mpk\/wp-content\/uploads\/2020\/03\/zapytanie_11.pdf\">ZAPYTANIE OFERTOWE NR 11\/MPK\/KKDZPPEII\/2020<\/a><\/p>\n\n\n\n<p class=\"has-vivid-cyan-blue-color has-text-color\"><a href=\"https:\/\/mpk.kielce.pl\/mpk\/wp-content\/uploads\/2020\/03\/SKM_C250i210413105200.pdf\">ZAWIADOMIENIE O WYBORZE OFERTY do Zapytanie ofertowe nr 11\/MPK\/KKDZPPEII\/2021 z dnia 11 marca 2021 r.<\/a><\/p>\n\n\n\n<p class=\"has-vivid-cyan-blue-color has-text-color\"><a href=\"https:\/\/mpk.kielce.pl\/mpk\/wp-content\/uploads\/2021\/06\/SKM_C250i210608140500.pdf\">ZAPYTANIE OFERTOWE NR 12\/MPK\/KKDZPPEII\/2020<\/a><\/p>\n\n\n\n<p class=\"has-vivid-cyan-blue-color has-text-color\"><a href=\"https:\/\/mpk.kielce.pl\/mpk\/wp-content\/uploads\/2021\/06\/SKM_C250i210624084801.pdf\">UNIEWA\u017bNIENIE ZAPYTANIA OFERTOWEGO NR 12\/MPK\/KKDZPPEII\/2021<\/a><\/p>\n\n\n\n<p><a href=\"https:\/\/mpk.kielce.pl\/mpk\/wp-content\/uploads\/2021\/11\/zapytanie-13-dodatkowe.pdf\"><span style=\"color:#0693e3\" class=\"tadv-color\">\u00a0ZAPYTANIE OFERTOWE NR 13\/MPK\/KKDZPPEII\/2021 NA JAZDY DODATKOWE<\/span><\/a><\/p>\n\n\n\n<p class=\"has-vivid-cyan-blue-color has-text-color\"><a href=\"https:\/\/mpk.kielce.pl\/mpk\/wp-content\/uploads\/2021\/12\/zawiadomienie_zapytanie_13.pdf\">ZAWIADOMIENIE O WYBORZE OFERENTA DO ZAPYTANIA OFERTOWEGO NR 13\/MPK\/KKDZPPEII\/2021 NA JAZDY DODATKOWE<\/a><\/p>\n","protected":false},"excerpt":{"rendered":"<p>&#8222;Nab\u00f3r do IV grupy szkoleniowej zosta\u0142 zako\u0144czony&#8221; Miejskie Przedsi\u0119biorstwo Komunikacji Sp. z o.o. w Kielcach rozpoczyna nab\u00f3r do IV grupy [&hellip;]<\/p>\n","protected":false},"author":1,"featured_media":0,"parent":0,"menu_order":0,"comment_status":"closed","ping_status":"closed","template":"","meta":[],"folder":[],"aioseo_notices":[],"_links":{"self":[{"href":"https:\/\/mpk.kielce.pl\/mpk\/wp-json\/wp\/v2\/pages\/224"}],"collection":[{"href":"https:\/\/mpk.kielce.pl\/mpk\/wp-json\/wp\/v2\/pages"}],"about":[{"href":"https:\/\/mpk.kielce.pl\/mpk\/wp-json\/wp\/v2\/types\/page"}],"author":[{"embeddable":true,"href":"https:\/\/mpk.kielce.pl\/mpk\/wp-json\/wp\/v2\/users\/1"}],"replies":[{"embeddable":true,"href":"https:\/\/mpk.kielce.pl\/mpk\/wp-json\/wp\/v2\/comments?post=224"}],"version-history":[{"count":39,"href":"https:\/\/mpk.kielce.pl\/mpk\/wp-json\/wp\/v2\/pages\/224\/revisions"}],"predecessor-version":[{"id":1643,"href":"https:\/\/mpk.kielce.pl\/mpk\/wp-json\/wp\/v2\/pages\/224\/revisions\/1643"}],"wp:attachment":[{"href":"https:\/\/mpk.kielce.pl\/mpk\/wp-json\/wp\/v2\/media?parent=224"}],"wp:term":[{"taxonomy":"folder","embeddable":true,"href":"https:\/\/mpk.kielce.pl\/mpk\/wp-json\/wp\/v2\/folder?post=224"}],"curies":[{"name":"wp","href":"https:\/\/api.w.org\/{rel}","templated":true}]}}