{"id":2453,"date":"2023-10-31T13:27:22","date_gmt":"2023-10-31T12:27:22","guid":{"rendered":"https:\/\/mpk.kielce.pl\/mpk\/?page_id=2453"},"modified":"2023-10-31T13:27:22","modified_gmt":"2023-10-31T12:27:22","slug":"ochrona-danych-osobowych","status":"publish","type":"page","link":"https:\/\/mpk.kielce.pl\/mpk\/ochrona-danych-osobowych\/","title":{"rendered":"Ochrona danych osobowych"},"content":{"rendered":"<p align=\"CENTER\"><span style=\"font-family: Arial, sans-serif;\"><span style=\"font-size: medium;\"><b>Klauzula informacyjna<\/b><\/span><\/span><\/p>\n<p align=\"JUSTIFY\"><span style=\"font-family: Arial, sans-serif;\"><span style=\"font-size: small;\">Zgodnie z art. 13 ust. 1 rozporz\u0105dzenia Parlamentu Europejskiego i Rady (UE) 2016\/679 z 27 kwietnia 2016 r.<br \/>\nw sprawie ochrony os\u00f3b fizycznych w zwi\u0105zku z przetwarzaniem danych osobowych<br \/>\ni w sprawie swobodnego przep\u0142ywu takich danych oraz uchylenia dyrektywy 95\/46\/WE (RODO), informujemy, \u017ce:<\/span><\/span><\/p>\n<ol>\n<li><span style=\"font-family: Arial, sans-serif;\"><span style=\"font-size: small;\">Administratorem Pani\/Pana danych osobowych jest Miejskie Przedsi\u0119biorstwo Komunikacji sp. z o.o. w Kielcach 25-734 Kielce, ul. Jagiello\u0144ska 92. <\/span><\/span>\n<p><span style=\"font-family: Arial, sans-serif;\"><span style=\"font-size: small;\">W sprawach zwi\u0105zanych z przetwarzaniem danych osobowych prosimy o kontakt pod adresem e-mail: iod@mpk.kielce.pl<\/span><\/span><\/li>\n<li><span style=\"font-family: Arial, sans-serif;\"><span style=\"font-size: small;\">Udost\u0119pnione przez Pani\u0105\/Pana dane osobowe b\u0119d\u0105 przetwarzane w nast\u0119puj\u0105cych celach:<\/span><\/span><\/li>\n<\/ol>\n<ul>\n<li><span style=\"font-family: Arial, sans-serif;\"><span style=\"font-size: small;\">zwi\u0105zanych z realizacj\u0105 podpisanej z Pani\u0105\/Panem umowy,<\/span><\/span><\/li>\n<li><span style=\"font-family: Arial, sans-serif;\"><span style=\"font-size: small;\">zwi\u0105zanych z dochodzeniem ewentualnych roszcze\u0144, odszkodowa\u0144,<\/span><\/span><\/li>\n<li><span style=\"font-family: Arial, sans-serif;\"><span style=\"font-size: small;\">udzielania odpowiedzi na Pani\/Pana pisma, wnioski i skargi,<\/span><\/span><\/li>\n<li><span style=\"font-family: Arial, sans-serif;\"><span style=\"font-size: small;\">udzielania odpowiedzi w tocz\u0105cych si\u0119 post\u0119powaniach.<\/span><\/span><\/li>\n<\/ul>\n<ol start=\"3\">\n<li><span style=\"font-family: Arial, sans-serif;\"><span style=\"font-size: small;\">Podstaw\u0105 prawn\u0105 przetwarzania Pani\/Pana danych jest:<\/span><\/span><\/li>\n<\/ol>\n<ul>\n<li><span style=\"font-family: Arial, sans-serif;\"><span style=\"font-size: small;\">niezb\u0119dno\u015b\u0107 do wykonania umowy lub do podj\u0119cia dzia\u0142a\u0144 na Pani\/Pana \u017c\u0105danie przed zawarciem umowy (art. 6 ust. 1 lit. b RODO),<\/span><\/span><\/li>\n<li><span style=\"font-family: Arial, sans-serif;\"><span style=\"font-size: small;\">konieczno\u015b\u0107 wype\u0142nienia obowi\u0105zku prawnego ci\u0105\u017c\u0105cego na administratorze (art. 6 ust. 1 lit. c RODO),<\/span><\/span><\/li>\n<li><span style=\"font-family: Arial, sans-serif;\"><span style=\"font-size: small;\">niezb\u0119dno\u015b\u0107 do cel\u00f3w wynikaj\u0105cych z prawnie uzasadnionych interes\u00f3w realizowanych przez administratora (art. 6 ust. 1 lit. f RODO).<\/span><\/span><\/li>\n<\/ul>\n<ol start=\"4\">\n<li><span style=\"font-family: Arial, sans-serif;\"><span style=\"font-size: small;\">Pozyskane od Pani\/Pana dane osobowe mog\u0105 by\u0107 przekazywane:<\/span><\/span><\/li>\n<\/ol>\n<ul>\n<li><span style=\"font-family: Arial, sans-serif;\"><span style=\"font-size: small;\">podmiotom przetwarzaj\u0105cym je na nasze zlecenie<\/span><\/span><\/li>\n<li><span style=\"font-family: Arial, sans-serif;\"><span style=\"font-size: small;\">organom lub podmiotom publicznym uprawnionym do uzyskania danych na podstawie obowi\u0105zuj\u0105cych przepis\u00f3w prawa, np. s\u0105dom, organom \u015bcigania lub instytucjom pa\u0144stwowym, gdy wyst\u0105pi\u0105 z \u017c\u0105daniem, w oparciu o stosown\u0105 podstaw\u0119 prawn\u0105.<\/span><\/span><\/li>\n<\/ul>\n<ol start=\"5\">\n<li><span style=\"font-family: Arial, sans-serif;\"><span style=\"font-size: small;\">Pani\/Pana dane nie b\u0119d\u0105 przekazane do pa\u0144stw trzecich.<\/span><\/span><\/li>\n<li><span style=\"font-family: Arial, sans-serif;\"><span style=\"font-size: small;\">Okres przetwarzania Pani\/Pana danych osobowych jest uzale\u017cniony od celu w jakim dane s\u0105 przetwarzane. Okres, przez kt\u00f3ry Pani\/Pana dane osobowe b\u0119d\u0105 przechowywane jest obliczany w oparciu o nast\u0119puj\u0105ce kryteria:<\/span><\/span><\/li>\n<\/ol>\n<ul>\n<li><span style=\"font-family: Arial, sans-serif;\"><span style=\"font-size: small;\">czasu obowi\u0105zywania umowy, <\/span><\/span><\/li>\n<li><span style=\"font-family: Arial, sans-serif;\"><span style=\"font-size: small;\">przepisy prawa, kt\u00f3re mog\u0105 nas obligowa\u0107 do przetwarzania danych przez okre\u015blony czas, <\/span><\/span><\/li>\n<li><span style=\"font-family: Arial, sans-serif;\"><span style=\"font-size: small;\">okres, kt\u00f3ry jest niezb\u0119dny do obrony naszych interes\u00f3w.<\/span><\/span><\/li>\n<\/ul>\n<ol start=\"7\">\n<li><span style=\"font-family: Arial, sans-serif;\"><span style=\"font-size: small;\">Ponadto, informujemy, \u017ce ma Pani\/Pan prawo do:<\/span><\/span><\/li>\n<\/ol>\n<ul>\n<li><span style=\"font-family: Arial, sans-serif;\"><span style=\"font-size: small;\">dost\u0119pu do swoich danych osobowych,<\/span><\/span><\/li>\n<li><span style=\"font-family: Arial, sans-serif;\"><span style=\"font-size: small;\">\u017c\u0105dania sprostowania swoich danych osobowych, kt\u00f3re s\u0105 nieprawid\u0142owe oraz uzupe\u0142nienia niekompletnych danych osobowych,<\/span><\/span><\/li>\n<li><span style=\"font-family: Arial, sans-serif;\"><span style=\"font-size: small;\">\u017c\u0105dania usuni\u0119cia swoich danych osobowych, w szczeg\u00f3lno\u015bci w przypadku cofni\u0119cia przez Pani\u0105\/Pana zgody na przetwarzanie, gdy nie ma innej podstawy prawnej przetwarzania,<\/span><\/span><\/li>\n<li><span style=\"font-family: Arial, sans-serif;\"><span style=\"font-size: small;\">\u017c\u0105dania ograniczenia przetwarzania swoich danych osobowych,<\/span><\/span><\/li>\n<li><span style=\"font-family: Arial, sans-serif;\"><span style=\"font-size: small;\">wniesienia sprzeciwu wobec przetwarzania swoich danych, ze wzgl\u0119du na Pani\/Pana szczeg\u00f3ln\u0105 sytuacj\u0119, w przypadkach, kiedy przetwarzamy Pani\/Pana dane na podstawie naszego prawnie usprawiedliwionego interesu czy te\u017c na potrzeby marketingu bezpo\u015bredniego,<\/span><\/span><\/li>\n<li><span style=\"font-family: Arial, sans-serif;\"><span style=\"font-size: small;\">przenoszenia swoich danych osobowych, <\/span><\/span><\/li>\n<li><span style=\"font-family: Arial, sans-serif;\"><span style=\"font-size: small;\">wniesienia skargi do organu nadzorczego zajmuj\u0105cego si\u0119 ochron\u0105 danych osobowych, tj. Prezesa Urz\u0119du Ochrony Danych Osobowych.<\/span><\/span><\/li>\n<\/ul>\n<ol start=\"8\">\n<li><span style=\"font-family: Arial, sans-serif;\"><span style=\"font-size: small;\">W zakresie, w jakim Pani\/Pana dane s\u0105 przetwarzane na podstawie zgody \u2013 ma Pani\/Pan prawo wycofania zgody na przetwarzanie danych w dowolnym momencie. Wycofanie zgody nie ma wp\u0142ywu na zgodno\u015b\u0107 z prawem przetwarzania, kt\u00f3rego dokonano na podstawie Pani\/Pana zgody przed jej wycofaniem. Zgod\u0119 mo\u017ce Pani\/Pan wycofa\u0107 poprzez wys\u0142anie o\u015bwiadczenia o wycofaniu zgody na nasz adres korespondencyjny b\u0105d\u017a adres e-mailowy.<\/span><\/span><\/li>\n<li><span style=\"font-family: Arial, sans-serif;\"><span style=\"font-size: small;\">Informujemy, \u017ce nie korzystamy z system\u00f3w s\u0142u\u017c\u0105cych do zautomatyzowanego podejmowania decyzji.<\/span><\/span><\/li>\n<\/ol>\n","protected":false},"excerpt":{"rendered":"<p>Klauzula informacyjna Zgodnie z art. 13 ust. 1 rozporz\u0105dzenia Parlamentu Europejskiego i Rady (UE) 2016\/679 z 27 kwietnia 2016 r. [&hellip;]<\/p>\n","protected":false},"author":1,"featured_media":0,"parent":0,"menu_order":0,"comment_status":"closed","ping_status":"closed","template":"","meta":[],"folder":[],"aioseo_notices":[],"_links":{"self":[{"href":"https:\/\/mpk.kielce.pl\/mpk\/wp-json\/wp\/v2\/pages\/2453"}],"collection":[{"href":"https:\/\/mpk.kielce.pl\/mpk\/wp-json\/wp\/v2\/pages"}],"about":[{"href":"https:\/\/mpk.kielce.pl\/mpk\/wp-json\/wp\/v2\/types\/page"}],"author":[{"embeddable":true,"href":"https:\/\/mpk.kielce.pl\/mpk\/wp-json\/wp\/v2\/users\/1"}],"replies":[{"embeddable":true,"href":"https:\/\/mpk.kielce.pl\/mpk\/wp-json\/wp\/v2\/comments?post=2453"}],"version-history":[{"count":1,"href":"https:\/\/mpk.kielce.pl\/mpk\/wp-json\/wp\/v2\/pages\/2453\/revisions"}],"predecessor-version":[{"id":2454,"href":"https:\/\/mpk.kielce.pl\/mpk\/wp-json\/wp\/v2\/pages\/2453\/revisions\/2454"}],"wp:attachment":[{"href":"https:\/\/mpk.kielce.pl\/mpk\/wp-json\/wp\/v2\/media?parent=2453"}],"wp:term":[{"taxonomy":"folder","embeddable":true,"href":"https:\/\/mpk.kielce.pl\/mpk\/wp-json\/wp\/v2\/folder?post=2453"}],"curies":[{"name":"wp","href":"https:\/\/api.w.org\/{rel}","templated":true}]}}