{"id":2720,"date":"2025-01-14T09:36:41","date_gmt":"2025-01-14T08:36:41","guid":{"rendered":"https:\/\/mpk.kielce.pl\/mpk\/?page_id=2720"},"modified":"2025-01-30T11:58:58","modified_gmt":"2025-01-30T10:58:58","slug":"holowanie","status":"publish","type":"page","link":"https:\/\/mpk.kielce.pl\/mpk\/holowanie\/","title":{"rendered":"Holowanie"},"content":{"rendered":"<div class=\"wp-block-image\">\n<figure>\n<h4 class=\"has-text-align-center\" style=\"text-align: center;\" data-wahfont=\"24\"><span class=\"has-inline-color has-luminous-vivid-orange-color\" data-wahfont=\"24\">CA\u0141ODOBOWE US\u0141UGI HOLOWANIA POJAZD\u00d3W<\/span><\/h4>\n<p class=\"has-text-align-center\" style=\"text-align: center;\" data-wahfont=\"16\"><strong>\u00a0POMOC DROGOWA \u2013 HOLOWANIE \u2013 LAWETA<\/strong><\/p>\n<p class=\"has-text-align-center\" style=\"text-align: center;\" data-wahfont=\"16\"><em><strong>Tel.\u00a0 <a href=\"tel:512010160\" data-wahfont=\"16\">512-010-160<\/a>\u00a0 lub\u00a0 <a href=\"tel:413460696\" data-wahfont=\"16\">41-346-06-96<\/a><\/strong><\/em><\/p>\n<table style=\"border-collapse: collapse; width: 100%;\">\n<tbody>\n<tr>\n<th class=\"has-text-align-center\" style=\"width: 50%; text-align: center;\" data-align=\"center\">Holownik<\/th>\n<\/tr>\n<tr>\n<td class=\"has-text-align-center\" style=\"width: 50%; text-align: center;\" data-align=\"center\"><a href=\"https:\/\/mpk.kielce.pl\/mpk2\/images\/stories\/MPK\/cennik_holownik.pdf\" target=\"_blank\" rel=\"noreferrer noopener\" data-wahfont=\"16\">CENNIK US\u0141UGI<\/a><\/td>\n<\/tr>\n<\/tbody>\n<\/table>\n<p class=\"has-text-align-center\" style=\"text-align: center;\" data-wahfont=\"16\">\n<\/figure>\n<figure class=\"aligncenter size-full\"><img loading=\"lazy\" class=\"wp-image-1633 aligncenter\" src=\"https:\/\/mpk.kielce.pl\/mpk\/wp-content\/uploads\/2021\/11\/258854868_4524242637668478_2553928484053221806_n.png\" sizes=\"(max-width: 526px) 100vw, 526px\" srcset=\"https:\/\/mpk.kielce.pl\/mpk\/wp-content\/uploads\/2021\/11\/258854868_4524242637668478_2553928484053221806_n.png 526w, https:\/\/mpk.kielce.pl\/mpk\/wp-content\/uploads\/2021\/11\/258854868_4524242637668478_2553928484053221806_n-300x300.png 300w, https:\/\/mpk.kielce.pl\/mpk\/wp-content\/uploads\/2021\/11\/258854868_4524242637668478_2553928484053221806_n-150x150.png 150w\" alt=\"\" width=\"526\" height=\"526\" \/><\/figure>\n<\/div>\n","protected":false},"excerpt":{"rendered":"<p>CA\u0141ODOBOWE US\u0141UGI HOLOWANIA POJAZD\u00d3W \u00a0POMOC DROGOWA \u2013 HOLOWANIE \u2013 LAWETA Tel.\u00a0 512-010-160\u00a0 lub\u00a0 41-346-06-96 Holownik CENNIK US\u0141UGI<\/p>\n","protected":false},"author":1,"featured_media":0,"parent":0,"menu_order":0,"comment_status":"closed","ping_status":"closed","template":"","meta":[],"folder":[],"aioseo_notices":[],"_links":{"self":[{"href":"https:\/\/mpk.kielce.pl\/mpk\/wp-json\/wp\/v2\/pages\/2720"}],"collection":[{"href":"https:\/\/mpk.kielce.pl\/mpk\/wp-json\/wp\/v2\/pages"}],"about":[{"href":"https:\/\/mpk.kielce.pl\/mpk\/wp-json\/wp\/v2\/types\/page"}],"author":[{"embeddable":true,"href":"https:\/\/mpk.kielce.pl\/mpk\/wp-json\/wp\/v2\/users\/1"}],"replies":[{"embeddable":true,"href":"https:\/\/mpk.kielce.pl\/mpk\/wp-json\/wp\/v2\/comments?post=2720"}],"version-history":[{"count":2,"href":"https:\/\/mpk.kielce.pl\/mpk\/wp-json\/wp\/v2\/pages\/2720\/revisions"}],"predecessor-version":[{"id":2726,"href":"https:\/\/mpk.kielce.pl\/mpk\/wp-json\/wp\/v2\/pages\/2720\/revisions\/2726"}],"wp:attachment":[{"href":"https:\/\/mpk.kielce.pl\/mpk\/wp-json\/wp\/v2\/media?parent=2720"}],"wp:term":[{"taxonomy":"folder","embeddable":true,"href":"https:\/\/mpk.kielce.pl\/mpk\/wp-json\/wp\/v2\/folder?post=2720"}],"curies":[{"name":"wp","href":"https:\/\/api.w.org\/{rel}","templated":true}]}}