{"id":411,"date":"2020-02-13T09:37:49","date_gmt":"2020-02-13T08:37:49","guid":{"rendered":"https:\/\/mpk.kielce.pl\/mpk\/?page_id=411"},"modified":"2021-02-11T07:20:45","modified_gmt":"2021-02-11T06:20:45","slug":"2020-2","status":"publish","type":"page","link":"https:\/\/mpk.kielce.pl\/mpk\/2020-2\/","title":{"rendered":"2020"},"content":{"rendered":"\n<figure class=\"wp-block-table aligncenter is-style-regular\"><table class=\"has-subtle-light-gray-background-color has-background\"><tbody><tr><td class=\"has-text-align-center\" data-align=\"center\"><a class=\"aioseop-link\" href=\"https:\/\/mpk.kielce.pl\/mpk\/wp-content\/uploads\/2020\/02\/styczen2020.pdf\"><img loading=\"lazy\" width=\"200\" height=\"279\" class=\"wp-image-715\" style=\"width: 150px;\" src=\"https:\/\/mpk.kielce.pl\/mpk\/wp-content\/uploads\/2020\/02\/styczen2020.png\" alt=\"\"><\/a><br>Stycze\u0144 2020<\/td><td class=\"has-text-align-center\" data-align=\"center\"><a class=\"aioseop-link\" href=\"https:\/\/mpk.kielce.pl\/mpk\/wp-content\/uploads\/2020\/02\/luty2020.pdf\"><img loading=\"lazy\" width=\"200\" height=\"273\" class=\"wp-image-720\" style=\"width: 150px;\" src=\"https:\/\/mpk.kielce.pl\/mpk\/wp-content\/uploads\/2020\/02\/luty2020.png\" alt=\"\"><\/a><br>Luty 2020<\/td><td class=\"has-text-align-center\" data-align=\"center\"><a class=\"aioseop-link\" href=\"https:\/\/mpk.kielce.pl\/mpk\/wp-content\/uploads\/2020\/05\/MPK_biuletyn_marzec_86_druk.pdf\"><img loading=\"lazy\" width=\"729\" height=\"995\" class=\"wp-image-886\" style=\"width: 150px;\" src=\"https:\/\/mpk.kielce.pl\/mpk\/wp-content\/uploads\/2020\/05\/20_05.jpg\" alt=\"\" srcset=\"https:\/\/mpk.kielce.pl\/mpk\/wp-content\/uploads\/2020\/05\/20_05.jpg 729w, https:\/\/mpk.kielce.pl\/mpk\/wp-content\/uploads\/2020\/05\/20_05-220x300.jpg 220w\" sizes=\"(max-width: 729px) 100vw, 729px\" \/><\/a><br>Marzec 2020<\/td><td class=\"has-text-align-center\" data-align=\"center\"><a class=\"aioseop-link\" href=\"https:\/\/mpk.kielce.pl\/mpk\/wp-content\/uploads\/2020\/05\/MPK_biuletyn_maj_87_druk.pdf\"><img loading=\"lazy\" width=\"729\" height=\"996\" class=\"wp-image-895\" style=\"width: 150px;\" src=\"https:\/\/mpk.kielce.pl\/mpk\/wp-content\/uploads\/2020\/05\/055_20-1-e1589971079245.jpg\" alt=\"\"><\/a><br>Maj 2020<\/td><\/tr><tr><td class=\"has-text-align-center\" data-align=\"center\"><a href=\"https:\/\/mpk.kielce.pl\/mpk\/wp-content\/uploads\/2020\/06\/czerwiec_88_druk.pdf\" class=\"aioseop-link\"><img loading=\"lazy\" width=\"628\" height=\"858\" class=\"wp-image-918\" style=\"width: 150px;\" src=\"https:\/\/mpk.kielce.pl\/mpk\/wp-content\/uploads\/2020\/06\/Clipboard01.jpg\" alt=\"\" srcset=\"https:\/\/mpk.kielce.pl\/mpk\/wp-content\/uploads\/2020\/06\/Clipboard01.jpg 628w, https:\/\/mpk.kielce.pl\/mpk\/wp-content\/uploads\/2020\/06\/Clipboard01-220x300.jpg 220w\" sizes=\"(max-width: 628px) 100vw, 628px\" \/><\/a><br>Czerwiec 2020<\/td><td class=\"has-text-align-center\" data-align=\"center\"><a href=\"https:\/\/mpk.kielce.pl\/mpk\/wp-content\/uploads\/2020\/07\/2020_lipiec.pdf\" class=\"aioseop-link\"><img loading=\"lazy\" width=\"220\" height=\"300\" class=\"wp-image-926\" style=\"width: 150px;\" src=\"https:\/\/mpk.kielce.pl\/mpk\/wp-content\/uploads\/2020\/07\/07_2020.jpg\" alt=\"\"><br><\/a>Lipiec 2020<\/td><td class=\"has-text-align-center\" data-align=\"center\"><a href=\"https:\/\/mpk.kielce.pl\/mpk\/wp-content\/uploads\/2020\/08\/sierpien.pdf\"><img loading=\"lazy\" width=\"775\" height=\"1081\" class=\"wp-image-965\" style=\"width: 150px;\" src=\"https:\/\/mpk.kielce.pl\/mpk\/wp-content\/uploads\/2020\/08\/sierpien.jpg\" alt=\"\" srcset=\"https:\/\/mpk.kielce.pl\/mpk\/wp-content\/uploads\/2020\/08\/sierpien.jpg 775w, https:\/\/mpk.kielce.pl\/mpk\/wp-content\/uploads\/2020\/08\/sierpien-215x300.jpg 215w, https:\/\/mpk.kielce.pl\/mpk\/wp-content\/uploads\/2020\/08\/sierpien-734x1024.jpg 734w, https:\/\/mpk.kielce.pl\/mpk\/wp-content\/uploads\/2020\/08\/sierpien-768x1071.jpg 768w\" sizes=\"(max-width: 775px) 100vw, 775px\" \/><\/a><br>Sierpie\u0144 2020<\/td><td class=\"has-text-align-center\" data-align=\"center\"><a href=\"https:\/\/mpk.kielce.pl\/mpk\/wp-content\/uploads\/2020\/10\/MPK_biuletyn_pazdziernik_91_.pdf\"><img loading=\"lazy\" width=\"775\" height=\"1081\" class=\"wp-image-1124\" style=\"width: 140px;\" src=\"https:\/\/mpk.kielce.pl\/mpk\/wp-content\/uploads\/2020\/10\/pazdziernik2020.jpg\" alt=\"\" srcset=\"https:\/\/mpk.kielce.pl\/mpk\/wp-content\/uploads\/2020\/10\/pazdziernik2020.jpg 775w, https:\/\/mpk.kielce.pl\/mpk\/wp-content\/uploads\/2020\/10\/pazdziernik2020-215x300.jpg 215w, https:\/\/mpk.kielce.pl\/mpk\/wp-content\/uploads\/2020\/10\/pazdziernik2020-734x1024.jpg 734w, https:\/\/mpk.kielce.pl\/mpk\/wp-content\/uploads\/2020\/10\/pazdziernik2020-768x1071.jpg 768w\" sizes=\"(max-width: 775px) 100vw, 775px\" \/><\/a><br>Pa\u017adziernik 2020<\/td><\/tr><tr><td class=\"has-text-align-center\" data-align=\"center\"><a href=\"https:\/\/mpk.kielce.pl\/mpk\/wp-content\/uploads\/2020\/12\/MPK_biuletyn_grudzien_92_druk.pdf\"><img loading=\"lazy\" width=\"712\" height=\"972\" class=\"wp-image-1150\" style=\"width: 150px;\" src=\"https:\/\/mpk.kielce.pl\/mpk\/wp-content\/uploads\/2020\/12\/Clipboard01.jpg\" alt=\"\" srcset=\"https:\/\/mpk.kielce.pl\/mpk\/wp-content\/uploads\/2020\/12\/Clipboard01.jpg 712w, https:\/\/mpk.kielce.pl\/mpk\/wp-content\/uploads\/2020\/12\/Clipboard01-220x300.jpg 220w\" sizes=\"(max-width: 712px) 100vw, 712px\" \/><\/a><br>Grudzie\u0144 2020<\/td><td class=\"has-text-align-center\" data-align=\"center\"><\/td><td class=\"has-text-align-center\" data-align=\"center\"><\/td><td class=\"has-text-align-center\" data-align=\"center\"><\/td><\/tr><\/tbody><\/table><\/figure>\n\n\n\n<p class=\"has-medium-font-size\"><strong><a href=\"https:\/\/mpk.kielce.pl\/mpk\/archiwum\/\">Archiwum<\/a><\/strong><\/p>\n","protected":false},"excerpt":{"rendered":"<p>Stycze\u0144 2020 Luty 2020 Marzec 2020 Maj 2020 Czerwiec 2020 Lipiec 2020 Sierpie\u0144 2020 Pa\u017adziernik 2020 Grudzie\u0144 2020 Archiwum<\/p>\n","protected":false},"author":1,"featured_media":0,"parent":0,"menu_order":0,"comment_status":"closed","ping_status":"closed","template":"","meta":[],"folder":[],"aioseo_notices":[],"_links":{"self":[{"href":"https:\/\/mpk.kielce.pl\/mpk\/wp-json\/wp\/v2\/pages\/411"}],"collection":[{"href":"https:\/\/mpk.kielce.pl\/mpk\/wp-json\/wp\/v2\/pages"}],"about":[{"href":"https:\/\/mpk.kielce.pl\/mpk\/wp-json\/wp\/v2\/types\/page"}],"author":[{"embeddable":true,"href":"https:\/\/mpk.kielce.pl\/mpk\/wp-json\/wp\/v2\/users\/1"}],"replies":[{"embeddable":true,"href":"https:\/\/mpk.kielce.pl\/mpk\/wp-json\/wp\/v2\/comments?post=411"}],"version-history":[{"count":34,"href":"https:\/\/mpk.kielce.pl\/mpk\/wp-json\/wp\/v2\/pages\/411\/revisions"}],"predecessor-version":[{"id":1254,"href":"https:\/\/mpk.kielce.pl\/mpk\/wp-json\/wp\/v2\/pages\/411\/revisions\/1254"}],"wp:attachment":[{"href":"https:\/\/mpk.kielce.pl\/mpk\/wp-json\/wp\/v2\/media?parent=411"}],"wp:term":[{"taxonomy":"folder","embeddable":true,"href":"https:\/\/mpk.kielce.pl\/mpk\/wp-json\/wp\/v2\/folder?post=411"}],"curies":[{"name":"wp","href":"https:\/\/api.w.org\/{rel}","templated":true}]}}