{"id":45,"date":"2019-12-19T10:45:08","date_gmt":"2019-12-19T09:45:08","guid":{"rendered":"https:\/\/mpk.kielce.pl\/wordpress\/?page_id=45"},"modified":"2025-07-10T14:44:17","modified_gmt":"2025-07-10T12:44:17","slug":"o-firmie","status":"publish","type":"page","link":"https:\/\/mpk.kielce.pl\/mpk\/o-firmie\/","title":{"rendered":"O FIRMIE"},"content":{"rendered":"<p><span style=\"font-family: arial, helvetica, sans-serif;\"><\/span><\/p>\r\n<p><strong><em><span style=\"font-family: georgia, palatino, serif; font-size: 21px;\">W\u0142adze sp\u00f3\u0142ki:<\/span><\/em><\/strong><\/p>\r\n<p><span style=\"font-family: georgia, palatino, serif;\">\r\n\r\n<\/span><\/p>\r\n<p><span style=\"font-family: georgia, palatino, serif;\">\r\n\r\n<\/span><\/p>\r\n<p><strong>Zarz\u0105d MPK<\/strong><\/p>\r\n<p><span style=\"font-family: georgia, palatino, serif; font-size: 16px;\">Prezes MPK &#8211; Jerzy Met<\/span><span style=\"font-family: georgia, palatino, serif;\"><strong><br \/><\/strong><\/span><\/p>\r\n<p>Cz\u0142onek zarz\u0105du &#8211; Monika G\u0119bska<\/p>\r\n<p><strong>Rada nadzorcza MPK<\/strong><\/p>\r\n<p>Przewodnicz\u0105cy &#8211; Mieczys\u0142aw Piekarski<\/p>\r\n<p>Zast\u0119pca &#8211; Bogdan Latosi\u0144ski<\/p>\r\n<p>Cz\u0142onek rady nadzorczej &#8211; Dariusz Kubicza<\/p>\r\n<p><span style=\"font-family: georgia, palatino, serif;\">\r\n\r\n<\/span><\/p>\r\n<p><span style=\"font-family: georgia, palatino, serif;\">\r\n\r\n<\/span><\/p>\r\n<p>&nbsp;<\/p>\r\n<p><span style=\"font-family: georgia, palatino, serif;\">MPK Sp. z o.o. dzia\u0142a na podstawie umowy podpisanej z Zarz\u0105dem Transportu Miejskiego na obs\u0142ug\u0119 komunikacji miejskiej w Kielcach.<\/span><\/p>\r\n<p><span style=\"font-family: georgia, palatino, serif;\">\r\n\r\n<\/span><\/p>\r\n<p><span style=\"font-family: georgia, palatino, serif;\">MPK Sp. z o.o. posiada zajezdni\u0119 przy ul. Jagiello\u0144skiej 92, gdzie zlokalizowane s\u0105 g\u0142\u00f3wne obiekty zaplecza technicznego i administracji.<\/span><\/p>\r\n<p><span style=\"font-family: georgia, palatino, serif;\">\r\n\r\n<\/span><\/p>\r\n<p><span style=\"font-family: georgia, palatino, serif;\">\r\n\r\n<\/span><\/p>\r\n<p>&nbsp;<\/p>\r\n<p><span style=\"font-family: georgia, palatino, serif;\">\r\n\r\n<\/span><\/p>\r\n<p><span style=\"font-family: georgia, palatino, serif;\"><strong>MPK Kielce w roku 2021<\/strong><\/span><br \/><span style=\"font-family: georgia, palatino, serif;\">Po strajku w 2007 roku, pracownicy Miejskiego Przedsi\u0119biorstwa Komunikacji utworzyli Kieleckie Autobusy Sp\u00f3\u0142k\u0119 Pracownicz\u0105. Obecni oraz emerytowa-ni pracownicy firmy posiadaj\u0105 oko\u0142o 67 proc. udzia\u0142\u00f3w MPK. Wsp\u00f3\u0142w\u0142a\u015bcicielem przedsi\u0119biorstwa jest Miasto, w kt\u00f3rego posiadaniu jest 33 proc. udzia\u0142\u00f3w firmy komunikacyjnej.<\/span><br \/><br \/><span style=\"font-family: georgia, palatino, serif;\">W obydwu sp\u00f3\u0142kach zatrudnionych jest w 2021 roku prawie 600 pracownik\u00f3w, w tym 400 kierowc\u00f3w.<\/span><br \/><br \/><span style=\"font-family: georgia, palatino, serif;\">Autobusy MPK obs\u0142uguj\u0105 miasto i 10 o\u015bciennych gmin. Do dyspozycji pasa\u017ce-r\u00f3w jest 200 pojazd\u00f3w, kt\u00f3re kursuj\u0105 na 54 liniach \u2013 siedem dni w tygodniu.<\/span><\/p>\r\n<p><span style=\"font-family: georgia, palatino, serif;\">\r\n\r\n<\/span><\/p>\r\n<p><span style=\"font-family: georgia, palatino, serif;\">MPK na wniosek samorz\u0105d\u00f3w utworzy\u0142o r\u00f3wnie\u017c, w zwi\u0105zku z upadkiem PKS, siedem linii komercyjnych, kt\u00f3re kursuj\u0105 do: BuskaZdroju, Chmielnika, \u0141\u0105cznej, Samsonowa, Nowej S\u0142upi, \u0141agowa i Rakowa.<\/span><\/p>\r\n<p><span style=\"font-family: georgia, palatino, serif;\">\r\n\r\n<\/span><\/p>\r\n<p><span style=\"font-family: georgia, palatino, serif;\">W kontraktach, podstawowym i unijnym zapisano, \u017ce autobusy MPK rocznie po-winny przejecha\u0107 12 milion\u00f3w kilometr\u00f3w, cho\u0107 w ostatnim roku liczba zrealizowanych wozokilometr\u00f3w z powodu pandemii spad\u0142a o oko\u0142o 1 milion.<\/span><br \/><br \/><span style=\"font-family: georgia, palatino, serif;\">Przedsi\u0119biorstwo posiada w\u0142asne stacje: paliw, diagnostyczn\u0105, napraw pojazd\u00f3w oraz myjnie. Firma jest samowystarczalna, a do tego \u015bwiadczy us\u0142ugi na zewn\u0105trz.<\/span><br \/><span style=\"font-family: georgia, palatino, serif;\">Siedziba MPK, ww stacje, warsztaty, za-jezdnia s\u0105 zlokalizowane na 4 hektarach przy ulicy Jagiello\u0144skiej w Kielcach.<\/span><\/p>\r\n<p><span style=\"font-family: georgia, palatino, serif;\">\r\n\r\n<\/span><\/p>\r\n<p><br \/><span style=\"font-family: georgia, palatino, serif;\"><strong>MPK firm\u0105 przyjazn\u0105 pracownikom<\/strong><\/span><\/p>\r\n<p><span style=\"font-family: georgia, palatino, serif;\">\r\n\r\n<\/span><\/p>\r\n<p><span style=\"font-family: georgia, palatino, serif;\">Miejskie Przedsi\u0119biorstwo Komunikacji w Kielcach zosta\u0142o laureatem VI edycji konkursu Pracodawca Przyjazny Pracownikom. To wyj\u0105tkowe wyr\u00f3\u017cnienie, kt\u00f3re przyznawane jest raz do roku, wr\u0119czono w Pa\u0142acu Prezydenckim. MPK znalaz\u0142o si\u0119 w gronie dwunastu \u201eFirm Przyjaznych Pracownikom&#8221; z ca\u0142ej Polski.<\/span><\/p>\r\n<p><span style=\"font-family: arial, helvetica, sans-serif;\"><\/span><\/p>","protected":false},"excerpt":{"rendered":"<p>W\u0142adze sp\u00f3\u0142ki: Zarz\u0105d MPK Prezes MPK &#8211; Jerzy Met Cz\u0142onek zarz\u0105du &#8211; Monika G\u0119bska Rada nadzorcza MPK Przewodnicz\u0105cy &#8211; Mieczys\u0142aw [&hellip;]<\/p>\n","protected":false},"author":1,"featured_media":0,"parent":0,"menu_order":0,"comment_status":"closed","ping_status":"closed","template":"","meta":[],"folder":[],"aioseo_notices":[],"_links":{"self":[{"href":"https:\/\/mpk.kielce.pl\/mpk\/wp-json\/wp\/v2\/pages\/45"}],"collection":[{"href":"https:\/\/mpk.kielce.pl\/mpk\/wp-json\/wp\/v2\/pages"}],"about":[{"href":"https:\/\/mpk.kielce.pl\/mpk\/wp-json\/wp\/v2\/types\/page"}],"author":[{"embeddable":true,"href":"https:\/\/mpk.kielce.pl\/mpk\/wp-json\/wp\/v2\/users\/1"}],"replies":[{"embeddable":true,"href":"https:\/\/mpk.kielce.pl\/mpk\/wp-json\/wp\/v2\/comments?post=45"}],"version-history":[{"count":29,"href":"https:\/\/mpk.kielce.pl\/mpk\/wp-json\/wp\/v2\/pages\/45\/revisions"}],"predecessor-version":[{"id":2860,"href":"https:\/\/mpk.kielce.pl\/mpk\/wp-json\/wp\/v2\/pages\/45\/revisions\/2860"}],"wp:attachment":[{"href":"https:\/\/mpk.kielce.pl\/mpk\/wp-json\/wp\/v2\/media?parent=45"}],"wp:term":[{"taxonomy":"folder","embeddable":true,"href":"https:\/\/mpk.kielce.pl\/mpk\/wp-json\/wp\/v2\/folder?post=45"}],"curies":[{"name":"wp","href":"https:\/\/api.w.org\/{rel}","templated":true}]}}