{"id":51,"date":"2019-12-19T10:46:02","date_gmt":"2019-12-19T09:46:02","guid":{"rendered":"https:\/\/mpk.kielce.pl\/wordpress\/?page_id=51"},"modified":"2025-06-17T11:35:40","modified_gmt":"2025-06-17T09:35:40","slug":"uslugi","status":"publish","type":"page","link":"https:\/\/mpk.kielce.pl\/mpk\/uslugi\/","title":{"rendered":"US\u0141UGI"},"content":{"rendered":"\r\n\r\n\r\n<p><strong>PRACOWNIA PSYCHOLOGICZNA<\/strong><br \/><a href=\"tel:512010156\"> TEL. 512 010 156<\/a><\/p>\r\n\r\n\r\n\r\n\r\n\r\n\r\n\r\n<p><strong>SERWIS KLIMATYZACJI WSZYSTKICH TYP\u00d3W POJAZD\u00d3W<\/strong><br \/><a href=\"tel:500207184\">TEL. 500 207 184<\/a><\/p>\r\n\r\n\r\n\r\n\r\n\r\n\r\n\r\n<p><strong>STACJA PALIW &#8211; CA\u0141ODOBOWA SPRZEDA\u017b PALIW<\/strong><br \/>TEL. <a href=\"tel:412014162\">41 201 41 62<\/a>, <a href=\"tel:413452421\">41 345 24 21<\/a> wew. 455<\/p>\r\n\r\n\r\n\r\n\r\n","protected":false},"excerpt":{"rendered":"<p>PRACOWNIA PSYCHOLOGICZNA TEL. 512 010 156 SERWIS KLIMATYZACJI WSZYSTKICH TYP\u00d3W POJAZD\u00d3WTEL. 500 207 184 STACJA PALIW &#8211; CA\u0141ODOBOWA SPRZEDA\u017b PALIWTEL. [&hellip;]<\/p>\n","protected":false},"author":1,"featured_media":0,"parent":0,"menu_order":0,"comment_status":"closed","ping_status":"closed","template":"","meta":[],"folder":[],"aioseo_notices":[],"_links":{"self":[{"href":"https:\/\/mpk.kielce.pl\/mpk\/wp-json\/wp\/v2\/pages\/51"}],"collection":[{"href":"https:\/\/mpk.kielce.pl\/mpk\/wp-json\/wp\/v2\/pages"}],"about":[{"href":"https:\/\/mpk.kielce.pl\/mpk\/wp-json\/wp\/v2\/types\/page"}],"author":[{"embeddable":true,"href":"https:\/\/mpk.kielce.pl\/mpk\/wp-json\/wp\/v2\/users\/1"}],"replies":[{"embeddable":true,"href":"https:\/\/mpk.kielce.pl\/mpk\/wp-json\/wp\/v2\/comments?post=51"}],"version-history":[{"count":29,"href":"https:\/\/mpk.kielce.pl\/mpk\/wp-json\/wp\/v2\/pages\/51\/revisions"}],"predecessor-version":[{"id":2841,"href":"https:\/\/mpk.kielce.pl\/mpk\/wp-json\/wp\/v2\/pages\/51\/revisions\/2841"}],"wp:attachment":[{"href":"https:\/\/mpk.kielce.pl\/mpk\/wp-json\/wp\/v2\/media?parent=51"}],"wp:term":[{"taxonomy":"folder","embeddable":true,"href":"https:\/\/mpk.kielce.pl\/mpk\/wp-json\/wp\/v2\/folder?post=51"}],"curies":[{"name":"wp","href":"https:\/\/api.w.org\/{rel}","templated":true}]}}