{"id":55,"date":"2019-12-19T10:46:51","date_gmt":"2019-12-19T09:46:51","guid":{"rendered":"https:\/\/mpk.kielce.pl\/wordpress\/?page_id=55"},"modified":"2021-03-02T09:09:07","modified_gmt":"2021-03-02T08:09:07","slug":"projekty-unijne","status":"publish","type":"page","link":"https:\/\/mpk.kielce.pl\/mpk\/projekty-unijne\/","title":{"rendered":"PROJEKTY UNIJNE"},"content":{"rendered":"\n<figure class=\"wp-block-image\"><img src=\"https:\/\/mpk.kielce.pl\/mpk\/images\/naglowek.png\" alt=\"naglowek\"\/><\/figure>\n\n\n\n<p class=\"has-vivid-cyan-blue-color has-text-color\"><a href=\"https:\/\/mpk.kielce.pl\/mpk\/kierowca-kategorii-d-zawod-pilnie-poszukiwany\/\">Projekt Kierowca kategorii D zaw\u00f3d pilnie poszukiwany<\/a><\/p>\n\n\n\n<p class=\"has-vivid-cyan-blue-color has-text-color\"><a class=\"aioseop-link\" href=\"https:\/\/mpk.kielce.pl\/mpk\/kierowca-kategorii-d-zawod-pilnie-poszukiwany-etap-ii\/\">Projekt Kierowca kategorii D zaw\u00f3d pilnie poszukiwany \u2013 etap II<\/a><\/p>\n\n\n\n<p class=\"has-vivid-cyan-blue-color has-text-color\"><a class=\"aioseop-link\" href=\"https:\/\/mpk.kielce.pl\/mpk\/kierowca-kategorii-d-zawod-pilnie-poszukiwany-etap-iii\/\">Kierowca kategorii D zaw\u00f3d pilnie poszukiwany etap &#8211; III <\/a><\/p>\n\n\n\n<p class=\"has-vivid-cyan-blue-color has-text-color\"><a class=\"aioseop-link\" href=\"https:\/\/mpk.kielce.pl\/mpk\/kompleksowa-gleboka-modernizacja-energetyczna-budynkow-nalezacych-do-miejskiego-przedsiebiorstwa-komunikacji-sp-z-o-o-w-kielcach\/\">Kompleksowa g\u0142\u0119boka modernizacja energetyczna budynk\u00f3w nale\u017c\u0105cych do  Miejskiego Przedsi\u0119biorstwa Komunikacji Sp. Z o.o. w Kielcach <\/a><\/p>\n\n\n\n<p><a href=\"https:\/\/mpk.kielce.pl\/mpk\/rozwijanie-umiejetnosci-zawodowych-uczniow-klas-patronackich-mpk-kielce-w-technikum-w-powiatowym-zespole-szkol-w-chmielniku\/\"><span style=\"color:#0693e3\" class=\"tadv-color\">Rozwijanie umiej\u0119tno\u015bci zawodowych uczni\u00f3w klas patronackich MPK Kielce w Technikum w Powiatowym Zespole Szk\u00f3\u0142 w Chmielniku<\/span><\/a><\/p>\n\n\n\n<p class=\"has-vivid-cyan-blue-color has-text-color\"><a href=\"https:\/\/mpk.kielce.pl\/mpk\/wdrozenie-programu-zdrowotnego-ukierunkowanego-na-eliminowanie-czynnikow-ryzyka-w-miejscupracy-pracownikow-miejskiego-przedsiebiorstwa-komunikacji-sp-z-o-o-w-kielcach\/\">Wdro\u017cenie programu zdrowotnego ukierunkowanego na eliminowanie czynnik\u00f3w ryzyka w miejscu pracy pracownik\u00f3w Miejskiego Przedsi\u0119biorstwa Komunikacji Sp. z o.o. w Kielcach<\/a><\/p>\n","protected":false},"excerpt":{"rendered":"<p>Projekt Kierowca kategorii D zaw\u00f3d pilnie poszukiwany Projekt Kierowca kategorii D zaw\u00f3d pilnie poszukiwany \u2013 etap II Kierowca kategorii D [&hellip;]<\/p>\n","protected":false},"author":1,"featured_media":0,"parent":0,"menu_order":0,"comment_status":"closed","ping_status":"closed","template":"","meta":[],"folder":[],"aioseo_notices":[],"_links":{"self":[{"href":"https:\/\/mpk.kielce.pl\/mpk\/wp-json\/wp\/v2\/pages\/55"}],"collection":[{"href":"https:\/\/mpk.kielce.pl\/mpk\/wp-json\/wp\/v2\/pages"}],"about":[{"href":"https:\/\/mpk.kielce.pl\/mpk\/wp-json\/wp\/v2\/types\/page"}],"author":[{"embeddable":true,"href":"https:\/\/mpk.kielce.pl\/mpk\/wp-json\/wp\/v2\/users\/1"}],"replies":[{"embeddable":true,"href":"https:\/\/mpk.kielce.pl\/mpk\/wp-json\/wp\/v2\/comments?post=55"}],"version-history":[{"count":11,"href":"https:\/\/mpk.kielce.pl\/mpk\/wp-json\/wp\/v2\/pages\/55\/revisions"}],"predecessor-version":[{"id":1269,"href":"https:\/\/mpk.kielce.pl\/mpk\/wp-json\/wp\/v2\/pages\/55\/revisions\/1269"}],"wp:attachment":[{"href":"https:\/\/mpk.kielce.pl\/mpk\/wp-json\/wp\/v2\/media?parent=55"}],"wp:term":[{"taxonomy":"folder","embeddable":true,"href":"https:\/\/mpk.kielce.pl\/mpk\/wp-json\/wp\/v2\/folder?post=55"}],"curies":[{"name":"wp","href":"https:\/\/api.w.org\/{rel}","templated":true}]}}