{"id":662,"date":"2020-02-13T09:03:49","date_gmt":"2020-02-13T08:03:49","guid":{"rendered":"https:\/\/mpk.kielce.pl\/mpk\/?page_id=662"},"modified":"2020-02-13T09:03:49","modified_gmt":"2020-02-13T08:03:49","slug":"2016-2","status":"publish","type":"page","link":"https:\/\/mpk.kielce.pl\/mpk\/2016-2\/","title":{"rendered":"2016"},"content":{"rendered":"\n<figure class=\"wp-block-table\"><table class=\"\"><tbody><tr><td class=\"has-text-align-center\" data-align=\"center\"><a href=\"https:\/\/mpk.kielce.pl\/mpk\/wp-content\/uploads\/2020\/02\/styczen2016.pdf\"><img loading=\"lazy\" width=\"200\" height=\"279\" class=\"wp-image-608\" style=\"width: 200px;\" src=\"https:\/\/mpk.kielce.pl\/mpk\/wp-content\/uploads\/2020\/02\/styczen2016.png\" alt=\"\"><\/a><br>Stycze\u0144 2016<\/td><td class=\"has-text-align-center\" data-align=\"center\"><a href=\"https:\/\/mpk.kielce.pl\/mpk\/wp-content\/uploads\/2020\/02\/luty2016.pdf\"><img loading=\"lazy\" width=\"200\" height=\"279\" class=\"wp-image-603\" style=\"width: 200px;\" src=\"https:\/\/mpk.kielce.pl\/mpk\/wp-content\/uploads\/2020\/02\/luty2016.png\" alt=\"luty2016\"><\/a><br>Luty 2016<\/td><td class=\"has-text-align-center\" data-align=\"center\"><a href=\"https:\/\/mpk.kielce.pl\/mpk\/wp-content\/uploads\/2020\/02\/marzec2016.pdf\"><img loading=\"lazy\" width=\"200\" height=\"279\" class=\"wp-image-605\" style=\"width: 200px;\" src=\"https:\/\/mpk.kielce.pl\/mpk\/wp-content\/uploads\/2020\/02\/marzec2016.png\" alt=\"\"><\/a><br>Marzec 2016<\/td><\/tr><tr><td class=\"has-text-align-center\" data-align=\"center\"><a href=\"https:\/\/mpk.kielce.pl\/mpk\/wp-content\/uploads\/2020\/02\/kwiecien2016.pdf\"><img loading=\"lazy\" width=\"200\" height=\"279\" class=\"wp-image-600\" style=\"width: 200px;\" src=\"https:\/\/mpk.kielce.pl\/mpk\/wp-content\/uploads\/2020\/02\/kwiecien2016.png\" alt=\"\"><\/a><br>Kwiecie\u0144 2016<\/td><td class=\"has-text-align-center\" data-align=\"center\"><a href=\"https:\/\/mpk.kielce.pl\/mpk\/wp-content\/uploads\/2020\/02\/maj2016.pdf\"><img loading=\"lazy\" width=\"200\" height=\"279\" class=\"wp-image-604\" style=\"width: 200px;\" src=\"https:\/\/mpk.kielce.pl\/mpk\/wp-content\/uploads\/2020\/02\/maj2016.png\" alt=\"\"><\/a><br>Maj 2016<\/td><td class=\"has-text-align-center\" data-align=\"center\"><a href=\"https:\/\/mpk.kielce.pl\/mpk\/wp-content\/uploads\/2020\/02\/czerwiec2016.pdf\"><img loading=\"lazy\" width=\"200\" height=\"279\" class=\"wp-image-610\" style=\"width: 200px;\" src=\"https:\/\/mpk.kielce.pl\/mpk\/wp-content\/uploads\/2020\/02\/czerwiec2016.png\" alt=\"\"><\/a><br>Czerwiec 2016<\/td><\/tr><tr><td class=\"has-text-align-center\" data-align=\"center\"><a href=\"https:\/\/mpk.kielce.pl\/mpk\/wp-content\/uploads\/2020\/02\/lipiec2016.pdf\"><img loading=\"lazy\" width=\"200\" height=\"279\" class=\"wp-image-601\" style=\"width: 200px;\" src=\"https:\/\/mpk.kielce.pl\/mpk\/wp-content\/uploads\/2020\/02\/lipiec2016.png\" alt=\"\"><\/a><br>Lipiec 2016<\/td><td class=\"has-text-align-center\" data-align=\"center\"><a href=\"https:\/\/mpk.kielce.pl\/mpk\/wp-content\/uploads\/2020\/02\/sierpien2016.pdf\"><img loading=\"lazy\" width=\"200\" height=\"279\" class=\"wp-image-607\" style=\"width: 200px;\" src=\"https:\/\/mpk.kielce.pl\/mpk\/wp-content\/uploads\/2020\/02\/sierpien2016.png\" alt=\"\"><\/a><br>Sierpie\u0144 2016<\/td><td class=\"has-text-align-center\" data-align=\"center\"><a href=\"https:\/\/mpk.kielce.pl\/mpk\/wp-content\/uploads\/2020\/02\/wrzesien2016.pdf\"><img loading=\"lazy\" width=\"200\" height=\"279\" class=\"wp-image-609\" style=\"width: 200px;\" src=\"https:\/\/mpk.kielce.pl\/mpk\/wp-content\/uploads\/2020\/02\/wrzesien2016.png\" alt=\"\"><\/a><br>Wrzesie\u0144 2016<\/td><\/tr><tr><td class=\"has-text-align-center\" data-align=\"center\"><a href=\"https:\/\/mpk.kielce.pl\/mpk\/wp-content\/uploads\/2020\/02\/pazdziernik2016.pdf\"><img loading=\"lazy\" width=\"200\" height=\"279\" class=\"wp-image-606\" style=\"width: 200px;\" src=\"https:\/\/mpk.kielce.pl\/mpk\/wp-content\/uploads\/2020\/02\/pazdziernik2016.png\" alt=\"\"><\/a><br>Pa\u017adziernik 2016<\/td><td class=\"has-text-align-center\" data-align=\"center\"><a href=\"https:\/\/mpk.kielce.pl\/mpk\/wp-content\/uploads\/2020\/02\/listopad2016.pdf\"><img loading=\"lazy\" width=\"200\" height=\"279\" class=\"wp-image-602\" style=\"width: 200px;\" src=\"https:\/\/mpk.kielce.pl\/mpk\/wp-content\/uploads\/2020\/02\/listopad2016.png\" alt=\"\"><\/a><br>Listopad 2016<\/td><td class=\"has-text-align-center\" data-align=\"center\"><a href=\"https:\/\/mpk.kielce.pl\/mpk\/wp-content\/uploads\/2020\/02\/grudzien2016.pdf\"><img loading=\"lazy\" width=\"200\" height=\"279\" class=\"wp-image-599\" style=\"width: 200px;\" src=\"https:\/\/mpk.kielce.pl\/mpk\/wp-content\/uploads\/2020\/02\/grudzien2016.png\" alt=\"\"><\/a><br>Grudzie\u0144 2016<\/td><\/tr><\/tbody><\/table><\/figure>\n","protected":false},"excerpt":{"rendered":"<p>Stycze\u0144 2016 Luty 2016 Marzec 2016 Kwiecie\u0144 2016 Maj 2016 Czerwiec 2016 Lipiec 2016 Sierpie\u0144 2016 Wrzesie\u0144 2016 Pa\u017adziernik 2016 [&hellip;]<\/p>\n","protected":false},"author":1,"featured_media":0,"parent":0,"menu_order":0,"comment_status":"closed","ping_status":"closed","template":"","meta":[],"folder":[],"aioseo_notices":[],"_links":{"self":[{"href":"https:\/\/mpk.kielce.pl\/mpk\/wp-json\/wp\/v2\/pages\/662"}],"collection":[{"href":"https:\/\/mpk.kielce.pl\/mpk\/wp-json\/wp\/v2\/pages"}],"about":[{"href":"https:\/\/mpk.kielce.pl\/mpk\/wp-json\/wp\/v2\/types\/page"}],"author":[{"embeddable":true,"href":"https:\/\/mpk.kielce.pl\/mpk\/wp-json\/wp\/v2\/users\/1"}],"replies":[{"embeddable":true,"href":"https:\/\/mpk.kielce.pl\/mpk\/wp-json\/wp\/v2\/comments?post=662"}],"version-history":[{"count":3,"href":"https:\/\/mpk.kielce.pl\/mpk\/wp-json\/wp\/v2\/pages\/662\/revisions"}],"predecessor-version":[{"id":670,"href":"https:\/\/mpk.kielce.pl\/mpk\/wp-json\/wp\/v2\/pages\/662\/revisions\/670"}],"wp:attachment":[{"href":"https:\/\/mpk.kielce.pl\/mpk\/wp-json\/wp\/v2\/media?parent=662"}],"wp:term":[{"taxonomy":"folder","embeddable":true,"href":"https:\/\/mpk.kielce.pl\/mpk\/wp-json\/wp\/v2\/folder?post=662"}],"curies":[{"name":"wp","href":"https:\/\/api.w.org\/{rel}","templated":true}]}}