{"id":679,"date":"2020-02-13T11:28:40","date_gmt":"2020-02-13T10:28:40","guid":{"rendered":"https:\/\/mpk.kielce.pl\/mpk\/?page_id=679"},"modified":"2020-02-13T11:28:41","modified_gmt":"2020-02-13T10:28:41","slug":"2017-2","status":"publish","type":"page","link":"https:\/\/mpk.kielce.pl\/mpk\/2017-2\/","title":{"rendered":"2017"},"content":{"rendered":"<figure class=\"wp-block-table\">\n<table class=\"\">\n<tbody>\n<tr>\n<td class=\"has-text-align-center\" data-align=\"center\"><a href=\"https:\/\/mpk.kielce.pl\/mpk\/wp-content\/uploads\/2020\/02\/styczen2017.pdf\"><img class=\"wp-image-608\" style=\"width: 200px;\" src=\"https:\/\/mpk.kielce.pl\/mpk\/wp-content\/uploads\/2020\/02\/styczen2017.png\" alt=\"\"><\/a><br \/>\nStycze\u0144 2017<\/td>\n<td class=\"has-text-align-center\" data-align=\"center\"><a href=\"https:\/\/mpk.kielce.pl\/mpk\/wp-content\/uploads\/2020\/02\/luty2017.pdf\"><img class=\"wp-image-603\" style=\"width: 200px;\" src=\"https:\/\/mpk.kielce.pl\/mpk\/wp-content\/uploads\/2020\/02\/luty2017.png\" alt=\"luty2017\"><\/a><br \/>\nLuty 2017<\/td>\n<td class=\"has-text-align-center\" data-align=\"center\"><a href=\"https:\/\/mpk.kielce.pl\/mpk\/wp-content\/uploads\/2020\/02\/marzec2017.pdf\"><img class=\"wp-image-605\" style=\"width: 200px;\" src=\"https:\/\/mpk.kielce.pl\/mpk\/wp-content\/uploads\/2020\/02\/marzec2017.png\" alt=\"\"><\/a><br \/>\nMarzec 2017<\/td>\n<\/tr>\n<tr>\n<td class=\"has-text-align-center\" data-align=\"center\"><a href=\"https:\/\/mpk.kielce.pl\/mpk\/wp-content\/uploads\/2020\/02\/kwiecien2017.pdf\"><img class=\"wp-image-600\" style=\"width: 200px;\" src=\"https:\/\/mpk.kielce.pl\/mpk\/wp-content\/uploads\/2020\/02\/kwiecien2017.png\" alt=\"\"><\/a><br \/>\nKwiecie\u0144 2017<\/td>\n<td class=\"has-text-align-center\" data-align=\"center\"><a href=\"https:\/\/mpk.kielce.pl\/mpk\/wp-content\/uploads\/2020\/02\/maj2017.pdf\"><img class=\"wp-image-604\" style=\"width: 200px;\" src=\"https:\/\/mpk.kielce.pl\/mpk\/wp-content\/uploads\/2020\/02\/maj2017.png\" alt=\"\"><\/a><br \/>\nMaj 2017<\/td>\n<td class=\"has-text-align-center\" data-align=\"center\"><a href=\"https:\/\/mpk.kielce.pl\/mpk\/wp-content\/uploads\/2020\/02\/czerwiec2017.pdf\"><img class=\"wp-image-610\" style=\"width: 200px;\" src=\"https:\/\/mpk.kielce.pl\/mpk\/wp-content\/uploads\/2020\/02\/czerwiec2017.png\" alt=\"\"><\/a><br \/>\nCzerwiec 2017<\/td>\n<\/tr>\n<tr>\n<td class=\"has-text-align-center\" data-align=\"center\"><a href=\"https:\/\/mpk.kielce.pl\/mpk\/wp-content\/uploads\/2020\/02\/lipiec2017.pdf\"><img class=\"wp-image-601\" style=\"width: 200px;\" src=\"https:\/\/mpk.kielce.pl\/mpk\/wp-content\/uploads\/2020\/02\/lipiec2017.png\" alt=\"\"><\/a><br \/>\nLipiec 2017<\/td>\n<td class=\"has-text-align-center\" data-align=\"center\"><a href=\"https:\/\/mpk.kielce.pl\/mpk\/wp-content\/uploads\/2020\/02\/sierpien2017.pdf\"><img class=\"wp-image-607\" style=\"width: 200px;\" src=\"https:\/\/mpk.kielce.pl\/mpk\/wp-content\/uploads\/2020\/02\/sierpien2017.png\" alt=\"\"><\/a><br \/>\nSierpie\u0144 2017<\/td>\n<td class=\"has-text-align-center\" data-align=\"center\"><a href=\"https:\/\/mpk.kielce.pl\/mpk\/wp-content\/uploads\/2020\/02\/wrzesien2017.pdf\"><img class=\"wp-image-609\" style=\"width: 200px;\" src=\"https:\/\/mpk.kielce.pl\/mpk\/wp-content\/uploads\/2020\/02\/wrzesien2017.png\" alt=\"\"><\/a><br \/>\nWrzesie\u0144 2017<\/td>\n<\/tr>\n<tr>\n<td class=\"has-text-align-center\" data-align=\"center\"><a href=\"https:\/\/mpk.kielce.pl\/mpk\/wp-content\/uploads\/2020\/02\/pazdziernik2017.pdf\"><img class=\"wp-image-606\" style=\"width: 200px;\" src=\"https:\/\/mpk.kielce.pl\/mpk\/wp-content\/uploads\/2020\/02\/pazdziernik2017.png\" alt=\"\"><\/a><br \/>\nPa\u017adziernik 2017<\/td>\n<td class=\"has-text-align-center\" data-align=\"center\"><a href=\"https:\/\/mpk.kielce.pl\/mpk\/wp-content\/uploads\/2020\/02\/listopad2017.pdf\"><img class=\"wp-image-602\" style=\"width: 200px;\" src=\"https:\/\/mpk.kielce.pl\/mpk\/wp-content\/uploads\/2020\/02\/listopad2017.png\" alt=\"\"><\/a><br \/>\nListopad 2017<\/td>\n<td class=\"has-text-align-center\" data-align=\"center\"><a href=\"https:\/\/mpk.kielce.pl\/mpk\/wp-content\/uploads\/2020\/02\/grudzien2017.pdf\"><img class=\"wp-image-599\" style=\"width: 200px;\" src=\"https:\/\/mpk.kielce.pl\/mpk\/wp-content\/uploads\/2020\/02\/grudzien2017.png\" alt=\"\"><\/a><br \/>\nGrudzie\u0144 2017<\/td>\n<\/tr>\n<\/tbody>\n<\/table>\n<\/figure>\n","protected":false},"excerpt":{"rendered":"<p>Stycze\u0144 2017 Luty 2017 Marzec 2017 Kwiecie\u0144 2017 Maj 2017 Czerwiec 2017 Lipiec 2017 Sierpie\u0144 2017 Wrzesie\u0144 2017 Pa\u017adziernik 2017 [&hellip;]<\/p>\n","protected":false},"author":1,"featured_media":0,"parent":0,"menu_order":0,"comment_status":"closed","ping_status":"closed","template":"","meta":[],"folder":[],"aioseo_notices":[],"_links":{"self":[{"href":"https:\/\/mpk.kielce.pl\/mpk\/wp-json\/wp\/v2\/pages\/679"}],"collection":[{"href":"https:\/\/mpk.kielce.pl\/mpk\/wp-json\/wp\/v2\/pages"}],"about":[{"href":"https:\/\/mpk.kielce.pl\/mpk\/wp-json\/wp\/v2\/types\/page"}],"author":[{"embeddable":true,"href":"https:\/\/mpk.kielce.pl\/mpk\/wp-json\/wp\/v2\/users\/1"}],"replies":[{"embeddable":true,"href":"https:\/\/mpk.kielce.pl\/mpk\/wp-json\/wp\/v2\/comments?post=679"}],"version-history":[{"count":4,"href":"https:\/\/mpk.kielce.pl\/mpk\/wp-json\/wp\/v2\/pages\/679\/revisions"}],"predecessor-version":[{"id":683,"href":"https:\/\/mpk.kielce.pl\/mpk\/wp-json\/wp\/v2\/pages\/679\/revisions\/683"}],"wp:attachment":[{"href":"https:\/\/mpk.kielce.pl\/mpk\/wp-json\/wp\/v2\/media?parent=679"}],"wp:term":[{"taxonomy":"folder","embeddable":true,"href":"https:\/\/mpk.kielce.pl\/mpk\/wp-json\/wp\/v2\/folder?post=679"}],"curies":[{"name":"wp","href":"https:\/\/api.w.org\/{rel}","templated":true}]}}