{"id":684,"date":"2020-02-13T11:29:11","date_gmt":"2020-02-13T10:29:11","guid":{"rendered":"https:\/\/mpk.kielce.pl\/mpk\/?page_id=684"},"modified":"2020-02-13T11:59:50","modified_gmt":"2020-02-13T10:59:50","slug":"2018-2","status":"publish","type":"page","link":"https:\/\/mpk.kielce.pl\/mpk\/2018-2\/","title":{"rendered":"2018"},"content":{"rendered":"<figure class=\"wp-block-table\">\n<table>\n<tbody>\n<tr>\n<td class=\"has-text-align-center\" data-align=\"center\"><a href=\"https:\/\/mpk.kielce.pl\/mpk\/wp-content\/uploads\/2020\/02\/styczen2018.pdf\"><img class=\"wp-image-608\" style=\"width: 200px;\" src=\"https:\/\/mpk.kielce.pl\/mpk\/wp-content\/uploads\/2020\/02\/styczen2018.png\" alt=\"\" \/><\/a><br \/>\nStycze\u0144 2018<\/td>\n<td class=\"has-text-align-center\" data-align=\"center\"><a href=\"https:\/\/mpk.kielce.pl\/mpk\/wp-content\/uploads\/2020\/02\/luty2018.pdf\"><img class=\"wp-image-603\" style=\"width: 200px;\" src=\"https:\/\/mpk.kielce.pl\/mpk\/wp-content\/uploads\/2020\/02\/luty2018.png\" alt=\"luty2018\" \/><\/a><br \/>\nLuty 2018<\/td>\n<td class=\"has-text-align-center\" data-align=\"center\"><a href=\"https:\/\/mpk.kielce.pl\/mpk\/wp-content\/uploads\/2020\/02\/marzec2018.pdf\"><img class=\"wp-image-605\" style=\"width: 200px;\" src=\"https:\/\/mpk.kielce.pl\/mpk\/wp-content\/uploads\/2020\/02\/marzec2018.png\" alt=\"\" \/><\/a><br \/>\nMarzec 2018<\/td>\n<\/tr>\n<tr>\n<td class=\"has-text-align-center\" data-align=\"center\"><a href=\"https:\/\/mpk.kielce.pl\/mpk\/wp-content\/uploads\/2020\/02\/kwiecien2018.pdf\"><img class=\"wp-image-600\" style=\"width: 200px;\" src=\"https:\/\/mpk.kielce.pl\/mpk\/wp-content\/uploads\/2020\/02\/kwiecien2018.png\" alt=\"\" \/><\/a><br \/>\nKwiecie\u0144 2018<\/td>\n<td class=\"has-text-align-center\" data-align=\"center\"><a href=\"https:\/\/mpk.kielce.pl\/mpk\/wp-content\/uploads\/2020\/02\/maj2018.pdf\"><img class=\"wp-image-604\" style=\"width: 200px;\" src=\"https:\/\/mpk.kielce.pl\/mpk\/wp-content\/uploads\/2020\/02\/maj2018.png\" alt=\"\" \/><\/a><br \/>\nMaj 2018<\/td>\n<td class=\"has-text-align-center\" data-align=\"center\"><a href=\"https:\/\/mpk.kielce.pl\/mpk\/wp-content\/uploads\/2020\/02\/czerwiec2018.pdf\"><img class=\"wp-image-610\" style=\"width: 200px;\" src=\"https:\/\/mpk.kielce.pl\/mpk\/wp-content\/uploads\/2020\/02\/czerwiec2018.png\" alt=\"\" \/><\/a><br \/>\nCzerwiec 2018<\/td>\n<\/tr>\n<tr>\n<td class=\"has-text-align-center\" data-align=\"center\"><a href=\"https:\/\/mpk.kielce.pl\/mpk\/wp-content\/uploads\/2020\/02\/lipiec2018.pdf\"><img class=\"wp-image-601\" style=\"width: 200px;\" src=\"https:\/\/mpk.kielce.pl\/mpk\/wp-content\/uploads\/2020\/02\/lipiec2018.png\" alt=\"\" \/><\/a><br \/>\nLipiec 2018<\/td>\n<td class=\"has-text-align-center\" data-align=\"center\"><a href=\"https:\/\/mpk.kielce.pl\/mpk\/wp-content\/uploads\/2020\/02\/sierpien2018.pdf\"><img class=\"wp-image-607\" style=\"width: 200px;\" src=\"https:\/\/mpk.kielce.pl\/mpk\/wp-content\/uploads\/2020\/02\/sierpien2018.png\" alt=\"\" \/><\/a><br \/>\nSierpie\u0144 2018<\/td>\n<td class=\"has-text-align-center\" data-align=\"center\"><a href=\"https:\/\/mpk.kielce.pl\/mpk\/wp-content\/uploads\/2020\/02\/wrzesien2018.pdf\"><img class=\"wp-image-609\" style=\"width: 200px;\" src=\"https:\/\/mpk.kielce.pl\/mpk\/wp-content\/uploads\/2020\/02\/wrzesien2018.png\" alt=\"\" \/><\/a><br \/>\nWrzesie\u0144 2018<\/td>\n<\/tr>\n<tr>\n<td class=\"has-text-align-center\" data-align=\"center\"><a href=\"https:\/\/mpk.kielce.pl\/mpk\/wp-content\/uploads\/2020\/02\/pazdziernik2018.pdf\"><img class=\"wp-image-606\" style=\"width: 200px;\" src=\"https:\/\/mpk.kielce.pl\/mpk\/wp-content\/uploads\/2020\/02\/pazdziernik2018.png\" alt=\"\" \/><\/a><br \/>\nPa\u017adziernik 2018<\/td>\n<td class=\"has-text-align-center\" data-align=\"center\"><a href=\"https:\/\/mpk.kielce.pl\/mpk\/wp-content\/uploads\/2020\/02\/listopad2018.pdf\"><img class=\"wp-image-602\" style=\"width: 200px;\" src=\"https:\/\/mpk.kielce.pl\/mpk\/wp-content\/uploads\/2020\/02\/listopad2018.png\" alt=\"\" \/><\/a><br \/>\nListopad 2018<\/td>\n<td class=\"has-text-align-center\" data-align=\"center\"><a href=\"https:\/\/mpk.kielce.pl\/mpk\/wp-content\/uploads\/2020\/02\/grudzien2018.pdf\"><img class=\"wp-image-599\" style=\"width: 200px;\" src=\"https:\/\/mpk.kielce.pl\/mpk\/wp-content\/uploads\/2020\/02\/grudzien2018.png\" alt=\"\" \/><\/a><br \/>\nGrudzie\u0144 2018<\/td>\n<\/tr>\n<\/tbody>\n<\/table>\n<\/figure>\n","protected":false},"excerpt":{"rendered":"<p>Stycze\u0144 2018 Luty 2018 Marzec 2018 Kwiecie\u0144 2018 Maj 2018 Czerwiec 2018 Lipiec 2018 Sierpie\u0144 2018 Wrzesie\u0144 2018 Pa\u017adziernik 2018 [&hellip;]<\/p>\n","protected":false},"author":1,"featured_media":0,"parent":0,"menu_order":0,"comment_status":"closed","ping_status":"closed","template":"","meta":[],"folder":[],"aioseo_notices":[],"_links":{"self":[{"href":"https:\/\/mpk.kielce.pl\/mpk\/wp-json\/wp\/v2\/pages\/684"}],"collection":[{"href":"https:\/\/mpk.kielce.pl\/mpk\/wp-json\/wp\/v2\/pages"}],"about":[{"href":"https:\/\/mpk.kielce.pl\/mpk\/wp-json\/wp\/v2\/types\/page"}],"author":[{"embeddable":true,"href":"https:\/\/mpk.kielce.pl\/mpk\/wp-json\/wp\/v2\/users\/1"}],"replies":[{"embeddable":true,"href":"https:\/\/mpk.kielce.pl\/mpk\/wp-json\/wp\/v2\/comments?post=684"}],"version-history":[{"count":5,"href":"https:\/\/mpk.kielce.pl\/mpk\/wp-json\/wp\/v2\/pages\/684\/revisions"}],"predecessor-version":[{"id":714,"href":"https:\/\/mpk.kielce.pl\/mpk\/wp-json\/wp\/v2\/pages\/684\/revisions\/714"}],"wp:attachment":[{"href":"https:\/\/mpk.kielce.pl\/mpk\/wp-json\/wp\/v2\/media?parent=684"}],"wp:term":[{"taxonomy":"folder","embeddable":true,"href":"https:\/\/mpk.kielce.pl\/mpk\/wp-json\/wp\/v2\/folder?post=684"}],"curies":[{"name":"wp","href":"https:\/\/api.w.org\/{rel}","templated":true}]}}