{"id":687,"date":"2020-02-13T11:29:31","date_gmt":"2020-02-13T10:29:31","guid":{"rendered":"https:\/\/mpk.kielce.pl\/mpk\/?page_id=687"},"modified":"2020-02-13T11:29:32","modified_gmt":"2020-02-13T10:29:32","slug":"2019-2","status":"publish","type":"page","link":"https:\/\/mpk.kielce.pl\/mpk\/2019-2\/","title":{"rendered":"2019"},"content":{"rendered":"<figure class=\"wp-block-table\">\n<table>\n<tbody>\n<tr>\n<td class=\"has-text-align-center\" data-align=\"center\"><a href=\"https:\/\/mpk.kielce.pl\/mpk\/wp-content\/uploads\/2020\/02\/styczen2019.pdf\"><img class=\"wp-image-608\" style=\"width: 200px;\" src=\"https:\/\/mpk.kielce.pl\/mpk\/wp-content\/uploads\/2020\/02\/styczen2019.png\" alt=\"\"><\/a><br>Stycze\u0144 2019<\/td>\n<td class=\"has-text-align-center\" data-align=\"center\"><a href=\"https:\/\/mpk.kielce.pl\/mpk\/wp-content\/uploads\/2020\/02\/luty2019.pdf\"><img class=\"wp-image-603\" style=\"width: 200px;\" src=\"https:\/\/mpk.kielce.pl\/mpk\/wp-content\/uploads\/2020\/02\/luty2019.png\" alt=\"luty2019\"><\/a><br>Luty 2019<\/td>\n<td class=\"has-text-align-center\" data-align=\"center\"><a href=\"https:\/\/mpk.kielce.pl\/mpk\/wp-content\/uploads\/2020\/02\/marzec2019.pdf\"><img class=\"wp-image-605\" style=\"width: 200px;\" src=\"https:\/\/mpk.kielce.pl\/mpk\/wp-content\/uploads\/2020\/02\/marzec2019.png\" alt=\"\"><\/a><br>Marzec 2019<\/td>\n<\/tr>\n<tr>\n<td class=\"has-text-align-center\" data-align=\"center\"><a href=\"https:\/\/mpk.kielce.pl\/mpk\/wp-content\/uploads\/2020\/02\/kwiecien2019.pdf\"><img class=\"wp-image-600\" style=\"width: 200px;\" src=\"https:\/\/mpk.kielce.pl\/mpk\/wp-content\/uploads\/2020\/02\/kwiecien2019.png\" alt=\"\"><\/a><br>Kwiecie\u0144 2019<\/td>\n<td class=\"has-text-align-center\" data-align=\"center\"><a href=\"https:\/\/mpk.kielce.pl\/mpk\/wp-content\/uploads\/2020\/02\/maj2019.pdf\"><img class=\"wp-image-604\" style=\"width: 200px;\" src=\"https:\/\/mpk.kielce.pl\/mpk\/wp-content\/uploads\/2020\/02\/maj2019.png\" alt=\"\"><\/a><br>Maj 2019<\/td>\n<td class=\"has-text-align-center\" data-align=\"center\"><a href=\"https:\/\/mpk.kielce.pl\/mpk\/wp-content\/uploads\/2020\/02\/czerwiec2019.pdf\"><img class=\"wp-image-610\" style=\"width: 200px;\" src=\"https:\/\/mpk.kielce.pl\/mpk\/wp-content\/uploads\/2020\/02\/czerwiec2019.png\" alt=\"\"><\/a><br>Czerwiec 2019<\/td>\n<\/tr>\n<tr>\n<td class=\"has-text-align-center\" data-align=\"center\"><a href=\"https:\/\/mpk.kielce.pl\/mpk\/wp-content\/uploads\/2020\/02\/lipiec2019.pdf\"><img class=\"wp-image-601\" style=\"width: 200px;\" src=\"https:\/\/mpk.kielce.pl\/mpk\/wp-content\/uploads\/2020\/02\/lipiec2019.png\" alt=\"\"><\/a><br>Lipiec 2019<\/td>\n<td class=\"has-text-align-center\" data-align=\"center\"><a href=\"https:\/\/mpk.kielce.pl\/mpk\/wp-content\/uploads\/2020\/02\/sierpien2019.pdf\"><img class=\"wp-image-607\" style=\"width: 200px;\" src=\"https:\/\/mpk.kielce.pl\/mpk\/wp-content\/uploads\/2020\/02\/sierpien2019.png\" alt=\"\"><\/a><br>Sierpie\u0144 2019<\/td>\n<td class=\"has-text-align-center\" data-align=\"center\"><a href=\"https:\/\/mpk.kielce.pl\/mpk\/wp-content\/uploads\/2020\/02\/wrzesien2019.pdf\"><img class=\"wp-image-609\" style=\"width: 200px;\" src=\"https:\/\/mpk.kielce.pl\/mpk\/wp-content\/uploads\/2020\/02\/wrzesien2019.png\" alt=\"\"><\/a><br>Wrzesie\u0144 2019<\/td>\n<\/tr>\n<tr>\n<td class=\"has-text-align-center\" data-align=\"center\">\n<p>Gazetka nie zosta\u0142a wydana<\/p>\n<p><\/p>\n<p>Pa\u017adziernik 2019<\/p>\n<\/td>\n<td class=\"has-text-align-center\" data-align=\"center\"><a href=\"https:\/\/mpk.kielce.pl\/mpk\/wp-content\/uploads\/2020\/02\/listopad2019.pdf\"><img class=\"wp-image-602\" style=\"width: 200px;\" src=\"https:\/\/mpk.kielce.pl\/mpk\/wp-content\/uploads\/2020\/02\/listopad2019.png\" alt=\"\"><\/a><br>Listopad 2019<\/td>\n<td class=\"has-text-align-center\" data-align=\"center\"><a href=\"https:\/\/mpk.kielce.pl\/mpk\/wp-content\/uploads\/2020\/02\/grudzien2019.pdf\"><img class=\"wp-image-599\" style=\"width: 200px;\" src=\"https:\/\/mpk.kielce.pl\/mpk\/wp-content\/uploads\/2020\/02\/grudzien2019.png\" alt=\"\"><\/a><br>Grudzie\u0144 2019<\/td>\n<\/tr>\n<\/tbody>\n<\/table>\n<\/figure>\n\n\n<figure class=\"wp-block-image size-large is-style-default\"><img src=\"blob:https:\/\/mpk.kielce.pl\/493684b9-2d24-4fe3-b815-a0f434106f58\" alt=\"\"\/><\/figure>\n","protected":false},"excerpt":{"rendered":"<p>Stycze\u0144 2019 Luty 2019 Marzec 2019 Kwiecie\u0144 2019 Maj 2019 Czerwiec 2019 Lipiec 2019 Sierpie\u0144 2019 Wrzesie\u0144 2019 Gazetka nie [&hellip;]<\/p>\n","protected":false},"author":1,"featured_media":0,"parent":0,"menu_order":0,"comment_status":"closed","ping_status":"closed","template":"","meta":[],"folder":[],"aioseo_notices":[],"_links":{"self":[{"href":"https:\/\/mpk.kielce.pl\/mpk\/wp-json\/wp\/v2\/pages\/687"}],"collection":[{"href":"https:\/\/mpk.kielce.pl\/mpk\/wp-json\/wp\/v2\/pages"}],"about":[{"href":"https:\/\/mpk.kielce.pl\/mpk\/wp-json\/wp\/v2\/types\/page"}],"author":[{"embeddable":true,"href":"https:\/\/mpk.kielce.pl\/mpk\/wp-json\/wp\/v2\/users\/1"}],"replies":[{"embeddable":true,"href":"https:\/\/mpk.kielce.pl\/mpk\/wp-json\/wp\/v2\/comments?post=687"}],"version-history":[{"count":5,"href":"https:\/\/mpk.kielce.pl\/mpk\/wp-json\/wp\/v2\/pages\/687\/revisions"}],"predecessor-version":[{"id":708,"href":"https:\/\/mpk.kielce.pl\/mpk\/wp-json\/wp\/v2\/pages\/687\/revisions\/708"}],"wp:attachment":[{"href":"https:\/\/mpk.kielce.pl\/mpk\/wp-json\/wp\/v2\/media?parent=687"}],"wp:term":[{"taxonomy":"folder","embeddable":true,"href":"https:\/\/mpk.kielce.pl\/mpk\/wp-json\/wp\/v2\/folder?post=687"}],"curies":[{"name":"wp","href":"https:\/\/api.w.org\/{rel}","templated":true}]}}