{"id":741,"date":"2020-03-03T12:09:22","date_gmt":"2020-03-03T11:09:22","guid":{"rendered":"https:\/\/mpk.kielce.pl\/mpk\/?page_id=741"},"modified":"2026-01-09T13:49:03","modified_gmt":"2026-01-09T12:49:03","slug":"kontakt","status":"publish","type":"page","link":"https:\/\/mpk.kielce.pl\/mpk\/kontakt\/","title":{"rendered":"Kontakt"},"content":{"rendered":"<h4><span style=\"font-family: georgia, palatino, serif;\"><strong>Miejskie Przedsi\u0119biorstwo Komunikacji w Kielcach Sp. z o.o.<br \/>\n<\/strong>25-734 Kielce, ul. Jagiello\u0144ska 92<\/span><br \/>\n<span style=\"font-family: georgia, palatino, serif;\">e-mail:<a href=\"mailto:sekretariat@mpk.kielce.pl\">sekretariat@mpk.kielce.pl<\/a><\/span><\/h4>\n<h4><strong><span style=\"font-family: georgia, palatino, serif;\">Adres skrzynki e-dor\u0119cze\u0144: AE:PL-93549-98259-FWUGU-1<\/span>6\u00a0<\/strong><\/h4>\n<p><strong><span style=\"font-size: 16px;\">Telefony kontaktowe:<\/span><br \/>\n<\/strong>Centrala &#8211; 41 201 41 10, 41 34 524 21<br \/>\nFax &#8211; 41 345 35 06<br \/>\nSekretariat &#8211; 41 201 41 14<br \/>\nPrezes Zarz\u0105du &#8211;\u00a0 41 201 41 10 wew. 201<br \/>\nG\u0142\u00f3wna ksi\u0119gowa &#8211; 41 201 41 10 wew. 430<br \/>\nRadca Prawny &#8211; 41 201 41 10 wew.\u00a0 203<\/p>\n<p><span style=\"font-size: 18px;\"><strong><em>Stanowisko ds. obs\u0142ugi linii 201, 205, 206 i 208 &#8211; 41 201 41 10 wew. 515<\/em><\/strong><\/span><\/p>\n<h5>Pracownia Psychotechniczna &#8211;\u00a041 20 14 110 wew. 500<br \/>\n<strong>Marketing\u00a0<\/strong>&#8211; 41 201 41 10 wew. 435<\/h5>\n<h5><strong>Kasa biletowa &#8211;<\/strong> godziny otwarcia od poniedzia\u0142ku do pi\u0105tku 07:30 &#8211; 14:30 (mo\u017cliwo\u015b\u0107 dokonywania op\u0142at za pomoc\u0105 karty p\u0142atniczej)<\/h5>\n<h5>Biuro rzeczy znalezionych &#8211;\u00a041 201 41 10 wew. 435<strong>\u00a0<\/strong><\/h5>\n<h5><strong>Dzia\u0142 Eksploatacji:<br \/>\n<\/strong>Kierownik Dzia\u0142u Eksploatacji &#8211;\u00a041 20 14 110 wew. 450<br \/>\nZ ca Kierownika &#8211; 41 201 41 10 wew. 240<br \/>\nZaopatrzenie &#8211; tel.\/fax 41 34 559 19<br \/>\nDyspozytor Zajezdni:<\/h5>\n<ul>\n<li>\n<h5>&#8211; <a href=\"tel:412014111\">41 201 41 11<\/a>,<\/h5>\n<\/li>\n<li>\n<h5>&#8211; <a href=\"tel:413460696\">41 346 06 96<\/a><\/h5>\n<\/li>\n<li>\n<h5>&#8211; <a href=\"tel:413452421\">41 34 524 21 wew.<\/a>461<\/h5>\n<\/li>\n<li>\n<h5>&#8211; kom. <a href=\"tel:606821556\">606 821 556<\/a><\/h5>\n<\/li>\n<\/ul>\n<h5><strong>\u00a0<\/strong><strong>Us\u0142ugi:<br \/>\n<\/strong>Stacja Kontroli Pojazd\u00f3w &#8211; <a href=\"tel:413457625\">41 34 57 625<\/a>,\u00a0<a href=\"tel:412014110\">41 2014 110<\/a> wew. 241<br \/>\nSerwis radiotelefon\u00f3w &#8211;\u00a0<a href=\"tel:412014110\">41 2014 110<\/a> wew. 329<\/h5>\n<h5>Serwis ogumienia:<br \/>\n&#8211; <a href=\"tel:412014110\">41 201 41 10<\/a> wew. 325<br \/>\n<a href=\"tel:412014175\" data-wahfont=\"14\">&#8211; <strong>41 201 41 75 <\/strong><\/a><\/h5>\n<h5><strong>Adresy mailowe:<br \/>\n<\/strong><a href=\"mailto:sekretariat@mpk.kielce.pl\">sekretariat@mpk.kielce.pl<\/a><br \/>\n<a href=\"mailto:zaopatrzenie@mpk.kielce.pl\">zaopatrzenie@mpk.kielce.pl<\/a><br \/>\n<a href=\"mailto:reklama@mpk.kielce.pl\">reklama@mpk.kielce.pl<\/a><\/h5>\n<h5><strong>Inspektor Danych Osobowych<\/strong><\/h5>\n<h5>tel. <a href=\"tel:413452421\">41 34 524 21<\/a> wew. 330<\/h5>\n<h5>E-mail: <a href=\"mailto:iod@mpk.kielce.pl\">iod@mpk.kielce.pl<\/a><\/h5>\n<h5><\/h5>\n","protected":false},"excerpt":{"rendered":"<p>Miejskie Przedsi\u0119biorstwo Komunikacji w Kielcach Sp. z o.o. 25-734 Kielce, ul. Jagiello\u0144ska 92 e-mail:sekretariat@mpk.kielce.pl Adres skrzynki e-dor\u0119cze\u0144: AE:PL-93549-98259-FWUGU-16\u00a0 Telefony kontaktowe: [&hellip;]<\/p>\n","protected":false},"author":1,"featured_media":0,"parent":0,"menu_order":0,"comment_status":"closed","ping_status":"closed","template":"","meta":[],"folder":[],"aioseo_notices":[],"_links":{"self":[{"href":"https:\/\/mpk.kielce.pl\/mpk\/wp-json\/wp\/v2\/pages\/741"}],"collection":[{"href":"https:\/\/mpk.kielce.pl\/mpk\/wp-json\/wp\/v2\/pages"}],"about":[{"href":"https:\/\/mpk.kielce.pl\/mpk\/wp-json\/wp\/v2\/types\/page"}],"author":[{"embeddable":true,"href":"https:\/\/mpk.kielce.pl\/mpk\/wp-json\/wp\/v2\/users\/1"}],"replies":[{"embeddable":true,"href":"https:\/\/mpk.kielce.pl\/mpk\/wp-json\/wp\/v2\/comments?post=741"}],"version-history":[{"count":25,"href":"https:\/\/mpk.kielce.pl\/mpk\/wp-json\/wp\/v2\/pages\/741\/revisions"}],"predecessor-version":[{"id":3026,"href":"https:\/\/mpk.kielce.pl\/mpk\/wp-json\/wp\/v2\/pages\/741\/revisions\/3026"}],"wp:attachment":[{"href":"https:\/\/mpk.kielce.pl\/mpk\/wp-json\/wp\/v2\/media?parent=741"}],"wp:term":[{"taxonomy":"folder","embeddable":true,"href":"https:\/\/mpk.kielce.pl\/mpk\/wp-json\/wp\/v2\/folder?post=741"}],"curies":[{"name":"wp","href":"https:\/\/api.w.org\/{rel}","templated":true}]}}