{"id":832,"date":"2020-05-06T09:32:05","date_gmt":"2020-05-06T07:32:05","guid":{"rendered":"https:\/\/mpk.kielce.pl\/mpk\/?page_id=832"},"modified":"2020-05-06T09:32:06","modified_gmt":"2020-05-06T07:32:06","slug":"ow-zwiazkowiec-2","status":"publish","type":"page","link":"https:\/\/mpk.kielce.pl\/mpk\/ow-zwiazkowiec-2\/","title":{"rendered":"OW &#8222;Zwi\u0105zkowiec&#8221;"},"content":{"rendered":"<p style=\"text-align: center;\"><strong>O\u015brodek wczasowy &#8222;Zwi\u0105zkowiec\u201d <\/strong><\/p>\n<p>O\u015brodek Wczasowy &#8222;Zwi\u0105zkowiec&#8221; znajduje si\u0119 na skraju lasu w odleg\u0142o\u015bci 500 metr\u00f3w od pla\u017cy. O\u015brodek posiada do dyspozycji turyst\u00f3w domki campingowe 4-osobowe z \u0142azienk\u0105 i natryskami oraz TV. W ka\u017cdym domku znajduje si\u0119 sprz\u0119t do pla\u017cowania. Ponadto na terenie o\u015brodka znajduje si\u0119 ogrodzony i o\u015bwietlony parking samochodowy. Posiadamy r\u00f3wnie\u017c boisko do gry w pi\u0142k\u0119 no\u017cn\u0105, siatkow\u0105 oraz kort tenisowy. W \u015bwietlicy jest st\u00f3\u0142 do ping-ponga. Na terenie o\u015brodka jest mo\u017cliwo\u015b\u0107 organizowania ognisk i grillowania. Dzieci maj\u0105 mo\u017cliwo\u015b\u0107 korzystania z placu zabaw. Na terenie o\u015brodka do dyspozycji wczasowicz\u00f3w rowery g\u00f3rskie. Na terenie o\u015brodka udostepniony jest bezprzewodowy internet WIFI.<\/p>\n<p>Szeroka piaszczysta pla\u017ca, korzystny mikroklimat sprawi\u0142y, \u017ce miejscowo\u015b\u0107 ta jest znanym o\u015brodkiem wypoczynkowym. Przez Rowy rowadz\u0105 znakomite szlaki turystyczne.<\/p>\n<p>Rowy to miejscowo\u015b\u0107 letniskowa stanowi\u0105ca rozleg\u0142y o\u015brodek turystyczny z rozwini\u0119t\u0105 baz\u0105 noclegow\u0105.&nbsp; Osada po\u0142o\u017cona jest na Pobrze\u017cu S\u0142owi\u0144skim w gminie Ustka, w odleg\u0142o\u015bci ok. 28 km na p\u00f3\u0142nocny wsch\u00f3d od S\u0142upska, na lewym brzegu rzeki \u0141upawy. Miejscowo\u015b\u0107 le\u017cy na skraju S\u0142owi\u0144skiego Parku Narodowego, uznanego przez UNESCO &#8222;\u015awiatowym Rezerwatem Biosfery&#8221;. Rowy to stara miejscowo\u015b\u0107 kaszubska. Pierwsze wzmianki o niej pochodz\u0105 z 1282 roku. Na uwag\u0119 zas\u0142uguje ko\u015bci\u00f3\u0142 w stylu neoroma\u0144skim, zbudowany z g\u0142az\u00f3w i kamieni polodowcowych w 1849 roku oraz stare domy szachulcowe kryte strzech\u0105 z 1860 roku.<\/p>\n","protected":false},"excerpt":{"rendered":"<p>O\u015brodek wczasowy &#8222;Zwi\u0105zkowiec\u201d O\u015brodek Wczasowy &#8222;Zwi\u0105zkowiec&#8221; znajduje si\u0119 na skraju lasu w odleg\u0142o\u015bci 500 metr\u00f3w od pla\u017cy. O\u015brodek posiada do [&hellip;]<\/p>\n","protected":false},"author":1,"featured_media":0,"parent":0,"menu_order":0,"comment_status":"closed","ping_status":"closed","template":"","meta":[],"folder":[],"aioseo_notices":[],"_links":{"self":[{"href":"https:\/\/mpk.kielce.pl\/mpk\/wp-json\/wp\/v2\/pages\/832"}],"collection":[{"href":"https:\/\/mpk.kielce.pl\/mpk\/wp-json\/wp\/v2\/pages"}],"about":[{"href":"https:\/\/mpk.kielce.pl\/mpk\/wp-json\/wp\/v2\/types\/page"}],"author":[{"embeddable":true,"href":"https:\/\/mpk.kielce.pl\/mpk\/wp-json\/wp\/v2\/users\/1"}],"replies":[{"embeddable":true,"href":"https:\/\/mpk.kielce.pl\/mpk\/wp-json\/wp\/v2\/comments?post=832"}],"version-history":[{"count":3,"href":"https:\/\/mpk.kielce.pl\/mpk\/wp-json\/wp\/v2\/pages\/832\/revisions"}],"predecessor-version":[{"id":835,"href":"https:\/\/mpk.kielce.pl\/mpk\/wp-json\/wp\/v2\/pages\/832\/revisions\/835"}],"wp:attachment":[{"href":"https:\/\/mpk.kielce.pl\/mpk\/wp-json\/wp\/v2\/media?parent=832"}],"wp:term":[{"taxonomy":"folder","embeddable":true,"href":"https:\/\/mpk.kielce.pl\/mpk\/wp-json\/wp\/v2\/folder?post=832"}],"curies":[{"name":"wp","href":"https:\/\/api.w.org\/{rel}","templated":true}]}}