{"id":84,"date":"2019-12-19T10:52:58","date_gmt":"2019-12-19T09:52:58","guid":{"rendered":"https:\/\/mpk.kielce.pl\/wordpress\/?page_id=84"},"modified":"2020-10-06T08:10:26","modified_gmt":"2020-10-06T06:10:26","slug":"przepisy-porzadkowe","status":"publish","type":"page","link":"https:\/\/mpk.kielce.pl\/mpk\/przepisy-porzadkowe\/","title":{"rendered":"PRZEPISY PORZ\u0104DKOWE"},"content":{"rendered":"\n<p><strong>Przepisy porz\u0105dkowe<\/strong><\/p>\n\n\n\n<p><strong>dotycz\u0105ce przewozu os\u00f3b i baga\u017cu \u015brodkami komunikacji regularnej w Kielcach<\/strong><\/p>\n\n\n\n<p><strong>I. Zasady korzystania z us\u0142ug komunikacji regularnej<\/strong><\/p>\n\n\n\n<p>Pasa\u017cerowie korzystaj\u0105cy z przejazd\u00f3w \u015brodkami komunikacji regularnej zobowi\u0105zani s\u0105 do przestrzegania niniejszych przepis\u00f3w.<\/p>\n\n\n\n<ol><li>Z us\u0142ug przewozowych komunikacji regularnej w Kielcach mo\u017cna korzysta\u0107 tylko na podstawie bilet\u00f3w z napisem MPK.<\/li><li>Wsiadanie do pojazdu oraz wysiadanie z niego dozwolone jest tylko na przystankach przednimi drzwiami po ca\u0142kowitym zatrzymaniu pojazdu.<\/li><li>Wsiadanie do pojazdu na przystankach ko\u0144cowych dozwolone jest dopiero po zako\u0144czeniu czynno\u015bci zwi\u0105zanych ze zmian\u0105 kierunku jazdy.<\/li><li>Obs\u0142uga pojazdu po zako\u0144czeniu czynno\u015bci, o kt\u00f3rych mowa w pkt. 3 obowi\u0105zana jest niezw\u0142ocznie podjecha\u0107 do przystanku dla wsiadaj\u0105cych, w celu umo\u017cliwienia osobom oczekuj\u0105cym na przystanku zaj\u0119cia miejsca w poje\u017adzie (z wyj\u0105tkiem przerw na po\u017cycie posi\u0142k\u00f3w lub awarii).<\/li><li>Pasa\u017cerowie zajmuj\u0105cy miejsca stoj\u0105ce w poje\u017adzie powinni w czasie jazdy trzyma\u0107 si\u0119 uchwyt\u00f3w lub por\u0119czy.<\/li><li>Pasa\u017cer, kt\u00f3ry zajmuje miejsce oznaczone \u201edla inwalidy\u201d, \u201edla osoby z dzieckiem na r\u0119ku\u201d obowi\u0105zany jest zwolni\u0107 to miejsce w razie zg\u0142oszenia si\u0119 na nie osoby, dla kt\u00f3rej miejsce takie jest przeznaczone.<\/li><li>Pasa\u017cerowie nie mog\u0105 zajmowa\u0107 miejsca w pobli\u017cu kieruj\u0105cego pojazdem w spos\u00f3b ograniczaj\u0105cy jego pole widzenia, oraz zachowywa\u0107 si\u0119 w spos\u00f3b utrudniaj\u0105cy kieruj\u0105cemu prowadzenie pojazdu.<\/li><li>Po wej\u015bciu do pojazdu pasa\u017cer obowi\u0105zany jest niezw\u0142ocznie i bez wezwania do zakupu biletu u kierowcy, je\u017celi nie posiada biletu miesi\u0119cznego. W przypadku posiadania biletu miesi\u0119cznego musi okaza\u0107 go kierowcy.<\/li><li>Podczas kontroli bilet\u00f3w pasa\u017cer obowi\u0105zany jest okaza\u0107 bilet i (lub) dokument uprawniaj\u0105cy do ulgowego lub bezp\u0142atnego przejazdu na podstawie wa\u017cnej legitymacji MPK wraz z dowodem osobistym lub innym dokumentem to\u017csamo\u015bci.<\/li><li>Pasa\u017cer jest obowi\u0105zany posiada\u0107 wa\u017cny bilet przez ca\u0142y okres jazdy i okazywa\u0107 go na \u017c\u0105danie s\u0142u\u017cbom kontrolnym.<\/li><li>Pasa\u017cerowi nie wolno odst\u0119powa\u0107 zakupionego biletu innej osobie.<\/li><li>Bilet uznaje si\u0119 za niewa\u017cny gdy jest zniszczony lub up\u0142yn\u0105\u0142 termin jego wa\u017cno\u015bci.<\/li><li>Pasa\u017cer, kt\u00f3ry podczas kontroli nie mo\u017ce okaza\u0107 wa\u017cnego biletu za przejazd( przew\u00f3z baga\u017cu) albo stosownego dokumentu, obowi\u0105zany jest do uiszczenia w\u0142a\u015bciwej nale\u017cno\u015bci za przejazd i op\u0142aty dodatkowej.<\/li><li>Kierowca mo\u017ce odm\u00f3wi\u0107 przewozu os\u00f3b:<\/li><\/ol>\n\n\n\n<ul><li>nietrze\u017awych i zachowuj\u0105cych si\u0119 nieodpowiednio,<\/li><li>kt\u00f3re s\u0105 niebezpieczne lub uci\u0105\u017cliwe dla innych pasa\u017cer\u00f3w,<\/li><li>kt\u00f3re mog\u0105 zabrudzi\u0107 innych pasa\u017cer\u00f3w,<\/li><li>z innych uzasadnionych powod\u00f3w.<\/li><\/ul>\n\n\n\n<p>&nbsp; 15. Zabronione jest:<\/p>\n\n\n\n<ul><li>wsiadanie (wskakiwanie) do pojazdu i wysiadanie ( wyskakiwanie) z niego w czasie jazdy,<\/li><li>otwieranie drzwi pojazdu podczas jazdy,<\/li><li>nieuzasadnione dawanie sygna\u0142u odjazdu lub zatrzymania pojazdu,<\/li><li>wsiadanie do pojazdu i wysiadanie z niego po sygnale d\u017awi\u0119kowym<\/li><li>zanieczyszczanie i za\u015bmiecanie pojazdu lub niszczenie jego urz\u0105dze\u0144 i wyposa\u017cenia,<\/li><li>wychylanie si\u0119 z pojazdu i opieranie si\u0119 o drzwi podczas jazdy,<\/li><li>spo\u017cywanie art. \u017cywno\u015bciowych mog\u0105cych zabrudzi\u0107 innych pasa\u017cer\u00f3w lub zanieczy\u015bci\u0107 wn\u0119trze pojazdu,<\/li><li>granie na instrumentach muzycznych, korzystanie z radioodbiornik\u00f3w lub zak\u0142\u00f3canie w inny spos\u00f3b spokoju w poje\u017adzie,<\/li><li>palenie tytoniu, spo\u017cywanie napoj\u00f3w alkoholowych,<\/li><li>wyrzucanie jakichkolwiek przedmiot\u00f3w z pojazdu w czasie jazdy lub na postoju,<\/li><li>wykonywanie czynno\u015bci mog\u0105cych narazi\u0107 wsp\u00f3\u0142pasa\u017cer\u00f3w na szkody lub obra\u017cenia.<\/li><\/ul>\n\n\n\n<p>&nbsp;&nbsp;&nbsp; 16. Nadz\u00f3r nada baga\u017cem r\u0119cznym i zwierz\u0119tami, kt\u00f3re pasa\u017cer przewozi w poje\u017adzie nale\u017cy do pasa\u017cera. Psy powinny by\u0107 przewo\u017cone w kaga\u0144cu i trzymane na smyczy. Za baga\u017c i zwierz\u0119ta Przewo\u017anik&nbsp;&nbsp;&nbsp; odpowiada tylko w przypadku gdy szkoda powsta\u0142a z jego winy.<\/p>\n\n\n\n<p>&nbsp;&nbsp;&nbsp; 17. Pasa\u017cer odpowiada za szkody powsta\u0142e w zwi\u0105zku z przewozem baga\u017cu r\u0119cznego lub zwierz\u0105t.<\/p>\n\n\n\n<p>&nbsp;&nbsp;&nbsp; 18. Baga\u017cu i zwierz\u0105t nie wolno umieszcza\u0107 na miejscach przeznaczonych do siedzenia.<\/p>\n\n\n\n<p>&nbsp; &nbsp; 19. W pojazdach nie mo\u017cna przewozi\u0107 :<\/p>\n\n\n\n<ul><li>przedmiot\u00f3w, kt\u00f3re mog\u0105 wyrz\u0105dzi\u0107 szkod\u0119 innym pasa\u017cerom przez zanieczyszczanie lub uszkodzenie ich cia\u0142a lub odzie\u017cy, albo kt\u00f3re mog\u0105 uszkodzi\u0107 lub zanieczy\u015bci\u0107 pojazd (np. pi\u0142y, kosy, otwarte naczynia ze samarami, farbami , itp&#8230;)<\/li><li>przedmiot\u00f3w cuchn\u0105cych, zapalnych, \u0142atwopalnych, wybuchowych, \u017cr\u0105cych, radioaktywnych, truj\u0105cych oraz innych materia\u0142\u00f3w niebezpiecznych.<\/li><\/ul>\n\n\n\n<p>&nbsp;&nbsp;&nbsp; 20. Je\u017celi istnieje uzasadnione podejrzenie, \u017ce pasa\u017cer zabra\u0142 ze sob\u0105 do pojazdu przedmioty, kt\u00f3rych przewozi\u0107 nie wolno, kierowca pojazdu ma prawo w obecno\u015bci pasa\u017cera sprawdzi\u0107 w\u0142a\u015bciwo\u015bci przedmiot\u00f3w zabranych do pojazdu z wyj\u0105tkiem przedmiot\u00f3w mienia wojskowego lub policyjnego, b\u0119d\u0105cych pod nadzorem \u017co\u0142nierzy, pracownika cywilnego zatrudnionego w jednostce wojskowej lub funkcjonariusza Policji. W razie stwierdzenia posiadania lub podejrzenia posiadania takich przedmiot\u00f3w kierowca pojazdu obowi\u0105zany jest odm\u00f3wi\u0107 przewozu.<\/p>\n\n\n\n<p>&nbsp; &nbsp; 21. W razie awarii lub uszkodzenia pojazdu w czasie jazdy, pasa\u017cerowi przys\u0142uguje prawo kontynuowania jazdy pojazdem zast\u0119pczym podstawionym przez MPK.<\/p>\n\n\n\n<p><strong>II Zasady przeprowadzania kontroli bilet\u00f3w<\/strong><\/p>\n\n\n\n<ol><li>Kontrol\u0119 bilet\u00f3w przeprowadzaj\u0105 osoby kt\u00f3re posiadaj\u0105 identyfikator wystawiony przez MPK Sp. z o. o. w Kielcach lub kierowca.<\/li><li>Rozpocz\u0119cie kontroli nast\u0119puje po zamkni\u0119ciu drzwi autobusu.<\/li><li>Kontroler ,rozpoczynaj\u0105c kontrol\u0119, informuje pasa\u017cer\u00f3w o jej rozpocz\u0119ciu i wzywa ich do przygotowania bilet\u00f3w do kontroli.<\/li><li>W przypadku stwierdzenia, \u017ce pasa\u017cer nie posiada wa\u017cnego biletu na przejazd lub przew\u00f3z baga\u017cu, albo nie posiada dokumentu uprawniaj\u0105cego do bezp\u0142atnego lub ulgowego przejazdu, kontroler wzywa pasa\u017cera do uiszczenia op\u0142aty dodatkowej , a w przypadku odmowy uiszczenia tych nale\u017cno\u015bci wzywa pasa\u017cera do okazania dokumentu umo\u017cliwiaj\u0105cego stwierdzenie to\u017csamo\u015bci i nak\u0142ada op\u0142at\u0119 dodatkow\u0105 wype\u0142niaj\u0105c druk formularza op\u0142aty dodatkowej ustalony przez MPK Sp. z o. o. w Kielcach. Formularz op\u0142aty dodatkowej wype\u0142nia si\u0119 w dw\u00f3ch egzemplarzach, z kt\u00f3rych jeden otrzymuje pasa\u017cer, a fakt jego otrzymania potwierdza czytelnym podpisem.<\/li><li>Od na\u0142o\u017conej op\u0142aty dodatkowej przys\u0142uguje prawo odwo\u0142ania si\u0119 na pi\u015bmie do Prezesa MPK Sp. z o. o. w Kielcach, w terminie 7 dni od dnia jej na\u0142o\u017cenia. Wniesienie odwo\u0142ania nie wstrzymuje biegu terminu obni\u017caj\u0105cego wysoko\u015b\u0107 op\u0142aty dodatkowej. Rozpatrzenie odwo\u0142ania powinno nast\u0105pi\u0107 nie p\u00f3\u017aniej ni\u017c w terminie 14 dni od daty wp\u0142ywu.<\/li><\/ol>\n\n\n\n<p><strong>Tel. interwencyjny<\/strong><\/p>\n\n\n\n<p><strong>1.Dyspozytor <a href=\"tel:413460696\">41 346 06 96<\/a><\/strong><\/p>\n\n\n\n<p>2. <strong>MPK <a href=\"tel:413452421\">41 345 24 21<\/a><\/strong><\/p>\n","protected":false},"excerpt":{"rendered":"<p>Przepisy porz\u0105dkowe dotycz\u0105ce przewozu os\u00f3b i baga\u017cu \u015brodkami komunikacji regularnej w Kielcach I. Zasady korzystania z us\u0142ug komunikacji regularnej Pasa\u017cerowie [&hellip;]<\/p>\n","protected":false},"author":1,"featured_media":0,"parent":0,"menu_order":0,"comment_status":"closed","ping_status":"closed","template":"","meta":[],"folder":[],"aioseo_notices":[],"_links":{"self":[{"href":"https:\/\/mpk.kielce.pl\/mpk\/wp-json\/wp\/v2\/pages\/84"}],"collection":[{"href":"https:\/\/mpk.kielce.pl\/mpk\/wp-json\/wp\/v2\/pages"}],"about":[{"href":"https:\/\/mpk.kielce.pl\/mpk\/wp-json\/wp\/v2\/types\/page"}],"author":[{"embeddable":true,"href":"https:\/\/mpk.kielce.pl\/mpk\/wp-json\/wp\/v2\/users\/1"}],"replies":[{"embeddable":true,"href":"https:\/\/mpk.kielce.pl\/mpk\/wp-json\/wp\/v2\/comments?post=84"}],"version-history":[{"count":3,"href":"https:\/\/mpk.kielce.pl\/mpk\/wp-json\/wp\/v2\/pages\/84\/revisions"}],"predecessor-version":[{"id":1116,"href":"https:\/\/mpk.kielce.pl\/mpk\/wp-json\/wp\/v2\/pages\/84\/revisions\/1116"}],"wp:attachment":[{"href":"https:\/\/mpk.kielce.pl\/mpk\/wp-json\/wp\/v2\/media?parent=84"}],"wp:term":[{"taxonomy":"folder","embeddable":true,"href":"https:\/\/mpk.kielce.pl\/mpk\/wp-json\/wp\/v2\/folder?post=84"}],"curies":[{"name":"wp","href":"https:\/\/api.w.org\/{rel}","templated":true}]}}