{"id":865,"date":"2020-05-18T08:11:34","date_gmt":"2020-05-18T06:11:34","guid":{"rendered":"https:\/\/mpk.kielce.pl\/mpk\/?page_id=865"},"modified":"2021-01-28T13:34:11","modified_gmt":"2021-01-28T12:34:11","slug":"kierowca-kategorii-d-zawod-pilnie-poszukiwany-etap-iii","status":"publish","type":"page","link":"https:\/\/mpk.kielce.pl\/mpk\/kierowca-kategorii-d-zawod-pilnie-poszukiwany-etap-iii\/","title":{"rendered":"Kierowca kategorii D zaw\u00f3d pilnie poszukiwany etap &#8211; III"},"content":{"rendered":"<p><span style=\"font-family: Times New Roman, serif;\"><span style=\"font-size: medium;\">Projekt \u201eKierowca kategorii D zaw\u00f3d pilnie poszukiwany \u2013 etap III\u201d realizowany jest w ramach Regionalnego Programu Operacyjnego Wojew\u00f3dztwa \u015awi\u0119tokrzyskiego na lata 2014-2020, O\u015b priorytetowa: RPSW.08.00.00 Rozw\u00f3j edukacji i aktywne spo\u0142ecze\u0144stwo, Dzia\u0142anie: PSW.08.05.00 Rozw\u00f3j i wysoka jako\u015b\u0107 szkolnictwa zawodowego i kszta\u0142cenia, ustawicznego, Poddzia\u0142anie: RPSW.08.05.03 Edukacja formalna i poza formalna os\u00f3b doros\u0142ych.<\/span><\/span><\/p>\n<p><span style=\"font-family: Times New Roman, serif;\"><span style=\"font-size: medium;\">W ramach projektu przewiduje si\u0119:<\/span><\/span><\/p>\n<p>\u2013 <span style=\"font-family: Times New Roman, serif;\"><span style=\"font-size: medium;\">diagnoz\u0119 predyspozycji zawodowych dla uczestnik\u00f3w projektu,<\/span><\/span><\/p>\n<p>\u2013 <span style=\"font-family: Times New Roman, serif;\"><span style=\"font-size: medium;\">badania lekarskie i psychologiczne dopuszczaj\u0105ce do uczestnictwa w kursie prawa jazdy kategorii D po B lub d po C,<\/span><\/span><\/p>\n<p>\u2013 <span style=\"font-family: Times New Roman, serif;\"><span style=\"font-size: medium;\">organizacj\u0119 kursu prawo jazdy kategorii D po B wraz z kwalifikacj\u0105 przyspieszon\u0105 dla 49 os\u00f3b powy\u017cej 24 roku \u017cycia zamieszka\u0142ych zgodnie z Kodeksem Cywilnym na terenie wojew\u00f3dztwa \u015bwi\u0119tokrzyskiego (49 os.),<\/span><\/span><\/p>\n<p>\u2013 <span style=\"font-family: Times New Roman, serif;\"><span style=\"font-size: medium;\">organizacj\u0119 kursu prawo jazdy kategorii D po C wraz z kwalifikacj\u0105 przyspieszon\u0105 dla 15 os\u00f3b powy\u017cej 24 roku \u017cycia zamieszka\u0142ych zgodnie z Kodeksem Cywilnym na terenie wojew\u00f3dztwa \u015bwi\u0119tokrzyskiego (15 os.),<\/span><\/span><\/p>\n<p>\u2013 <span style=\"font-family: Times New Roman, serif;\"><span style=\"font-size: medium;\">organizacj\u0119 kursu prawo jazdy kategorii D po B wraz z kwalifikacj\u0105 wst\u0119pn\u0105 lub kwalifikacj\u0105 przyspieszon\u0105 dla 74 os\u00f3b powy\u017cej 21 roku \u017cycia zamieszka\u0142ych zgodnie z Kodeksem Cywilnym na terenie wojew\u00f3dztwa \u015bwi\u0119tokrzyskiego,<\/span><\/span><\/p>\n<p><span style=\"font-family: Times New Roman, serif;\"><span style=\"font-size: medium;\">Celem g\u0142\u00f3wnym projektu jest lepsze dopasowanie systemu kszta\u0142cenia i szkolenia do potrzeb rynku pracy, u\u0142atwienie przechodzenia z etapu kszta\u0142cenia do etapu zatrudnienia oraz wzmacnianie systemu kszta\u0142cenia zawodowego i jego jako\u015bci poprzez organizacj\u0119 praktycznej nauki zawodu kierowca kategorii D. Cel ten zostanie osi\u0105gni\u0119ty poprzez organizacj\u0119 kursu prawa jazdy kategorii D po B z kwalifikacj\u0105 przyspieszon\u0105 dla 49 os. i organizacj\u0119 kursu prawa jazdy kategorii D po C z kwalifikacj\u0105 uzupe\u0142niaj\u0105c\u0105 dla 15 os. z po\u015br\u00f3d 80 os\u00f3b obj\u0119tych badaniami lekarskimi i psychologicznymi ((40 os. zarejestrowanych w Miejskim Urz\u0119dzie Pracy w Kielcach, jako bezrobotne (zrekrutowane przez MUP Kielce) i 40 innych os. zainteresowanych z w\u0142asnej inicjatywy zdobyciem, uzupe\u0142nieniem lub podnoszeniem kompetencji lub kwalifikacji zawodowych zamieszka\u0142ych zgodnie z KC w woj. \u015bwi\u0119tokrzyskim (zrekrutowane przez MPK Kielce) kt\u00f3re po zidentyfikowanej diagnozie rzeczywistych predyspozycji chc\u0105 podj\u0105\u0107 szkolenie prawo jazdy kategorii D)).<\/span><\/span><\/p>\n<p><span style=\"font-family: Times New Roman, serif;\"><span style=\"font-size: medium;\">z czego:<\/span><\/span><\/p>\n<p><span style=\"font-family: Times New Roman, serif;\"><span style=\"font-size: medium;\">a) 20% ucz. z orzeczonym stopniem niepe\u0142nosprawno\u015bci 16 os. <\/span><\/span><\/p>\n<p><span style=\"font-family: Times New Roman, serif;\"><span style=\"font-size: medium;\">b) 50% ucz, w wieku 50+ lub posiadaj\u0105cych niskie kwalifikacje, 40 os.<\/span><\/span><\/p>\n<p><span style=\"font-family: Times New Roman, serif;\"><span style=\"font-size: medium;\">Projekt zak\u0142ada osi\u0105gni\u0119cie nast\u0119puj\u0105cych wska\u017anik\u00f3w rezultatu:<br \/>\n\u2013 Liczba os\u00f3b, kt\u00f3re uzyska\u0142y kwalifikacje w ramach pozaszkolnych form kszta\u0142cenia [osoby] \u2013 40<\/span><\/span><\/p>\n<p><span style=\"font-family: Times New Roman, serif;\"><span style=\"font-size: medium;\">Projekt zak\u0142ada osi\u0105gni\u0119cie nast\u0119puj\u0105cych wska\u017anik\u00f3w produktu:<br \/>\n\u2013 Liczba os\u00f3b uczestnicz\u0105cych w pozaszkolnych formach kszta\u0142cenia w programie [osoby] \u2013 64<\/span><\/span><\/p>\n<p>\u2013 <span style=\"font-family: Times New Roman, serif;\"><span style=\"font-size: medium;\">Liczba os\u00f3b uczestnicz\u0105cych w pozaszkolnych formach kszta\u0142cenia (bez udzia\u0142u pracodawc\u00f3w) w Programie [liczba os\u00f3b] \u2013 64<\/span><\/span><\/p>\n<p>\u2013 <span style=\"font-family: Times New Roman, serif;\"><span style=\"font-size: medium;\">Liczba podmiot\u00f3w wykorzystuj\u0105cych technologie informacyjno-komunikacyjne [szt.] \u2013 1<\/span><\/span><\/p>\n<p>\u2013 <span style=\"font-family: Times New Roman, serif;\"><span style=\"font-size: medium;\">Liczba os\u00f3b z niepe\u0142nosprawno\u015bciami uczestnicz\u0105cych w projekcie [liczba os\u00f3b] \u2013 16<\/span><\/span><\/p>\n<p>\u2013 <span style=\"font-family: Times New Roman, serif;\"><span style=\"font-size: medium;\">Liczba os\u00f3b uczestnicz\u0105cych w projekcie nale\u017c\u0105cych do co najmniej jednej z poni\u017cszych grup: osoby w wieku 50 lat i wi\u0119cej; osoby z niskimi kwalifikacjami [liczba os\u00f3b] \u2013 40<\/span><\/span><\/p>\n<p>\u2013 <span style=\"font-family: Times New Roman, serif;\"><span style=\"font-size: medium;\">Liczba os\u00f3b, kt\u00f3re b\u0119d\u0105 uczestniczy\u0107 w badaniach lekarskich i psychologicznych [liczba os\u00f3b] \u2013 80<\/span><\/span><\/p>\n<p><span style=\"font-family: Times New Roman, serif;\"><span style=\"font-size: medium;\">Koszty ca\u0142kowite projektu to 877 128,75 z\u0142.<br \/>\nUdzia\u0142 dofinansowania 758 000,75 z\u0142.<br \/>\nProjekt realizowany od 15.05.2020 do 16.08.2021.<\/span><\/span><\/p>\n<p>OD 15 MAJA 2020 TRWA REKRUTACJA DO 1 GRUPY SZKOLENIOWEJ OS\u00d3B POSIADAJ\u0104CYCH PRAWO JAZDY KATEGORII C I KWALIFIKACJ\u0118 NA PRZEW\u00d3Z RZECZY.<\/p>\n<p class=\"has-text-color has-vivid-cyan-blue-color\"><span style=\"color: #3366ff;\"><a style=\"color: #3366ff;\" href=\"https:\/\/mpk.kielce.pl\/mpk\/wp-content\/uploads\/2020\/05\/dokumenty rekrutacyjne do projektu kierowca III ost .pdf\" data-wplink-url-error=\"true\">Dokumenty rekrutacyjne<\/a><\/span><\/p>\n<p><span style=\"color: #3366ff;\"><a style=\"color: #3366ff;\" href=\"https:\/\/mpk.kielce.pl\/mpk\/wp-content\/uploads\/2020\/07\/zapytanie-1.pdf\">Zapytanie ofertowe nr 1\/MPK\/KKDZPPEIII\/2020 na wykonanie, dostaw\u0119 i monta\u017c mebli biurowych<\/a><\/span><\/p>\n<p><span style=\"color: #3366ff;\"><a style=\"color: #3366ff;\" href=\"https:\/\/mpk.kielce.pl\/mpk\/wp-content\/uploads\/2020\/07\/zapytanie-2.pdf\">Zapytanie ofertowe nr 2\/MPK\/KKDZPPEIII\/2020 na przeprowadzenie bada\u0144 lekarskich<\/a><\/span><\/p>\n<p><span style=\"color: #3366ff;\"><a style=\"color: #3366ff;\" href=\"https:\/\/mpk.kielce.pl\/mpk\/wp-content\/uploads\/2020\/07\/zapytanie-3.pdf\">Zapytanie ofertowe nr 3\/MPK\/KKDZPPEIII\/2020 na \u015bwiadczenie us\u0142ugi cateringowej<\/a><\/span><\/p>\n<p><span style=\"color: #3366ff;\"><a style=\"color: #3366ff;\" href=\"https:\/\/mpk.kielce.pl\/mpk\/wp-content\/uploads\/2020\/07\/zapytanie-4.pdf\">Zapytanie ofertowe nr 4\/MPK\/KKDZPPEIII\/2020 na przeprowadzenie kurs\u00f3w wraz z egzaminami<\/a><\/span><\/p>\n<p><span style=\"color: #3366ff;\"><a style=\"color: #3366ff;\" href=\"https:\/\/mpk.kielce.pl\/mpk\/wp-content\/uploads\/2020\/07\/lista-.pdf\">Lista os\u00f3b zakwalifikowanych do udzia\u0142u w kursie prawo jazdy<\/a><\/span><br \/>\n<span style=\"color: #3366ff;\"><a style=\"color: #3366ff;\" href=\"https:\/\/mpk.kielce.pl\/mpk\/wp-content\/uploads\/2020\/07\/lista-.pdf\">kategorii D po C z kwalifikacj\u0105 uzupe\u0142niaj\u0105c\u0105<\/a><\/span><\/p>\n<p><span style=\"color: #00ccff;\"><a style=\"color: #00ccff;\" href=\"https:\/\/mpk.kielce.pl\/mpk\/wp-content\/uploads\/2020\/07\/zapytanie-5.pdf\"><span style=\"color: #3366ff;\">Zapytanie ofertowe nr 5\/MPK\/KKDZPPEIII\/2020 na zakup sprz\u0119tu komputerowego<\/span><\/a><\/span><\/p>\n<p><a href=\"https:\/\/mpk.kielce.pl\/mpk\/wp-content\/uploads\/2020\/07\/rozstrzygnicie1.pdf\"><span style=\"color: #3366ff;\">Zawiadomienie o wyborze wykonawcy w ramach zapytania ofertowego nr 1\/MPK\/KKDZPPEIII\/2020 na wykonanie, dostaw\u0119 i monta\u017c mebli biurowych<\/span><\/a><\/p>\n<p><span style=\"color: #3366ff;\"><a style=\"color: #3366ff;\" href=\"https:\/\/mpk.kielce.pl\/mpk\/wp-content\/uploads\/2020\/07\/rozstrzygnicie2.pdf\">Zawiadomienie o wyborze wykonawcy w ramach zapytania ofertowego nr 2\/MPK\/KKDZPPEIII\/2020 na przeprowadzenie bada\u0144 lekarskich<\/a><\/span><\/p>\n<p><span style=\"color: #3366ff;\"><a style=\"color: #3366ff;\" href=\"https:\/\/mpk.kielce.pl\/mpk\/wp-content\/uploads\/2020\/07\/rozstrzygnicie3.pdf\">Zawiadomienie o wyborze wykonawcy w ramach zapytania ofertowego nr 3\/MPK\/KKDZPPEIII\/2020 na \u015bwiadczenie us\u0142ugi cateringowej<\/a><\/span><\/p>\n<p><a href=\"https:\/\/mpk.kielce.pl\/mpk\/wp-content\/uploads\/2020\/08\/zawiadomienie-4.pdf\">Zawiadomienie o wyborze wykonawcy w ramach zapytania ofertowego nr 4\/MPK\/KKDZPPEIII\/2020 na organizacj\u0119 kurs\u00f3w<\/a><\/p>\n<p><a href=\"https:\/\/mpk.kielce.pl\/mpk\/wp-content\/uploads\/2020\/08\/rozstrzygni\u0119cie5.pdf\"><span style=\"color: #3366ff;\">Zawiadomienie o wyborze wykonawcy w ramach zapytania ofertowego nr 5\/MPK\/KKDZPPEIII\/2020 na zakup sprz\u0119tu komputerowego<\/span><\/a><\/p>\n<p><a href=\"https:\/\/mpk.kielce.pl\/mpk\/wp-content\/uploads\/2020\/03\/SKM_C250i210126095000.pdf\">lista os\u00f3b zakwalifikowanych do projektu zrekrutowanych przez MPK<\/a><\/p>\n<p><img loading=\"lazy\" class=\"size-full wp-image-222 alignright\" src=\"https:\/\/mpk.kielce.pl\/mpk\/wp-content\/uploads\/2019\/12\/logoMUP.png\" alt=\"\" width=\"178\" height=\"86\" \/><img loading=\"lazy\" class=\"alignnone  wp-image-386\" src=\"https:\/\/mpk.kielce.pl\/mpk\/wp-content\/uploads\/2020\/01\/logo_mpk_main-300x145.png\" alt=\"\" width=\"236\" height=\"109\" \/><\/p>\n","protected":false},"excerpt":{"rendered":"<p>Projekt \u201eKierowca kategorii D zaw\u00f3d pilnie poszukiwany \u2013 etap III\u201d realizowany jest w ramach Regionalnego Programu Operacyjnego Wojew\u00f3dztwa \u015awi\u0119tokrzyskiego na [&hellip;]<\/p>\n","protected":false},"author":1,"featured_media":0,"parent":0,"menu_order":0,"comment_status":"closed","ping_status":"closed","template":"","meta":[],"folder":[],"aioseo_notices":[],"_links":{"self":[{"href":"https:\/\/mpk.kielce.pl\/mpk\/wp-json\/wp\/v2\/pages\/865"}],"collection":[{"href":"https:\/\/mpk.kielce.pl\/mpk\/wp-json\/wp\/v2\/pages"}],"about":[{"href":"https:\/\/mpk.kielce.pl\/mpk\/wp-json\/wp\/v2\/types\/page"}],"author":[{"embeddable":true,"href":"https:\/\/mpk.kielce.pl\/mpk\/wp-json\/wp\/v2\/users\/1"}],"replies":[{"embeddable":true,"href":"https:\/\/mpk.kielce.pl\/mpk\/wp-json\/wp\/v2\/comments?post=865"}],"version-history":[{"count":13,"href":"https:\/\/mpk.kielce.pl\/mpk\/wp-json\/wp\/v2\/pages\/865\/revisions"}],"predecessor-version":[{"id":1229,"href":"https:\/\/mpk.kielce.pl\/mpk\/wp-json\/wp\/v2\/pages\/865\/revisions\/1229"}],"wp:attachment":[{"href":"https:\/\/mpk.kielce.pl\/mpk\/wp-json\/wp\/v2\/media?parent=865"}],"wp:term":[{"taxonomy":"folder","embeddable":true,"href":"https:\/\/mpk.kielce.pl\/mpk\/wp-json\/wp\/v2\/folder?post=865"}],"curies":[{"name":"wp","href":"https:\/\/api.w.org\/{rel}","templated":true}]}}