{"id":88,"date":"2019-12-19T10:54:08","date_gmt":"2019-12-19T09:54:08","guid":{"rendered":"https:\/\/mpk.kielce.pl\/wordpress\/?page_id=88"},"modified":"2025-02-28T09:21:26","modified_gmt":"2025-02-28T08:21:26","slug":"rozklad-jazdy-2","status":"publish","type":"page","link":"https:\/\/mpk.kielce.pl\/mpk\/rozklad-jazdy-2\/","title":{"rendered":"ROZK\u0141AD JAZDY"},"content":{"rendered":"\r\n<p align=\"justify\">\u00a0<\/p>\r\n\r\n\r\n\r\n<figure class=\"wp-block-table aligncenter\">\r\n<table id=\"rozklady_regularne\" class=\"has-subtle-pale-blue-background-color has-background\">\r\n<tbody>\r\n<tr>\r\n<td class=\"has-text-align-center\" data-align=\"center\"><a href=\"https:\/\/mpk.kielce.pl\/mpk\/wp-content\/uploads\/2020\/03\/201.pdf\"><img loading=\"lazy\" width=\"400\" height=\"499\" class=\"wp-image-315\" style=\"width: 150px;\" src=\"https:\/\/mpk.kielce.pl\/mpk\/wp-content\/uploads\/2020\/01\/Linia201.png\" alt=\"\" srcset=\"https:\/\/mpk.kielce.pl\/mpk\/wp-content\/uploads\/2020\/01\/Linia201.png 400w, https:\/\/mpk.kielce.pl\/mpk\/wp-content\/uploads\/2020\/01\/Linia201-240x300.png 240w\" sizes=\"(max-width: 400px) 100vw, 400px\" \/><\/a><br \/>CHMIELNIK<br \/>PRZEZ<br \/>BORK\u00d3W<\/td>\r\n<td class=\"has-text-align-center\" data-align=\"center\"><a href=\"https:\/\/mpk.kielce.pl\/mpk\/wp-content\/uploads\/2020\/03\/205.pdf\"><img loading=\"lazy\" width=\"240\" height=\"300\" class=\"alignnone wp-image-1083\" style=\"width: 150px;\" src=\"https:\/\/mpk.kielce.pl\/mpk\/wp-content\/uploads\/2020\/09\/Linia2051-240x300.png\" alt=\"\" srcset=\"https:\/\/mpk.kielce.pl\/mpk\/wp-content\/uploads\/2020\/09\/Linia2051-240x300.png 240w, https:\/\/mpk.kielce.pl\/mpk\/wp-content\/uploads\/2020\/09\/Linia2051.png 400w\" sizes=\"(max-width: 240px) 100vw, 240px\" \/><\/a><br \/>RAK\u00d3W<\/td>\r\n<\/tr>\r\n<tr>\r\n<td class=\"has-text-align-center\" data-align=\"center\"><a href=\"https:\/\/mpk.kielce.pl\/mpk\/wp-content\/uploads\/2020\/03\/206.pdf\"><img loading=\"lazy\" width=\"400\" height=\"499\" class=\"wp-image-312\" style=\"width: 150px;\" src=\"https:\/\/mpk.kielce.pl\/mpk\/wp-content\/uploads\/2020\/01\/Linia206.png\" alt=\"\" srcset=\"https:\/\/mpk.kielce.pl\/mpk\/wp-content\/uploads\/2020\/01\/Linia206.png 400w, https:\/\/mpk.kielce.pl\/mpk\/wp-content\/uploads\/2020\/01\/Linia206-240x300.png 240w\" sizes=\"(max-width: 400px) 100vw, 400px\" \/><\/a><br \/>\u0141AG\u00d3W<br \/><br \/><\/td>\r\n<td class=\"has-text-align-center\" data-align=\"center\"><a href=\"https:\/\/mpk.kielce.pl\/mpk\/wp-content\/uploads\/2020\/03\/208.pdf\"><img loading=\"lazy\" width=\"400\" height=\"499\" class=\"wp-image-314\" style=\"width: 150px;\" src=\"https:\/\/mpk.kielce.pl\/mpk\/wp-content\/uploads\/2020\/01\/Linia208.png\" alt=\"\" srcset=\"https:\/\/mpk.kielce.pl\/mpk\/wp-content\/uploads\/2020\/01\/Linia208.png 400w, https:\/\/mpk.kielce.pl\/mpk\/wp-content\/uploads\/2020\/01\/Linia208-240x300.png 240w\" sizes=\"(max-width: 400px) 100vw, 400px\" \/><\/a><br \/>BUSKO-ZDR\u00d3J<br \/>PRZEZ<br \/>CHMIELNIK<\/td>\r\n<\/tr>\r\n<\/tbody>\r\n<\/table>\r\n<\/figure>\r\n\r\n\r\n","protected":false},"excerpt":{"rendered":"<p>\u00a0 CHMIELNIKPRZEZBORK\u00d3W RAK\u00d3W \u0141AG\u00d3W BUSKO-ZDR\u00d3JPRZEZCHMIELNIK<\/p>\n","protected":false},"author":1,"featured_media":0,"parent":0,"menu_order":0,"comment_status":"closed","ping_status":"closed","template":"","meta":[],"folder":[],"aioseo_notices":[],"_links":{"self":[{"href":"https:\/\/mpk.kielce.pl\/mpk\/wp-json\/wp\/v2\/pages\/88"}],"collection":[{"href":"https:\/\/mpk.kielce.pl\/mpk\/wp-json\/wp\/v2\/pages"}],"about":[{"href":"https:\/\/mpk.kielce.pl\/mpk\/wp-json\/wp\/v2\/types\/page"}],"author":[{"embeddable":true,"href":"https:\/\/mpk.kielce.pl\/mpk\/wp-json\/wp\/v2\/users\/1"}],"replies":[{"embeddable":true,"href":"https:\/\/mpk.kielce.pl\/mpk\/wp-json\/wp\/v2\/comments?post=88"}],"version-history":[{"count":121,"href":"https:\/\/mpk.kielce.pl\/mpk\/wp-json\/wp\/v2\/pages\/88\/revisions"}],"predecessor-version":[{"id":3049,"href":"https:\/\/mpk.kielce.pl\/mpk\/wp-json\/wp\/v2\/pages\/88\/revisions\/3049"}],"wp:attachment":[{"href":"https:\/\/mpk.kielce.pl\/mpk\/wp-json\/wp\/v2\/media?parent=88"}],"wp:term":[{"taxonomy":"folder","embeddable":true,"href":"https:\/\/mpk.kielce.pl\/mpk\/wp-json\/wp\/v2\/folder?post=88"}],"curies":[{"name":"wp","href":"https:\/\/api.w.org\/{rel}","templated":true}]}}